{"id":86,"date":"2020-09-10T09:51:16","date_gmt":"2020-09-10T09:51:16","guid":{"rendered":"https:\/\/ciacandida.com\/?page_id=86"},"modified":"2025-03-05T13:24:10","modified_gmt":"2025-03-05T13:24:10","slug":"inicio","status":"publish","type":"page","link":"https:\/\/ciacandida.com\/fr\/","title":{"rendered":"Commencer"},"content":{"rendered":"<div data-elementor-type=\"wp-page\" data-elementor-id=\"86\" class=\"elementor elementor-86\">\n\t\t\t\t\t\t\t\t\t<section class=\"elementor-section elementor-top-section elementor-element elementor-element-7a6852ff elementor-section-height-min-height elementor-section-full_width elementor-section-height-default elementor-section-items-middle\" data-id=\"7a6852ff\" data-element_type=\"section\" data-settings=\"{&quot;background_background&quot;:&quot;slideshow&quot;,&quot;background_slideshow_gallery&quot;:[{&quot;id&quot;:1936,&quot;url&quot;:&quot;http:\\\/\\\/ciacandida.com\\\/wp-content\\\/uploads\\\/2023\\\/12\\\/Candida-a-la-Fenix-51-scaled-e1702206559170.jpg&quot;},{&quot;id&quot;:1792,&quot;url&quot;:&quot;http:\\\/\\\/ciacandida.com\\\/wp-content\\\/uploads\\\/2023\\\/12\\\/Copia-de-IMG_9406-scaled.jpg&quot;},{&quot;id&quot;:1796,&quot;url&quot;:&quot;http:\\\/\\\/ciacandida.com\\\/wp-content\\\/uploads\\\/2023\\\/12\\\/Copia-de-IMG_9537-scaled.jpg&quot;},{&quot;id&quot;:1798,&quot;url&quot;:&quot;http:\\\/\\\/ciacandida.com\\\/wp-content\\\/uploads\\\/2023\\\/12\\\/Copia-de-IMG_20221210_085200-scaled.jpg&quot;},{&quot;id&quot;:1802,&quot;url&quot;:&quot;http:\\\/\\\/ciacandida.com\\\/wp-content\\\/uploads\\\/2023\\\/12\\\/Copia-de-PhotoCollage_1670681525913.jpg&quot;}],&quot;background_slideshow_loop&quot;:&quot;yes&quot;,&quot;background_slideshow_slide_duration&quot;:5000,&quot;background_slideshow_slide_transition&quot;:&quot;fade&quot;,&quot;background_slideshow_transition_duration&quot;:500}\">\n\t\t\t\t\t\t\t<div class=\"elementor-background-overlay\"><\/div>\n\t\t\t\t\t\t\t<div class=\"elementor-container elementor-column-gap-default\">\n\t\t\t\t\t<div class=\"elementor-column elementor-col-50 elementor-top-column elementor-element elementor-element-2ce735f6\" data-id=\"2ce735f6\" data-element_type=\"column\">\n\t\t\t<div class=\"elementor-widget-wrap elementor-element-populated\">\n\t\t\t\t\t\t\t\t<section class=\"elementor-section elementor-inner-section elementor-element elementor-element-1d634a83 elementor-section-boxed elementor-section-height-default elementor-section-height-default\" data-id=\"1d634a83\" data-element_type=\"section\">\n\t\t\t\t\t\t<div class=\"elementor-container elementor-column-gap-default\">\n\t\t\t\t\t<div class=\"elementor-column elementor-col-100 elementor-inner-column elementor-element elementor-element-12dc721b\" data-id=\"12dc721b\" data-element_type=\"column\">\n\t\t\t<div class=\"elementor-widget-wrap elementor-element-populated\">\n\t\t\t\t\t\t\t\t<div class=\"elementor-element elementor-element-47e4fab elementor-invisible elementor-widget elementor-widget-heading\" data-id=\"47e4fab\" data-element_type=\"widget\" data-settings=\"{&quot;_animation&quot;:&quot;fadeIn&quot;}\" data-widget_type=\"heading.default\">\n\t\t\t\t<div class=\"elementor-widget-container\">\n\t\t\t<h1 class=\"elementor-heading-title elementor-size-small\">Compagnie de th\u00e9\u00e2tre \u00e0 Barcelone<\/h1>\t\t<\/div>\n\t\t\t\t<\/div>\n\t\t\t\t<div class=\"elementor-element elementor-element-7a450f62 elementor-invisible elementor-widget elementor-widget-text-editor\" data-id=\"7a450f62\" data-element_type=\"widget\" data-settings=\"{&quot;_animation&quot;:&quot;fadeIn&quot;,&quot;_animation_delay&quot;:200}\" data-widget_type=\"text-editor.default\">\n\t\t\t\t<div class=\"elementor-widget-container\">\n\t\t\t\t\t\t\t<p>Compagnie de th\u00e9\u00e2tre professionnelle de cr\u00e9ation contemporaine, cr\u00e9\u00e9e en 2018.<\/p>\t\t\t\t\t\t<\/div>\n\t\t\t\t<\/div>\n\t\t\t\t<div class=\"elementor-element elementor-element-76ed7c94 elementor-view-stacked elementor-widget__width-auto elementor-shape-circle elementor-invisible elementor-widget elementor-widget-icon\" data-id=\"76ed7c94\" data-element_type=\"widget\" data-settings=\"{&quot;_animation&quot;:&quot;fadeIn&quot;}\" data-widget_type=\"icon.default\">\n\t\t\t\t<div class=\"elementor-widget-container\">\n\t\t\t\t\t<div class=\"elementor-icon-wrapper\">\n\t\t\t<a class=\"elementor-icon\" href=\"https:\/\/www.youtube.com\/watch?v=4W7OSdB73X4\" target=\"_blank\" rel=\"nofollow noopener\">\n\t\t\t<i aria-hidden=\"true\" class=\"fas fa-play\"><\/i>\t\t\t<\/a>\n\t\t<\/div>\n\t\t\t\t<\/div>\n\t\t\t\t<\/div>\n\t\t\t\t<div class=\"elementor-element elementor-element-16ebaff0 elementor-widget__width-auto elementor-invisible elementor-widget elementor-widget-heading\" data-id=\"16ebaff0\" data-element_type=\"widget\" data-settings=\"{&quot;_animation&quot;:&quot;fadeInDown&quot;}\" data-widget_type=\"heading.default\">\n\t\t\t\t<div class=\"elementor-widget-container\">\n\t\t\t<h3 class=\"elementor-heading-title elementor-size-default\"><a href=\"https:\/\/www.youtube.com\/watch?v=rrlJiKFJSQY\" target=\"_blank\" rel=\"nofollow noopener\">Voir vid\u00e9o<\/a><\/h3>\t\t<\/div>\n\t\t\t\t<\/div>\n\t\t\t\t\t<\/div>\n\t\t<\/div>\n\t\t\t\t\t\t\t<\/div>\n\t\t<\/section>\n\t\t\t\t<section class=\"elementor-section elementor-inner-section elementor-element elementor-element-33c0a81 elementor-section-boxed elementor-section-height-default elementor-section-height-default\" data-id=\"33c0a81\" data-element_type=\"section\">\n\t\t\t\t\t\t<div class=\"elementor-container elementor-column-gap-default\">\n\t\t\t\t\t<div class=\"elementor-column elementor-col-100 elementor-inner-column elementor-element elementor-element-6611b7d\" data-id=\"6611b7d\" data-element_type=\"column\">\n\t\t\t<div class=\"elementor-widget-wrap elementor-element-populated\">\n\t\t\t\t\t\t\t\t<div class=\"elementor-element elementor-element-e638fe3 elementor-invisible elementor-widget elementor-widget-global elementor-global-3448 elementor-widget-text-editor\" data-id=\"e638fe3\" data-element_type=\"widget\" data-settings=\"{&quot;_animation&quot;:&quot;fadeIn&quot;,&quot;_animation_delay&quot;:200}\" data-widget_type=\"text-editor.default\">\n\t\t\t\t<div class=\"elementor-widget-container\">\n\t\t\t\t\t\t\t<p>Programme du kit num\u00e9rique :<\/p>\t\t\t\t\t\t<\/div>\n\t\t\t\t<\/div>\n\t\t\t\t<div class=\"elementor-element elementor-element-ac9d066 elementor-widget elementor-widget-image\" data-id=\"ac9d066\" data-element_type=\"widget\" data-widget_type=\"image.default\">\n\t\t\t\t<div class=\"elementor-widget-container\">\n\t\t\t\t\t\t\t\t\t\t\t\t\t\t\t<img decoding=\"async\" width=\"1304\" height=\"112\" src=\"https:\/\/ciacandida.com\/wp-content\/uploads\/2025\/03\/imagen-kit-digital.jpg\" class=\"attachment-full size-full wp-image-3440\" alt=\"\" srcset=\"https:\/\/ciacandida.com\/wp-content\/uploads\/2025\/03\/imagen-kit-digital.jpg 1304w, https:\/\/ciacandida.com\/wp-content\/uploads\/2025\/03\/imagen-kit-digital-18x2.jpg 18w\" sizes=\"(max-width: 1304px) 100vw, 1304px\" \/>\t\t\t\t\t\t\t\t\t\t\t\t\t\t\t<\/div>\n\t\t\t\t<\/div>\n\t\t\t\t\t<\/div>\n\t\t<\/div>\n\t\t\t\t\t\t\t<\/div>\n\t\t<\/section>\n\t\t\t\t\t<\/div>\n\t\t<\/div>\n\t\t\t\t<div class=\"elementor-column elementor-col-50 elementor-top-column elementor-element elementor-element-157566bb elementor-hidden-phone\" data-id=\"157566bb\" data-element_type=\"column\">\n\t\t\t<div class=\"elementor-widget-wrap\">\n\t\t\t\t\t\t\t\t\t<\/div>\n\t\t<\/div>\n\t\t\t\t\t\t\t<\/div>\n\t\t<\/section>\n\t\t\t\t<section class=\"elementor-section elementor-top-section elementor-element elementor-element-23a6789e elementor-section-boxed elementor-section-height-default elementor-section-height-default\" data-id=\"23a6789e\" data-element_type=\"section\" data-settings=\"{&quot;background_background&quot;:&quot;classic&quot;}\">\n\t\t\t\t\t\t<div class=\"elementor-container elementor-column-gap-default\">\n\t\t\t\t\t<div class=\"elementor-column elementor-col-50 elementor-top-column elementor-element elementor-element-76e47362\" data-id=\"76e47362\" data-element_type=\"column\">\n\t\t\t<div class=\"elementor-widget-wrap elementor-element-populated\">\n\t\t\t\t\t\t\t\t<div class=\"elementor-element elementor-element-ef901d7 elementor-widget elementor-widget-image\" data-id=\"ef901d7\" data-element_type=\"widget\" data-widget_type=\"image.default\">\n\t\t\t\t<div class=\"elementor-widget-container\">\n\t\t\t\t\t\t\t\t\t\t\t\t\t\t\t<img decoding=\"async\" width=\"1890\" height=\"1890\" src=\"https:\/\/ciacandida.com\/wp-content\/uploads\/2023\/12\/Candida-a-la-Fenix-25.jpg\" class=\"attachment-full size-full wp-image-1910\" alt=\"\" srcset=\"https:\/\/ciacandida.com\/wp-content\/uploads\/2023\/12\/Candida-a-la-Fenix-25.jpg 1890w, https:\/\/ciacandida.com\/wp-content\/uploads\/2023\/12\/Candida-a-la-Fenix-25-300x300.jpg 300w, https:\/\/ciacandida.com\/wp-content\/uploads\/2023\/12\/Candida-a-la-Fenix-25-1024x1024.jpg 1024w, https:\/\/ciacandida.com\/wp-content\/uploads\/2023\/12\/Candida-a-la-Fenix-25-150x150.jpg 150w, https:\/\/ciacandida.com\/wp-content\/uploads\/2023\/12\/Candida-a-la-Fenix-25-768x768.jpg 768w, https:\/\/ciacandida.com\/wp-content\/uploads\/2023\/12\/Candida-a-la-Fenix-25-1536x1536.jpg 1536w\" sizes=\"(max-width: 1890px) 100vw, 1890px\" \/>\t\t\t\t\t\t\t\t\t\t\t\t\t\t\t<\/div>\n\t\t\t\t<\/div>\n\t\t\t\t<div class=\"elementor-element elementor-element-7b149f0 elementor-widget elementor-widget-image\" data-id=\"7b149f0\" data-element_type=\"widget\" data-widget_type=\"image.default\">\n\t\t\t\t<div class=\"elementor-widget-container\">\n\t\t\t\t\t\t\t\t\t\t\t\t\t\t\t<img decoding=\"async\" width=\"1917\" height=\"2560\" src=\"https:\/\/ciacandida.com\/wp-content\/uploads\/2023\/12\/BDC-fotos-mes-de-nit-1-scaled.jpg\" class=\"attachment-full size-full wp-image-1952\" alt=\"\" srcset=\"https:\/\/ciacandida.com\/wp-content\/uploads\/2023\/12\/BDC-fotos-mes-de-nit-1-scaled.jpg 1917w, https:\/\/ciacandida.com\/wp-content\/uploads\/2023\/12\/BDC-fotos-mes-de-nit-1-1150x1536.jpg 1150w, https:\/\/ciacandida.com\/wp-content\/uploads\/2023\/12\/BDC-fotos-mes-de-nit-1-1534x2048.jpg 1534w\" sizes=\"(max-width: 1917px) 100vw, 1917px\" \/>\t\t\t\t\t\t\t\t\t\t\t\t\t\t\t<\/div>\n\t\t\t\t<\/div>\n\t\t\t\t\t<\/div>\n\t\t<\/div>\n\t\t\t\t<div class=\"elementor-column elementor-col-50 elementor-top-column elementor-element elementor-element-2adce343\" data-id=\"2adce343\" data-element_type=\"column\">\n\t\t\t<div class=\"elementor-widget-wrap elementor-element-populated\">\n\t\t\t\t\t\t\t\t<div class=\"elementor-element elementor-element-7475abb8 elementor-widget elementor-widget-text-editor\" data-id=\"7475abb8\" data-element_type=\"widget\" data-widget_type=\"text-editor.default\">\n\t\t\t\t<div class=\"elementor-widget-container\">\n\t\t\t\t\t\t\t<p>La compagnie C\u00e1ndida est n\u00e9e en 2018 directement des entrailles d&#039;Anna Tamayo qui a besoin de cr\u00e9ation sc\u00e9nique pour comprendre le monde et s&#039;y rapporter.<\/p><p>Un feu cr\u00e9atif ambiant l&#039;oblige \u00e0 mettre en sc\u00e8ne, \u00e0 l&#039;ext\u00e9rieur, ce qu&#039;il a en lui et qui ainsi na\u00eet. <strong><em>Candidose<\/em><\/strong>, le premier spectacle de la compagnie. Il s&#039;agit d&#039;un solo bas\u00e9 sur des \u00e9v\u00e9nements r\u00e9els sur la candidose vaginale qui justifie le peu de connaissances que nous avons sur le sujet et comment ce type de maladies \u00ab f\u00e9minines \u00bb sont promues \u00e0 partir de l&#039;inconscience patriarcale.<\/p><p><br \/>Le deuxi\u00e8me spectacle <strong><em>200 000 femmes,<\/em><\/strong>\u00a0Cr\u00e9\u00e9 avec \u00c1ngela Palacios, co-auteure et r\u00e9alisatrice, il s&#039;agit de la chasse aux sorci\u00e8res en Catalogne. Il est candidat \u00e0\u00a0<strong>Prix Max 2021 dans la cat\u00e9gorie Meilleure Actrice\u00a0<\/strong>et remporte divers prix au Concours Catbasur 2020, au Festival Esc\u00e8nia 2021 et \u00e0 la Mostra&#039;t Sandaru 2021.<\/p><p>Le troisi\u00e8me spectacle\u00a0<strong><em>Retourner chez soi,<\/em><\/strong> Cr\u00e9\u00e9 avec Albert Requena, il s&#039;adresse \u00e0 tous les publics et traite du deuil et de l&#039;accompagnement du deuil en famille.<\/p><p>La quatri\u00e8me cr\u00e9ation de l&#039;entreprise est <strong><em>Ma m\u00e8re en culotte<\/em><\/strong>, avec une dramaturgie de Raquel Loscos et une mise en sc\u00e8ne de Lali \u00c1lvarez, dans lequel Anna monte sur sc\u00e8ne avec sa vraie m\u00e8re Rosa Escalera et brise, naturellement et avec fra\u00eecheur, les faux mythes sur la maternit\u00e9. Le spectacle conna\u00eet un tel succ\u00e8s que le th\u00e9\u00e2tre propose une reprise et est s\u00e9lectionn\u00e9 par le programme du District Culturel de Barcelone.<\/p><p>Actuellement, l&#039;entreprise a ouvert plusieurs <strong>cours de formation<\/strong> <strong>en cr\u00e9ation et interpr\u00e9tation<\/strong> qui distillent la m\u00e9thodologie qui s\u2019est forg\u00e9e au fil des ann\u00e9es de cr\u00e9ation.\u00a0<\/p>\t\t\t\t\t\t<\/div>\n\t\t\t\t<\/div>\n\t\t\t\t\t<\/div>\n\t\t<\/div>\n\t\t\t\t\t\t\t<\/div>\n\t\t<\/section>\n\t\t\t\t<section class=\"elementor-section elementor-top-section elementor-element elementor-element-257596fa elementor-section-height-min-height elementor-section-boxed elementor-section-height-default elementor-section-items-middle\" data-id=\"257596fa\" data-element_type=\"section\" data-settings=\"{&quot;background_background&quot;:&quot;classic&quot;}\">\n\t\t\t\t\t\t\t<div class=\"elementor-background-overlay\"><\/div>\n\t\t\t\t\t\t\t<div class=\"elementor-container elementor-column-gap-default\">\n\t\t\t\t\t<div class=\"elementor-column elementor-col-100 elementor-top-column elementor-element elementor-element-3769ca74\" data-id=\"3769ca74\" data-element_type=\"column\">\n\t\t\t<div class=\"elementor-widget-wrap elementor-element-populated\">\n\t\t\t\t\t\t\t\t<section class=\"elementor-section elementor-inner-section elementor-element elementor-element-6db4ae55 elementor-section-boxed elementor-section-height-default elementor-section-height-default\" data-id=\"6db4ae55\" data-element_type=\"section\">\n\t\t\t\t\t\t<div class=\"elementor-container elementor-column-gap-default\">\n\t\t\t\t\t<div class=\"elementor-column elementor-col-100 elementor-inner-column elementor-element elementor-element-68cf63e0\" data-id=\"68cf63e0\" data-element_type=\"column\">\n\t\t\t<div class=\"elementor-widget-wrap elementor-element-populated\">\n\t\t\t\t\t\t\t\t<div class=\"elementor-element elementor-element-33d9eb59 elementor-widget__width-initial elementor-widget elementor-widget-heading\" data-id=\"33d9eb59\" data-element_type=\"widget\" data-widget_type=\"heading.default\">\n\t\t\t\t<div class=\"elementor-widget-container\">\n\t\t\t<h2 class=\"elementor-heading-title elementor-size-default\">Nos travaux<\/h2>\t\t<\/div>\n\t\t\t\t<\/div>\n\t\t\t\t<div class=\"elementor-element elementor-element-23efe8b elementor-widget__width-initial elementor-widget elementor-widget-text-editor\" data-id=\"23efe8b\" data-element_type=\"widget\" data-widget_type=\"text-editor.default\">\n\t\t\t\t<div class=\"elementor-widget-container\">\n\t\t\t\t\t\t\t<p>La compagnie travaille \u00e0 partir de l&#039;utilisation cathartique de l&#039;humour et de l&#039;exposition \u00e9motionnelle g\u00e9n\u00e9reuse de son actrice et alma mater Anna Tamayo.<\/p><p>Il se caract\u00e9rise par des productions th\u00e9\u00e2trales qui utilisent la com\u00e9die pour revoir le pass\u00e9 et donner la parole \u00e0 des histoires r\u00e9duites au silence.<\/p><p>\u00a0<\/p>\t\t\t\t\t\t<\/div>\n\t\t\t\t<\/div>\n\t\t\t\t\t<\/div>\n\t\t<\/div>\n\t\t\t\t\t\t\t<\/div>\n\t\t<\/section>\n\t\t\t\t\t<\/div>\n\t\t<\/div>\n\t\t\t\t\t\t\t<\/div>\n\t\t<\/section>\n\t\t\t\t<section class=\"elementor-section elementor-top-section elementor-element elementor-element-ccde110 elementor-section-boxed elementor-section-height-default elementor-section-height-default\" data-id=\"ccde110\" data-element_type=\"section\">\n\t\t\t\t\t\t<div class=\"elementor-container elementor-column-gap-default\">\n\t\t\t\t\t<div class=\"elementor-column elementor-col-100 elementor-top-column elementor-element elementor-element-2cf1fce\" data-id=\"2cf1fce\" data-element_type=\"column\">\n\t\t\t<div class=\"elementor-widget-wrap elementor-element-populated\">\n\t\t\t\t\t\t\t\t<div class=\"elementor-element elementor-element-68fe809 elementor-position-top elementor-widget elementor-widget-image-box\" data-id=\"68fe809\" data-element_type=\"widget\" data-widget_type=\"image-box.default\">\n\t\t\t\t<div class=\"elementor-widget-container\">\n\t\t\t<div class=\"elementor-image-box-wrapper\"><figure class=\"elementor-image-box-img\"><img decoding=\"async\" src=\"https:\/\/ciacandida.com\/wp-content\/plugins\/elementor\/assets\/images\/placeholder.png\" title=\"\" alt=\"\" loading=\"lazy\" \/><\/figure><div class=\"elementor-image-box-content\"><h3 class=\"elementor-image-box-title\">Ceci est l&#039;en-t\u00eate<\/h3><p class=\"elementor-image-box-description\">Lorem fistrum pour la gloire de ma m\u00e8re esse jarl aliqua emm\u00e8ne-moi au cirque. Concernant la prairie d&#039;Ullamco, que dites-vous ? Les choses vont tr\u00e8s mal.<\/p><\/div><\/div>\t\t<\/div>\n\t\t\t\t<\/div>\n\t\t\t\t\t<\/div>\n\t\t<\/div>\n\t\t\t\t\t\t\t<\/div>\n\t\t<\/section>\n\t\t\t\t<section class=\"elementor-section elementor-top-section elementor-element elementor-element-9248b6b elementor-section-boxed elementor-section-height-default elementor-section-height-default\" data-id=\"9248b6b\" data-element_type=\"section\">\n\t\t\t\t\t\t<div class=\"elementor-container elementor-column-gap-default\">\n\t\t\t\t\t<div class=\"elementor-column elementor-col-100 elementor-top-column elementor-element elementor-element-b2b362a\" data-id=\"b2b362a\" data-element_type=\"column\">\n\t\t\t<div class=\"elementor-widget-wrap\">\n\t\t\t\t\t\t\t\t\t<\/div>\n\t\t<\/div>\n\t\t\t\t\t\t\t<\/div>\n\t\t<\/section>\n\t\t\t\t<section class=\"elementor-section elementor-inner-section elementor-element elementor-element-4d4371f1 elementor-section-boxed elementor-section-height-default elementor-section-height-default\" data-id=\"4d4371f1\" data-element_type=\"section\">\n\t\t\t\t\t\t<div class=\"elementor-container elementor-column-gap-default\">\n\t\t\t\t\t<div class=\"elementor-column elementor-col-100 elementor-inner-column elementor-element elementor-element-154d4a69\" data-id=\"154d4a69\" data-element_type=\"column\">\n\t\t\t<div class=\"elementor-widget-wrap elementor-element-populated\">\n\t\t\t\t\t\t\t\t<div class=\"elementor-element elementor-element-67df111e elementor-invisible elementor-widget elementor-widget-global elementor-global-3448 elementor-widget-text-editor\" data-id=\"67df111e\" data-element_type=\"widget\" data-settings=\"{&quot;_animation&quot;:&quot;fadeIn&quot;,&quot;_animation_delay&quot;:200}\" data-widget_type=\"text-editor.default\">\n\t\t\t\t<div class=\"elementor-widget-container\">\n\t\t\t\t\t\t\t<p>Programme du kit num\u00e9rique :<\/p>\t\t\t\t\t\t<\/div>\n\t\t\t\t<\/div>\n\t\t\t\t<div class=\"elementor-element elementor-element-68fdc4ae elementor-widget elementor-widget-image\" data-id=\"68fdc4ae\" data-element_type=\"widget\" data-widget_type=\"image.default\">\n\t\t\t\t<div class=\"elementor-widget-container\">\n\t\t\t\t\t\t\t\t\t\t\t\t\t\t\t<img decoding=\"async\" width=\"1304\" height=\"112\" src=\"https:\/\/ciacandida.com\/wp-content\/uploads\/2025\/03\/imagen-kit-digital.jpg\" class=\"attachment-full size-full wp-image-3440\" alt=\"\" srcset=\"https:\/\/ciacandida.com\/wp-content\/uploads\/2025\/03\/imagen-kit-digital.jpg 1304w, https:\/\/ciacandida.com\/wp-content\/uploads\/2025\/03\/imagen-kit-digital-18x2.jpg 18w\" sizes=\"(max-width: 1304px) 100vw, 1304px\" \/>\t\t\t\t\t\t\t\t\t\t\t\t\t\t\t<\/div>\n\t\t\t\t<\/div>\n\t\t\t\t\t<\/div>\n\t\t<\/div>\n\t\t\t\t\t\t\t<\/div>\n\t\t<\/section>\n\t\t\t\t\t\t\t<\/div>","protected":false},"excerpt":{"rendered":"<p>Compagnie de th\u00e9\u00e2tre contemporain professionnel fond\u00e9e en 2018. Visionnez la vid\u00e9o. Programme du kit num\u00e9rique\u00a0: La compagnie C\u00e1ndida est n\u00e9e en 2018, directement du c\u0153ur de [\u2026]<\/p>","protected":false},"author":1,"featured_media":1757,"parent":0,"menu_order":0,"comment_status":"closed","ping_status":"closed","template":"elementor_header_footer","meta":{"footnotes":""},"_links":{"self":[{"href":"https:\/\/ciacandida.com\/fr\/wp-json\/wp\/v2\/pages\/86"}],"collection":[{"href":"https:\/\/ciacandida.com\/fr\/wp-json\/wp\/v2\/pages"}],"about":[{"href":"https:\/\/ciacandida.com\/fr\/wp-json\/wp\/v2\/types\/page"}],"author":[{"embeddable":true,"href":"https:\/\/ciacandida.com\/fr\/wp-json\/wp\/v2\/users\/1"}],"replies":[{"embeddable":true,"href":"https:\/\/ciacandida.com\/fr\/wp-json\/wp\/v2\/comments?post=86"}],"version-history":[{"count":174,"href":"https:\/\/ciacandida.com\/fr\/wp-json\/wp\/v2\/pages\/86\/revisions"}],"predecessor-version":[{"id":3464,"href":"https:\/\/ciacandida.com\/fr\/wp-json\/wp\/v2\/pages\/86\/revisions\/3464"}],"wp:featuredmedia":[{"embeddable":true,"href":"https:\/\/ciacandida.com\/fr\/wp-json\/wp\/v2\/media\/1757"}],"wp:attachment":[{"href":"https:\/\/ciacandida.com\/fr\/wp-json\/wp\/v2\/media?parent=86"}],"curies":[{"name":"wp","href":"https:\/\/api.w.org\/{rel}","templated":true}]}}