{"id":2567,"date":"2023-12-11T19:38:17","date_gmt":"2023-12-11T19:38:17","guid":{"rendered":"https:\/\/ciacandida.com\/?page_id=2567"},"modified":"2024-07-09T10:50:30","modified_gmt":"2024-07-09T10:50:30","slug":"cv-merce-alegre-bastida","status":"publish","type":"page","link":"https:\/\/ciacandida.com\/fr\/cv-merce-alegre-bastida\/","title":{"rendered":"Merc\u00e8 Alegre Bastida"},"content":{"rendered":"<div data-elementor-type=\"wp-page\" data-elementor-id=\"2567\" class=\"elementor elementor-2567\">\n\t\t\t\t\t\t\t\t\t<section class=\"elementor-section elementor-top-section elementor-element elementor-element-a2f95d9 elementor-section-height-min-height elementor-section-boxed elementor-section-height-default elementor-section-items-middle\" data-id=\"a2f95d9\" data-element_type=\"section\" data-settings=\"{&quot;background_background&quot;:&quot;classic&quot;}\">\n\t\t\t\t\t\t\t<div class=\"elementor-background-overlay\"><\/div>\n\t\t\t\t\t\t\t<div class=\"elementor-container elementor-column-gap-default\">\n\t\t\t\t\t<div class=\"elementor-column elementor-col-100 elementor-top-column elementor-element elementor-element-3f78370\" data-id=\"3f78370\" data-element_type=\"column\">\n\t\t\t<div class=\"elementor-widget-wrap elementor-element-populated\">\n\t\t\t\t\t\t\t\t<div class=\"elementor-element elementor-element-ff302cc elementor-widget elementor-widget-heading\" data-id=\"ff302cc\" data-element_type=\"widget\" data-widget_type=\"heading.default\">\n\t\t\t\t<div class=\"elementor-widget-container\">\n\t\t\t<h2 class=\"elementor-heading-title elementor-size-default\">Nous<\/h2>\t\t<\/div>\n\t\t\t\t<\/div>\n\t\t\t\t\t<\/div>\n\t\t<\/div>\n\t\t\t\t\t\t\t<\/div>\n\t\t<\/section>\n\t\t\t\t<section class=\"elementor-section elementor-top-section elementor-element elementor-element-3c075987 elementor-section-full_width elementor-section-content-middle elementor-section-height-default elementor-section-height-default\" data-id=\"3c075987\" data-element_type=\"section\" data-settings=\"{&quot;background_background&quot;:&quot;classic&quot;}\">\n\t\t\t\t\t\t<div class=\"elementor-container elementor-column-gap-no\">\n\t\t\t\t\t<div class=\"elementor-column elementor-col-50 elementor-top-column elementor-element elementor-element-c331eba\" data-id=\"c331eba\" data-element_type=\"column\">\n\t\t\t<div class=\"elementor-widget-wrap elementor-element-populated\">\n\t\t\t\t\t\t\t\t<div class=\"elementor-element elementor-element-404da85c elementor-widget__width-initial elementor-widget elementor-widget-text-editor\" data-id=\"404da85c\" data-element_type=\"widget\" data-widget_type=\"text-editor.default\">\n\t\t\t\t<div class=\"elementor-widget-container\">\n\t\t\t\t\t\t\t<h1><span style=\"color: #808080;\">Merc\u00e8 Alegre Bastida<\/span><\/h1><p><span style=\"color: #808080;\">Art-th\u00e9rapeute, plasticien, \u00e9crivain et \u00e9ducateur. Dipl\u00f4m\u00e9e du master en Art-Th\u00e9rapie Transdisciplinaire de l&#039;IATBA et dipl\u00f4m\u00e9e en Sciences Humaines de l&#039;Universit\u00e9 Pompeu Fabra de Barcelone.<\/span><\/p><p><span style=\"color: #808080;\">Membre des Comares, co-auteur du livre <em>Apr\u00e8s la mise au point<\/em>. Effectue diverses performances d\u2019art th\u00e9rapeutique (<i>La vache du printemps<\/i> au Caixa F\u00f2rum, <i>dents de lapin<\/i> dans le Pati Llimona et <i>Oh mon Dieu, o\u00f9 es-tu ?<\/i> \u00e0 l&#039;IATBA) et participe \u00e0 diverses expositions collectives (<i>R\u00e9union<\/i> au Cercle Artistique de Sant Lluc et <i>Nous. Resignifier nos corps<\/i> \u00e0 la Maison Sagnier).\u00a0<\/span><\/p><p><span style=\"color: #808080;\">Elle travaille comme b\u00e9n\u00e9vole dans diff\u00e9rentes communaut\u00e9s th\u00e9rapeutiques aux \u00c9tats-Unis et au Canada. Elle travaille comme professeur d&#039;anglais \u00e0 l&#039;institut Quatre Cantons de Barcelone. Elle r\u00e9alise des visites guid\u00e9es et des ateliers p\u00e9dagogiques dans diff\u00e9rentes entit\u00e9s culturelles de Barcelone et des environs (Caves Freixenet, Gran Teatro del Liceo, Mus\u00e9e d&#039;Histoire de Catalogne, Palau G\u00fcell, Casa Vicens). ). R\u00e9aliser des s\u00e9ances d&#039;art-th\u00e9rapie aupr\u00e8s d&#039;enfants et d&#039;adultes atteints d&#039;IFD (diversit\u00e9 fonctionnelle intellectuelle), animer l&#039;atelier de cr\u00e9ation th\u00e9rapeutique <i>La femme arbre<\/i> dans l&#039;Espace La Tregua et contribue par un art th\u00e9rapeutique soign\u00e9 \u00e0 la cr\u00e9ation de <i>Laura<\/i> de Gemma Farriols, performance autobiographique sur les violences sexistes. Accompagner le processus cr\u00e9atif et \u00e9motionnel d&#039;Anna Tamayo dans <i>Candidose<\/i>, travaille comme documentariste \u00e0 <i>200 000 femmes<\/i> et accompagne le processus cr\u00e9atif et \u00e9motionnel d&#039;Anna et Rosa, m\u00e8re et fille, dans <i>Ma m\u00e8re en culotte<\/i>.\u00a0<\/span><\/p><p><span style=\"color: #808080;\">Elle travaille actuellement \u00e0 l&#039;\u00e9cole Lola Anglada d&#039;Espluggues de Llobregat en tant que conseill\u00e8re artistique pour les enfants de 3 \u00e0 12 ans (\u00e9cole maternelle et primaire) et anime des ateliers d&#039;art-th\u00e9rapie pour les personnes en deuil.<\/span><\/p>\t\t\t\t\t\t<\/div>\n\t\t\t\t<\/div>\n\t\t\t\t\t<\/div>\n\t\t<\/div>\n\t\t\t\t<div class=\"elementor-column elementor-col-50 elementor-top-column elementor-element elementor-element-1cdd0dc0\" data-id=\"1cdd0dc0\" data-element_type=\"column\">\n\t\t\t<div class=\"elementor-widget-wrap elementor-element-populated\">\n\t\t\t\t\t\t\t\t<div class=\"elementor-element elementor-element-9546bd5 elementor-widget elementor-widget-image\" data-id=\"9546bd5\" data-element_type=\"widget\" data-widget_type=\"image.default\">\n\t\t\t\t<div class=\"elementor-widget-container\">\n\t\t\t\t\t\t\t\t\t\t\t\t\t\t\t<img decoding=\"async\" width=\"1707\" height=\"2560\" src=\"https:\/\/ciacandida.com\/wp-content\/uploads\/2024\/07\/IMG_2293-scaled.jpg\" class=\"attachment-full size-full wp-image-3220\" alt=\"\" srcset=\"https:\/\/ciacandida.com\/wp-content\/uploads\/2024\/07\/IMG_2293-scaled.jpg 1707w, https:\/\/ciacandida.com\/wp-content\/uploads\/2024\/07\/IMG_2293-1024x1536.jpg 1024w, https:\/\/ciacandida.com\/wp-content\/uploads\/2024\/07\/IMG_2293-1365x2048.jpg 1365w, https:\/\/ciacandida.com\/wp-content\/uploads\/2024\/07\/IMG_2293-8x12.jpg 8w\" sizes=\"(max-width: 1707px) 100vw, 1707px\" \/>\t\t\t\t\t\t\t\t\t\t\t\t\t\t\t<\/div>\n\t\t\t\t<\/div>\n\t\t\t\t\t<\/div>\n\t\t<\/div>\n\t\t\t\t\t\t\t<\/div>\n\t\t<\/section>\n\t\t\t\t\t\t\t<\/div>","protected":false},"excerpt":{"rendered":"<p>Us Merc\u00e8 Alegre Bastida Art-th\u00e9rapeute, plasticienne, \u00e9crivain et p\u00e9dagogue. Dipl\u00f4m\u00e9 du master d&#039;Art-Th\u00e9rapie Transdisciplinaire de l&#039;IATBA et dipl\u00f4m\u00e9 en Sciences Humaines de l&#039;Universit\u00e9 Pompeu Fabra, [\u2026]<\/p>","protected":false},"author":1,"featured_media":0,"parent":0,"menu_order":0,"comment_status":"closed","ping_status":"closed","template":"elementor_header_footer","meta":{"footnotes":""},"_links":{"self":[{"href":"https:\/\/ciacandida.com\/fr\/wp-json\/wp\/v2\/pages\/2567"}],"collection":[{"href":"https:\/\/ciacandida.com\/fr\/wp-json\/wp\/v2\/pages"}],"about":[{"href":"https:\/\/ciacandida.com\/fr\/wp-json\/wp\/v2\/types\/page"}],"author":[{"embeddable":true,"href":"https:\/\/ciacandida.com\/fr\/wp-json\/wp\/v2\/users\/1"}],"replies":[{"embeddable":true,"href":"https:\/\/ciacandida.com\/fr\/wp-json\/wp\/v2\/comments?post=2567"}],"version-history":[{"count":26,"href":"https:\/\/ciacandida.com\/fr\/wp-json\/wp\/v2\/pages\/2567\/revisions"}],"predecessor-version":[{"id":3223,"href":"https:\/\/ciacandida.com\/fr\/wp-json\/wp\/v2\/pages\/2567\/revisions\/3223"}],"wp:attachment":[{"href":"https:\/\/ciacandida.com\/fr\/wp-json\/wp\/v2\/media?parent=2567"}],"curies":[{"name":"wp","href":"https:\/\/api.w.org\/{rel}","templated":true}]}}