{"id":2566,"date":"2023-12-11T19:35:27","date_gmt":"2023-12-11T19:35:27","guid":{"rendered":"https:\/\/ciacandida.com\/?page_id=2566"},"modified":"2024-07-09T10:04:52","modified_gmt":"2024-07-09T10:04:52","slug":"cv-anna-tamayo-escalera","status":"publish","type":"page","link":"https:\/\/ciacandida.com\/fr\/cv-anna-tamayo-escalera\/","title":{"rendered":"Anna Tamayo Escalera"},"content":{"rendered":"<div data-elementor-type=\"wp-page\" data-elementor-id=\"2566\" class=\"elementor elementor-2566\">\n\t\t\t\t\t\t\t\t\t<section class=\"elementor-section elementor-top-section elementor-element elementor-element-a2f95d9 elementor-section-height-min-height elementor-section-boxed elementor-section-height-default elementor-section-items-middle\" data-id=\"a2f95d9\" data-element_type=\"section\" data-settings=\"{&quot;background_background&quot;:&quot;classic&quot;}\">\n\t\t\t\t\t\t\t<div class=\"elementor-background-overlay\"><\/div>\n\t\t\t\t\t\t\t<div class=\"elementor-container elementor-column-gap-default\">\n\t\t\t\t\t<div class=\"elementor-column elementor-col-100 elementor-top-column elementor-element elementor-element-3f78370\" data-id=\"3f78370\" data-element_type=\"column\">\n\t\t\t<div class=\"elementor-widget-wrap elementor-element-populated\">\n\t\t\t\t\t\t\t\t<div class=\"elementor-element elementor-element-ff302cc elementor-widget elementor-widget-heading\" data-id=\"ff302cc\" data-element_type=\"widget\" data-widget_type=\"heading.default\">\n\t\t\t\t<div class=\"elementor-widget-container\">\n\t\t\t<h2 class=\"elementor-heading-title elementor-size-default\">Nous<\/h2>\t\t<\/div>\n\t\t\t\t<\/div>\n\t\t\t\t\t<\/div>\n\t\t<\/div>\n\t\t\t\t\t\t\t<\/div>\n\t\t<\/section>\n\t\t\t\t<section class=\"elementor-section elementor-top-section elementor-element elementor-element-2e52d1d8 elementor-section-full_width elementor-section-content-middle elementor-section-height-default elementor-section-height-default\" data-id=\"2e52d1d8\" data-element_type=\"section\">\n\t\t\t\t\t\t<div class=\"elementor-container elementor-column-gap-no\">\n\t\t\t\t\t<div class=\"elementor-column elementor-col-50 elementor-top-column elementor-element elementor-element-58f54ba3\" data-id=\"58f54ba3\" data-element_type=\"column\">\n\t\t\t<div class=\"elementor-widget-wrap elementor-element-populated\">\n\t\t\t\t\t\t\t\t<div class=\"elementor-element elementor-element-5f0e82ee elementor-widget__width-initial elementor-widget elementor-widget-text-editor\" data-id=\"5f0e82ee\" data-element_type=\"widget\" data-widget_type=\"text-editor.default\">\n\t\t\t\t<div class=\"elementor-widget-container\">\n\t\t\t\t\t\t\t<h1>Anna Tamayo Escalera<\/h1><p>Candidate de la meilleure actrice aux Max Awards 2021 pour son travail dans <em>200 000 femmes<\/em>.\u00a0<\/p><p>Graduada en Arte Dram\u00e1tico por el Col\u00b7legi de Teatre, sigue su formaci\u00f3n con Txiki Berraondo, Manuel Lillo, Nelson Valente, el Instituto del Teatro, Marcet Voice Studio, Moreno Bernardi, Andrea Jim\u00e9nez, Oskar Luko en Barcelona y Guillermo Angelelli y Daniel Veronesse \u00e0 Buenos Aires.<\/p><p>En 2018, il fonde sa propre compagnie de th\u00e9\u00e2tre, C\u00eda C\u00e1ndida, apr\u00e8s avoir cr\u00e9\u00e9, produit, jou\u00e9 et mis en sc\u00e8ne son premier solo. <i>Candidose<\/i>. Co-cr\u00e9er <i>200 000 femmes<\/i> avec \u00c1ngela Palacios, un spectacle qui remporte de nombreux prix, est s\u00e9lectionn\u00e9 par le District Culturel de Barcelone au printemps 2022 et voyage en Argentine en f\u00e9vrier 2023. Co-cr\u00e9e, avec Albert Requena, le spectacle familial <i>Retourner chez soi<\/i> qui remplit diverses fonctions dans les \u00e9quipements culturels de la ville de Barcelone. Et la derni\u00e8re production de l&#039;entreprise <i>Ma m\u00e8re en culotte<\/i>, \u00e9crit par Raquel Loscos et mis en sc\u00e8ne par Lali \u00c1lvarez, est s\u00e9lectionn\u00e9 pour l&#039;appel \u00ab On el teatre batega \u00bb et est expos\u00e9 dans la salle Atic22 du Teatre Tantarantana. Gr\u00e2ce au succ\u00e8s du public, le spectacle est prolong\u00e9 dans la salle Baixos du Teatre Tantarantana et est s\u00e9lectionn\u00e9 par le District Culturel de Barcelone pour le printemps 2024.<\/p><p>Elle participe comme actrice et cr\u00e9atrice aux spectacles de la C\u00eda Casa Real jusqu&#039;en 2018. Elle fait quelques tourn\u00e9es scolaires en fran\u00e7ais avec le Teatre del Repartidor et travaille comme actrice dans les th\u00e9\u00e2tres-forums de <a href=\"https:\/\/nus.coop\/?lang=es\" target=\"_blank\" rel=\"noopener\"><b>Coop\u00e9rative Nus<\/b><\/a> jusqu&#039;en 2020.<\/p><p>Dans le domaine audiovisuel, il participe \u00e0 plusieurs courts m\u00e9trages et webs\u00e9ries (Big bank, Las Des). Son travail dans la s\u00e9rie Betev\u00e9 se d\u00e9marque <a href=\"https:\/\/beteve.cat\/tube-destrena\/caracter-lechuga-pilotant-el-pilot\/\" target=\"_blank\" rel=\"noopener\"><b>Caract\u00e8re de laitue<\/b><\/a> s\u00e9lectionn\u00e9 par le Tube d&#039;assaig, son passage sur TV3 dans le <a href=\"https:\/\/www.youtube.com\/watch?v=nq9pdMbA6KI\" target=\"_blank\" rel=\"noopener\"><b>APM Le monde aujourd&#039;hui 104 <\/b><\/a>et <a href=\"https:\/\/www.instagram.com\/reel\/CsvUI_mKCz9\/?utm_source=ig_web_copy_link&amp;igshid=MzRlODBiNWFlZA==\" target=\"_blank\" rel=\"noopener\"><b>Comme si tu \u00e9tais l\u00e0.<\/b><\/a><\/p><p>Sur le plan p\u00e9dagogique, elle a travaill\u00e9 pendant des ann\u00e9es chez Artistes P\u00e9dagogs en tant que coordinatrice et professeur de th\u00e9\u00e2tre dans une \u00e9cole secondaire, dirigeant des processus cr\u00e9atifs avec de jeunes adolescents dans diff\u00e9rents instituts de Barcelone. Elle a particip\u00e9 en tant que professeur de th\u00e9\u00e2tre, cr\u00e9atrice, metteuse en sc\u00e8ne et com\u00e9dienne au projet de cr\u00e9ation de la communaut\u00e9 europ\u00e9enne <a href=\"https:\/\/www.salafenix.com\/dan-the-net\/\" target=\"_blank\" rel=\"noopener\"><b>Dan.The.Net.<\/b><\/a> et participez \u00e0 la nouvelle \u00e9dition intitul\u00e9e CREA.RE. Elle travaille comme professeur dipl\u00f4m\u00e9e et professionnelle d&#039;interpr\u00e9tation et comme directrice de mise en sc\u00e8ne au Complot Esc\u00e1nico de 2020 \u00e0 2023 et dirige le groupe de mise en sc\u00e8ne avec des adultes pendant l&#039;ann\u00e9e acad\u00e9mique 2022\/23 \u00e0 L&#039;Aut\u00e8ntica pr\u00e9sentant la cr\u00e9ation collective. <i>L&#039;amour est dans l&#039;air. <\/i>Faites partie de l&#039;\u00e9quipe <strong>Service \u00e9ducatif du Th\u00e9\u00e2tre National de Catalogne<\/strong>, participant \u00e0 titre de directeur adjoint du projet communautaire <em>Escorter le bon<\/em> (juin 2024) dirig\u00e9 par Pere Borrell et en tant que directeur du projet qui sera r\u00e9alis\u00e9 au cours du troisi\u00e8me trimestre de l&#039;ann\u00e9e acad\u00e9mique 2024\/25.<\/p><p>Elle dirige actuellement l&#039;atelier de th\u00e9\u00e2tre du centre d&#039;inclusion sociale pour la sant\u00e9 mentale Septiclub, le groupe de jeunes et d&#039;enfants de l&#039;\u00e9cole de th\u00e9\u00e2tre Sensedrama del Casino (St. Andreu de la Barca) et est professeur de th\u00e9\u00e2tre ind\u00e9pendant \u00e0 Barcelone et donne deux cours. con\u00e7u par elle et sa collaboratrice r\u00e9guli\u00e8re Merc\u00e8 Alegre : <em>Formation d&#039;acteur et production th\u00e9\u00e2trale<\/em> et <em>Laboratoire Muta!<\/em>.<\/p>\t\t\t\t\t\t<\/div>\n\t\t\t\t<\/div>\n\t\t\t\t\t<\/div>\n\t\t<\/div>\n\t\t\t\t<div class=\"elementor-column elementor-col-50 elementor-top-column elementor-element elementor-element-5ef5c525\" data-id=\"5ef5c525\" data-element_type=\"column\">\n\t\t\t<div class=\"elementor-widget-wrap elementor-element-populated\">\n\t\t\t\t\t\t\t\t<div class=\"elementor-element elementor-element-ef14fb3 elementor-widget elementor-widget-image\" data-id=\"ef14fb3\" data-element_type=\"widget\" data-widget_type=\"image.default\">\n\t\t\t\t<div class=\"elementor-widget-container\">\n\t\t\t\t\t\t\t\t\t\t\t\t\t\t\t<img decoding=\"async\" width=\"1920\" height=\"2560\" src=\"https:\/\/ciacandida.com\/wp-content\/uploads\/2023\/12\/Anna-Tamayo-Book0431-min-scaled.jpg\" class=\"attachment-full size-full wp-image-2060\" alt=\"\" srcset=\"https:\/\/ciacandida.com\/wp-content\/uploads\/2023\/12\/Anna-Tamayo-Book0431-min-scaled.jpg 1920w, https:\/\/ciacandida.com\/wp-content\/uploads\/2023\/12\/Anna-Tamayo-Book0431-min-1152x1536.jpg 1152w, https:\/\/ciacandida.com\/wp-content\/uploads\/2023\/12\/Anna-Tamayo-Book0431-min-1536x2048.jpg 1536w\" sizes=\"(max-width: 1920px) 100vw, 1920px\" \/>\t\t\t\t\t\t\t\t\t\t\t\t\t\t\t<\/div>\n\t\t\t\t<\/div>\n\t\t\t\t\t<\/div>\n\t\t<\/div>\n\t\t\t\t\t\t\t<\/div>\n\t\t<\/section>\n\t\t\t\t\t\t\t<\/div>","protected":false},"excerpt":{"rendered":"<p>Nous Anna Tamayo Escalera candidate \u00e0 la meilleure actrice aux Max Awards 2021 pour son travail dans 200 000 femmes. Dipl\u00f4m\u00e9e en Art Dramatique du Col\u00b7legi de Teatre, elle poursuit ses \u00e9tudes [\u2026]<\/p>","protected":false},"author":1,"featured_media":0,"parent":0,"menu_order":0,"comment_status":"closed","ping_status":"closed","template":"elementor_header_footer","meta":{"footnotes":""},"_links":{"self":[{"href":"https:\/\/ciacandida.com\/fr\/wp-json\/wp\/v2\/pages\/2566"}],"collection":[{"href":"https:\/\/ciacandida.com\/fr\/wp-json\/wp\/v2\/pages"}],"about":[{"href":"https:\/\/ciacandida.com\/fr\/wp-json\/wp\/v2\/types\/page"}],"author":[{"embeddable":true,"href":"https:\/\/ciacandida.com\/fr\/wp-json\/wp\/v2\/users\/1"}],"replies":[{"embeddable":true,"href":"https:\/\/ciacandida.com\/fr\/wp-json\/wp\/v2\/comments?post=2566"}],"version-history":[{"count":45,"href":"https:\/\/ciacandida.com\/fr\/wp-json\/wp\/v2\/pages\/2566\/revisions"}],"predecessor-version":[{"id":3216,"href":"https:\/\/ciacandida.com\/fr\/wp-json\/wp\/v2\/pages\/2566\/revisions\/3216"}],"wp:attachment":[{"href":"https:\/\/ciacandida.com\/fr\/wp-json\/wp\/v2\/media?parent=2566"}],"curies":[{"name":"wp","href":"https:\/\/api.w.org\/{rel}","templated":true}]}}