{"id":2513,"date":"2023-12-10T17:48:57","date_gmt":"2023-12-10T17:48:57","guid":{"rendered":"https:\/\/ciacandida.com\/?page_id=2513"},"modified":"2024-07-08T14:40:57","modified_gmt":"2024-07-08T14:40:57","slug":"laboratorio-de-creacion-teatral","status":"publish","type":"page","link":"https:\/\/ciacandida.com\/fr\/laboratorio-de-creacion-teatral\/","title":{"rendered":"Laboratoire de cr\u00e9ation th\u00e9\u00e2trale"},"content":{"rendered":"<div data-elementor-type=\"wp-page\" data-elementor-id=\"2513\" class=\"elementor elementor-2513\">\n\t\t\t\t\t\t\t\t\t<section class=\"elementor-section elementor-top-section elementor-element elementor-element-7a6852ff elementor-section-height-min-height elementor-section-full_width elementor-section-height-default elementor-section-items-middle\" data-id=\"7a6852ff\" data-element_type=\"section\" data-settings=\"{&quot;background_background&quot;:&quot;classic&quot;}\">\n\t\t\t\t\t\t\t<div class=\"elementor-background-overlay\"><\/div>\n\t\t\t\t\t\t\t<div class=\"elementor-container elementor-column-gap-default\">\n\t\t\t\t\t<div class=\"elementor-column elementor-col-50 elementor-top-column elementor-element elementor-element-2ce735f6\" data-id=\"2ce735f6\" data-element_type=\"column\">\n\t\t\t<div class=\"elementor-widget-wrap elementor-element-populated\">\n\t\t\t\t\t\t\t\t<section class=\"elementor-section elementor-inner-section elementor-element elementor-element-1d634a83 elementor-section-boxed elementor-section-height-default elementor-section-height-default\" data-id=\"1d634a83\" data-element_type=\"section\">\n\t\t\t\t\t\t<div class=\"elementor-container elementor-column-gap-default\">\n\t\t\t\t\t<div class=\"elementor-column elementor-col-100 elementor-inner-column elementor-element elementor-element-12dc721b\" data-id=\"12dc721b\" data-element_type=\"column\">\n\t\t\t<div class=\"elementor-widget-wrap elementor-element-populated\">\n\t\t\t\t\t\t\t\t<div class=\"elementor-element elementor-element-6b3707b5 elementor-invisible elementor-widget elementor-widget-heading\" data-id=\"6b3707b5\" data-element_type=\"widget\" data-settings=\"{&quot;_animation&quot;:&quot;fadeIn&quot;}\" data-widget_type=\"heading.default\">\n\t\t\t\t<div class=\"elementor-widget-container\">\n\t\t\t<h1 class=\"elementor-heading-title elementor-size-small\">Laboratoire de cr\u00e9ation th\u00e9\u00e2trale<\/h1>\t\t<\/div>\n\t\t\t\t<\/div>\n\t\t\t\t<div class=\"elementor-element elementor-element-7a450f62 elementor-invisible elementor-widget elementor-widget-text-editor\" data-id=\"7a450f62\" data-element_type=\"widget\" data-settings=\"{&quot;_animation&quot;:&quot;fadeIn&quot;,&quot;_animation_delay&quot;:200}\" data-widget_type=\"text-editor.default\">\n\t\t\t\t<div class=\"elementor-widget-container\">\n\t\t\t\t\t\t\t<p>Le laboratoire se concentrera sur le d\u00e9veloppement personnel de chaque \u00e9tudiant, dans le respect de sa d\u00e9marche individuelle.\u00a0<\/p>\t\t\t\t\t\t<\/div>\n\t\t\t\t<\/div>\n\t\t\t\t\t<\/div>\n\t\t<\/div>\n\t\t\t\t\t\t\t<\/div>\n\t\t<\/section>\n\t\t\t\t\t<\/div>\n\t\t<\/div>\n\t\t\t\t<div class=\"elementor-column elementor-col-50 elementor-top-column elementor-element elementor-element-157566bb elementor-hidden-phone\" data-id=\"157566bb\" data-element_type=\"column\">\n\t\t\t<div class=\"elementor-widget-wrap\">\n\t\t\t\t\t\t\t\t\t<\/div>\n\t\t<\/div>\n\t\t\t\t\t\t\t<\/div>\n\t\t<\/section>\n\t\t\t\t<section class=\"elementor-section elementor-top-section elementor-element elementor-element-23a6789e elementor-section-boxed elementor-section-height-default elementor-section-height-default\" data-id=\"23a6789e\" data-element_type=\"section\" data-settings=\"{&quot;background_background&quot;:&quot;classic&quot;}\">\n\t\t\t\t\t\t<div class=\"elementor-container elementor-column-gap-default\">\n\t\t\t\t\t<div class=\"elementor-column elementor-col-50 elementor-top-column elementor-element elementor-element-76e47362\" data-id=\"76e47362\" data-element_type=\"column\">\n\t\t\t<div class=\"elementor-widget-wrap elementor-element-populated\">\n\t\t\t\t\t\t\t\t<div class=\"elementor-element elementor-element-091b6e3 elementor-widget elementor-widget-image\" data-id=\"091b6e3\" data-element_type=\"widget\" data-widget_type=\"image.default\">\n\t\t\t\t<div class=\"elementor-widget-container\">\n\t\t\t\t\t\t\t\t\t\t\t\t\t\t\t<img decoding=\"async\" width=\"816\" height=\"788\" src=\"https:\/\/ciacandida.com\/wp-content\/uploads\/2023\/12\/Diseno-sin-titulo-2-e1702230514437.png\" class=\"attachment-full size-full wp-image-2519\" alt=\"\" \/>\t\t\t\t\t\t\t\t\t\t\t\t\t\t\t<\/div>\n\t\t\t\t<\/div>\n\t\t\t\t\t<\/div>\n\t\t<\/div>\n\t\t\t\t<div class=\"elementor-column elementor-col-50 elementor-top-column elementor-element elementor-element-2adce343\" data-id=\"2adce343\" data-element_type=\"column\">\n\t\t\t<div class=\"elementor-widget-wrap elementor-element-populated\">\n\t\t\t\t\t\t\t\t<div class=\"elementor-element elementor-element-7475abb8 elementor-widget elementor-widget-text-editor\" data-id=\"7475abb8\" data-element_type=\"widget\" data-widget_type=\"text-editor.default\">\n\t\t\t\t<div class=\"elementor-widget-container\">\n\t\t\t\t\t\t\t<p>Nous chercherons \u00e0 nous placer dans une ambiance de jeu constante, \u00e0 mi-chemin entre d\u00e9sir et peur. Les jeux et la dynamique s&#039;articuleront autour de :<\/p><ul><li><strong>PR\u00c9SENCE SUR SC\u00c8NE<\/strong> <br \/>Qu&#039;est-ce qui attire le regard du public ? Qu&#039;est-ce que je transmets sans rien faire ?<br \/><br \/><\/li><li><strong>CORPS, ESPRIT ET VOIX<\/strong> <br \/>La relation constante entre le corps, l&#039;esprit et la voix accueille une multiplicit\u00e9 d&#039;\u00e9motions, de contradictions, de pens\u00e9es et d&#039;actions qui cohabitent dans une sc\u00e8ne vivante.<br \/><br \/><\/li><li><strong>MENSONGE HONN\u00caTE<\/strong> <br \/>Ce qui se passe sur sc\u00e8ne est une fiction, un mensonge, mais si l&#039;artifice n&#039;est pas honn\u00eate, il am\u00e8nera le public \u00e0 prendre ses distances. Comment puis-je m\u2019engager avec la sc\u00e8ne pour g\u00e9n\u00e9rer une nouvelle r\u00e9alit\u00e9 ?<\/li><\/ul>\t\t\t\t\t\t<\/div>\n\t\t\t\t<\/div>\n\t\t\t\t<section class=\"elementor-section elementor-inner-section elementor-element elementor-element-56c0f181 elementor-section-boxed elementor-section-height-default elementor-section-height-default\" data-id=\"56c0f181\" data-element_type=\"section\">\n\t\t\t\t\t\t<div class=\"elementor-container elementor-column-gap-default\">\n\t\t\t\t\t<div class=\"elementor-column elementor-col-100 elementor-inner-column elementor-element elementor-element-458552f6\" data-id=\"458552f6\" data-element_type=\"column\">\n\t\t\t<div class=\"elementor-widget-wrap\">\n\t\t\t\t\t\t\t\t\t<\/div>\n\t\t<\/div>\n\t\t\t\t\t\t\t<\/div>\n\t\t<\/section>\n\t\t\t\t\t<\/div>\n\t\t<\/div>\n\t\t\t\t\t\t\t<\/div>\n\t\t<\/section>\n\t\t\t\t<section class=\"elementor-section elementor-top-section elementor-element elementor-element-257596fa elementor-section-height-min-height elementor-section-boxed elementor-section-height-default elementor-section-items-middle\" data-id=\"257596fa\" data-element_type=\"section\" data-settings=\"{&quot;background_background&quot;:&quot;classic&quot;}\">\n\t\t\t\t\t\t\t<div class=\"elementor-background-overlay\"><\/div>\n\t\t\t\t\t\t\t<div class=\"elementor-container elementor-column-gap-default\">\n\t\t\t\t\t<div class=\"elementor-column elementor-col-100 elementor-top-column elementor-element elementor-element-3769ca74\" data-id=\"3769ca74\" data-element_type=\"column\">\n\t\t\t<div class=\"elementor-widget-wrap elementor-element-populated\">\n\t\t\t\t\t\t\t\t<section class=\"elementor-section elementor-inner-section elementor-element elementor-element-6db4ae55 elementor-section-boxed elementor-section-height-default elementor-section-height-default\" data-id=\"6db4ae55\" data-element_type=\"section\">\n\t\t\t\t\t\t<div class=\"elementor-container elementor-column-gap-default\">\n\t\t\t\t\t<div class=\"elementor-column elementor-col-50 elementor-inner-column elementor-element elementor-element-68cf63e0\" data-id=\"68cf63e0\" data-element_type=\"column\">\n\t\t\t<div class=\"elementor-widget-wrap elementor-element-populated\">\n\t\t\t\t\t\t\t\t<div class=\"elementor-element elementor-element-33d9eb59 elementor-widget elementor-widget-heading\" data-id=\"33d9eb59\" data-element_type=\"widget\" data-widget_type=\"heading.default\">\n\t\t\t\t<div class=\"elementor-widget-container\">\n\t\t\t<h2 class=\"elementor-heading-title elementor-size-small\">Informations pratiques sur le laboratoire th\u00e9\u00e2tre<\/h2>\t\t<\/div>\n\t\t\t\t<\/div>\n\t\t\t\t<div class=\"elementor-element elementor-element-23efe8b elementor-widget elementor-widget-text-editor\" data-id=\"23efe8b\" data-element_type=\"widget\" data-widget_type=\"text-editor.default\">\n\t\t\t\t<div class=\"elementor-widget-container\">\n\t\t\t\t\t\t\t<p>En attente de nouvelles dates.<\/p><p>Un week-end intensif <br \/>16 heures r\u00e9parties entre <br \/>Vendredi samedi et dimanche.<br \/><br \/><\/p><p>PLUS D&#039;INFORMATIONS<br \/>candida.anonima@gmail.com<\/p><p>T\u00e9l. 658 911 618<\/p>\t\t\t\t\t\t<\/div>\n\t\t\t\t<\/div>\n\t\t\t\t\t<\/div>\n\t\t<\/div>\n\t\t\t\t<div class=\"elementor-column elementor-col-50 elementor-inner-column elementor-element elementor-element-9e82fd3\" data-id=\"9e82fd3\" data-element_type=\"column\">\n\t\t\t<div class=\"elementor-widget-wrap\">\n\t\t\t\t\t\t\t\t\t<\/div>\n\t\t<\/div>\n\t\t\t\t\t\t\t<\/div>\n\t\t<\/section>\n\t\t\t\t\t<\/div>\n\t\t<\/div>\n\t\t\t\t\t\t\t<\/div>\n\t\t<\/section>\n\t\t\t\t<section class=\"elementor-section elementor-top-section elementor-element elementor-element-fc744b2 elementor-section-boxed elementor-section-height-default elementor-section-height-default\" data-id=\"fc744b2\" data-element_type=\"section\" data-settings=\"{&quot;background_background&quot;:&quot;classic&quot;}\">\n\t\t\t\t\t\t<div class=\"elementor-container elementor-column-gap-wide\">\n\t\t\t\t\t<div class=\"elementor-column elementor-col-50 elementor-top-column elementor-element elementor-element-e9626ea\" data-id=\"e9626ea\" data-element_type=\"column\">\n\t\t\t<div class=\"elementor-widget-wrap elementor-element-populated\">\n\t\t\t\t\t\t\t\t<div class=\"elementor-element elementor-element-46ac15f elementor-widget elementor-widget-text-editor\" data-id=\"46ac15f\" data-element_type=\"widget\" data-widget_type=\"text-editor.default\">\n\t\t\t\t<div class=\"elementor-widget-container\">\n\t\t\t\t\t\t\t<p>Les s\u00e9ances consisteront en\u2026<\/p><ol><li><strong>M\u00c9DITATION ET CONNAISSANCE DE SOI<\/strong> <br \/>Nous atterrissons ici et maintenant.\u00a0<br \/><br \/><\/li><li><strong>CHAUFFAGE<\/strong> <br \/>Nous mettons notre cerveau au service de notre corps sage.\u00a0<br \/><br \/><\/li><li><strong>\u00c9COUTE ACTIVE<\/strong> <br \/>Nous appr\u00e9cions les jeux et les dynamiques qui stimulent l\u2019\u00e9coute de groupe et l\u2019intuition cr\u00e9ative.\u00a0<br \/><br \/><\/li><li><strong>IMPROVISATIONS ET SC\u00c8NES<\/strong> <br \/>Nous posons les bases pour monter sur sc\u00e8ne et laisser la sc\u00e8ne se produire.\u00a0<\/li><\/ol><p>\u00a0<\/p><p>Nous terminerons le cours en juin avec une exposition \u00e0 la Sala F\u00e9nix de Barcelone.<\/p>\t\t\t\t\t\t<\/div>\n\t\t\t\t<\/div>\n\t\t\t\t<section class=\"elementor-section elementor-inner-section elementor-element elementor-element-b13892a elementor-section-boxed elementor-section-height-default elementor-section-height-default\" data-id=\"b13892a\" data-element_type=\"section\">\n\t\t\t\t\t\t<div class=\"elementor-container elementor-column-gap-default\">\n\t\t\t\t\t<div class=\"elementor-column elementor-col-100 elementor-inner-column elementor-element elementor-element-f5470f5\" data-id=\"f5470f5\" data-element_type=\"column\">\n\t\t\t<div class=\"elementor-widget-wrap\">\n\t\t\t\t\t\t\t\t\t<\/div>\n\t\t<\/div>\n\t\t\t\t\t\t\t<\/div>\n\t\t<\/section>\n\t\t\t\t\t<\/div>\n\t\t<\/div>\n\t\t\t\t<div class=\"elementor-column elementor-col-50 elementor-top-column elementor-element elementor-element-b13a33f\" data-id=\"b13a33f\" data-element_type=\"column\">\n\t\t\t<div class=\"elementor-widget-wrap elementor-element-populated\">\n\t\t\t\t\t\t\t\t<div class=\"elementor-element elementor-element-0a80a68 elementor-widget elementor-widget-image\" data-id=\"0a80a68\" data-element_type=\"widget\" data-widget_type=\"image.default\">\n\t\t\t\t<div class=\"elementor-widget-container\">\n\t\t\t\t\t\t\t\t\t\t\t\t\t\t\t<img decoding=\"async\" width=\"1080\" height=\"1920\" src=\"https:\/\/ciacandida.com\/wp-content\/uploads\/2023\/12\/retratos.png\" class=\"attachment-full size-full wp-image-2525\" alt=\"\" srcset=\"https:\/\/ciacandida.com\/wp-content\/uploads\/2023\/12\/retratos.png 1080w, https:\/\/ciacandida.com\/wp-content\/uploads\/2023\/12\/retratos-864x1536.png 864w\" sizes=\"(max-width: 1080px) 100vw, 1080px\" \/>\t\t\t\t\t\t\t\t\t\t\t\t\t\t\t<\/div>\n\t\t\t\t<\/div>\n\t\t\t\t\t<\/div>\n\t\t<\/div>\n\t\t\t\t\t\t\t<\/div>\n\t\t<\/section>\n\t\t\t\t<section class=\"elementor-section elementor-top-section elementor-element elementor-element-26fd0a06 elementor-section-content-middle elementor-section-boxed elementor-section-height-default elementor-section-height-default\" data-id=\"26fd0a06\" data-element_type=\"section\">\n\t\t\t\t\t\t<div class=\"elementor-container elementor-column-gap-no\">\n\t\t\t\t\t<div class=\"elementor-column elementor-col-50 elementor-top-column elementor-element elementor-element-3f7ad186\" data-id=\"3f7ad186\" data-element_type=\"column\">\n\t\t\t<div class=\"elementor-widget-wrap elementor-element-populated\">\n\t\t\t\t\t\t\t\t<div class=\"elementor-element elementor-element-797eb346 elementor-widget elementor-widget-image\" data-id=\"797eb346\" data-element_type=\"widget\" data-widget_type=\"image.default\">\n\t\t\t\t<div class=\"elementor-widget-container\">\n\t\t\t\t\t\t\t\t\t\t\t\t\t\t\t<img decoding=\"async\" src=\"https:\/\/ciacandida.com\/wp-content\/uploads\/2023\/12\/IMG_20230716_231759-scaled.jpg\" title=\"IMG_20230716_231759\" alt=\"IMG_20230716_231759\" loading=\"lazy\" \/>\t\t\t\t\t\t\t\t\t\t\t\t\t\t\t<\/div>\n\t\t\t\t<\/div>\n\t\t\t\t\t<\/div>\n\t\t<\/div>\n\t\t\t\t<div class=\"elementor-column elementor-col-50 elementor-top-column elementor-element elementor-element-2c1507a5\" data-id=\"2c1507a5\" data-element_type=\"column\">\n\t\t\t<div class=\"elementor-widget-wrap elementor-element-populated\">\n\t\t\t\t\t\t\t\t<div class=\"elementor-element elementor-element-1c77996c elementor-widget elementor-widget-heading\" data-id=\"1c77996c\" data-element_type=\"widget\" data-widget_type=\"heading.default\">\n\t\t\t\t<div class=\"elementor-widget-container\">\n\t\t\t<h4 class=\"elementor-heading-title elementor-size-default\">Parce que?<\/h4>\t\t<\/div>\n\t\t\t\t<\/div>\n\t\t\t\t<div class=\"elementor-element elementor-element-3db583cc elementor-widget elementor-widget-text-editor\" data-id=\"3db583cc\" data-element_type=\"widget\" data-widget_type=\"text-editor.default\">\n\t\t\t\t<div class=\"elementor-widget-container\">\n\t\t\t\t\t\t\t<p>Apr\u00e8s quelques ann\u00e9es de cr\u00e9ation au sein de la compagnie et de cours de th\u00e9\u00e2tre dans diff\u00e9rentes \u00e9coles, j&#039;ai d\u00e9couvert que l&#039;\u00e9change d&#039;\u00e9nergie entre les corps cr\u00e9atifs me fascine. Non seulement cela, mais j&#039;ai la ferme conviction que l&#039;art, l&#039;expansion de l&#039;artiste int\u00e9rieur, nous connecte au monde d&#039;une mani\u00e8re par laquelle l&#039;empathie se multiplie et l&#039;amour na\u00eet.<\/p><p>Tout ce qui se passe fait partie de l&#039;acte cr\u00e9ateur, le jugement reste au second plan et le rapport \u00e0 l&#039;autre et \u00e0 l&#039;espace devient un possible dispositif sc\u00e9nique.<\/p><p>\u00a0<\/p>\t\t\t\t\t\t<\/div>\n\t\t\t\t<\/div>\n\t\t\t\t<div class=\"elementor-element elementor-element-9f70623 elementor-widget elementor-widget-heading\" data-id=\"9f70623\" data-element_type=\"widget\" data-widget_type=\"heading.default\">\n\t\t\t\t<div class=\"elementor-widget-container\">\n\t\t\t<h4 class=\"elementor-heading-title elementor-size-default\">L&#039;artisanat<\/h4>\t\t<\/div>\n\t\t\t\t<\/div>\n\t\t\t\t<div class=\"elementor-element elementor-element-3cb26e6 elementor-widget elementor-widget-text-editor\" data-id=\"3cb26e6\" data-element_type=\"widget\" data-widget_type=\"text-editor.default\">\n\t\t\t\t<div class=\"elementor-widget-container\">\n\t\t\t\t\t\t\t<p><span style=\"color: var( --e-global-color-secondary );\">En tant qu&#039;actrice, j&#039;ai emmagasin\u00e9 diff\u00e9rentes techniques et \u00ab astuces \u00bb qui m&#039;ont permis de maintenir et d&#039;amplifier l&#039;\u00e9nergie sur sc\u00e8ne. C&#039;est ce que j&#039;appelle de l&#039;artisanat parce que je consid\u00e8re qu&#039;il y a quelque chose de cela dans l&#039;interpr\u00e9tation, en travaillant d\u00e9tail par d\u00e9tail sur la sc\u00e8ne, le personnage, la respiration, le corps, l&#039;intention. Une fois que l&#039;intuition ouvre la voie, g\u00e9n\u00e9rant un dispositif qui fonctionne, je me consacre corps et \u00e2me \u00e0 comprendre ce qui arrive au personnage.<\/span><\/p>\t\t\t\t\t\t<\/div>\n\t\t\t\t<\/div>\n\t\t\t\t\t<\/div>\n\t\t<\/div>\n\t\t\t\t\t\t\t<\/div>\n\t\t<\/section>\n\t\t\t\t\t\t\t<\/div>","protected":false},"excerpt":{"rendered":"<p>Laboratoire de cr\u00e9ation th\u00e9\u00e2trale Le laboratoire sera ax\u00e9 sur le d\u00e9veloppement personnel de chaque \u00e9tudiant, dans le respect de sa d\u00e9marche individuelle. Nous chercherons \u00e0 nous mettre dans une position de jeu constante, \u00e0 mi-chemin entre [...]<\/p>","protected":false},"author":1,"featured_media":1757,"parent":0,"menu_order":0,"comment_status":"closed","ping_status":"closed","template":"elementor_header_footer","meta":{"footnotes":""},"_links":{"self":[{"href":"https:\/\/ciacandida.com\/fr\/wp-json\/wp\/v2\/pages\/2513"}],"collection":[{"href":"https:\/\/ciacandida.com\/fr\/wp-json\/wp\/v2\/pages"}],"about":[{"href":"https:\/\/ciacandida.com\/fr\/wp-json\/wp\/v2\/types\/page"}],"author":[{"embeddable":true,"href":"https:\/\/ciacandida.com\/fr\/wp-json\/wp\/v2\/users\/1"}],"replies":[{"embeddable":true,"href":"https:\/\/ciacandida.com\/fr\/wp-json\/wp\/v2\/comments?post=2513"}],"version-history":[{"count":18,"href":"https:\/\/ciacandida.com\/fr\/wp-json\/wp\/v2\/pages\/2513\/revisions"}],"predecessor-version":[{"id":3176,"href":"https:\/\/ciacandida.com\/fr\/wp-json\/wp\/v2\/pages\/2513\/revisions\/3176"}],"wp:featuredmedia":[{"embeddable":true,"href":"https:\/\/ciacandida.com\/fr\/wp-json\/wp\/v2\/media\/1757"}],"wp:attachment":[{"href":"https:\/\/ciacandida.com\/fr\/wp-json\/wp\/v2\/media?parent=2513"}],"curies":[{"name":"wp","href":"https:\/\/api.w.org\/{rel}","templated":true}]}}