{"id":2482,"date":"2023-12-10T16:18:53","date_gmt":"2023-12-10T16:18:53","guid":{"rendered":"https:\/\/ciacandida.com\/?page_id=2482"},"modified":"2026-01-11T18:25:07","modified_gmt":"2026-01-11T18:25:07","slug":"entrenamiento-actoral-y-montaje-teatral","status":"publish","type":"page","link":"https:\/\/ciacandida.com\/fr\/entrenamiento-actoral-y-montaje-teatral\/","title":{"rendered":"Formation d&#039;acteur et production th\u00e9\u00e2trale"},"content":{"rendered":"<div data-elementor-type=\"wp-page\" data-elementor-id=\"2482\" class=\"elementor elementor-2482\">\n\t\t\t\t\t\t\t\t\t<section class=\"elementor-section elementor-top-section elementor-element elementor-element-7a6852ff elementor-section-height-min-height elementor-section-full_width elementor-section-height-default elementor-section-items-middle\" data-id=\"7a6852ff\" data-element_type=\"section\" data-settings=\"{&quot;background_background&quot;:&quot;classic&quot;}\">\n\t\t\t\t\t\t\t<div class=\"elementor-background-overlay\"><\/div>\n\t\t\t\t\t\t\t<div class=\"elementor-container elementor-column-gap-default\">\n\t\t\t\t\t<div class=\"elementor-column elementor-col-50 elementor-top-column elementor-element elementor-element-2ce735f6\" data-id=\"2ce735f6\" data-element_type=\"column\">\n\t\t\t<div class=\"elementor-widget-wrap elementor-element-populated\">\n\t\t\t\t\t\t\t\t<section class=\"elementor-section elementor-inner-section elementor-element elementor-element-1d634a83 elementor-section-boxed elementor-section-height-default elementor-section-height-default\" data-id=\"1d634a83\" data-element_type=\"section\">\n\t\t\t\t\t\t<div class=\"elementor-container elementor-column-gap-default\">\n\t\t\t\t\t<div class=\"elementor-column elementor-col-100 elementor-inner-column elementor-element elementor-element-12dc721b\" data-id=\"12dc721b\" data-element_type=\"column\">\n\t\t\t<div class=\"elementor-widget-wrap elementor-element-populated\">\n\t\t\t\t\t\t\t\t<div class=\"elementor-element elementor-element-6b3707b5 elementor-invisible elementor-widget elementor-widget-heading\" data-id=\"6b3707b5\" data-element_type=\"widget\" data-settings=\"{&quot;_animation&quot;:&quot;fadeIn&quot;}\" data-widget_type=\"heading.default\">\n\t\t\t\t<div class=\"elementor-widget-container\">\n\t\t\t<h1 class=\"elementor-heading-title elementor-size-small\">Formation d&#039;acteur et production th\u00e9\u00e2trale<\/h1>\t\t<\/div>\n\t\t\t\t<\/div>\n\t\t\t\t<div class=\"elementor-element elementor-element-7a450f62 elementor-invisible elementor-widget elementor-widget-text-editor\" data-id=\"7a450f62\" data-element_type=\"widget\" data-settings=\"{&quot;_animation&quot;:&quot;fadeIn&quot;,&quot;_animation_delay&quot;:200}\" data-widget_type=\"text-editor.default\">\n\t\t\t\t<div class=\"elementor-widget-container\">\n\t\t\t\t\t\t\t<p>La formation sera ax\u00e9e sur le d\u00e9veloppement personnel de chaque \u00e9tudiant, dans le respect de sa d\u00e9marche individuelle.\u00a0<\/p>\t\t\t\t\t\t<\/div>\n\t\t\t\t<\/div>\n\t\t\t\t\t<\/div>\n\t\t<\/div>\n\t\t\t\t\t\t\t<\/div>\n\t\t<\/section>\n\t\t\t\t\t<\/div>\n\t\t<\/div>\n\t\t\t\t<div class=\"elementor-column elementor-col-50 elementor-top-column elementor-element elementor-element-157566bb elementor-hidden-phone\" data-id=\"157566bb\" data-element_type=\"column\">\n\t\t\t<div class=\"elementor-widget-wrap\">\n\t\t\t\t\t\t\t\t\t<\/div>\n\t\t<\/div>\n\t\t\t\t\t\t\t<\/div>\n\t\t<\/section>\n\t\t\t\t<section class=\"elementor-section elementor-top-section elementor-element elementor-element-23a6789e elementor-section-boxed elementor-section-height-default elementor-section-height-default\" data-id=\"23a6789e\" data-element_type=\"section\" data-settings=\"{&quot;background_background&quot;:&quot;classic&quot;}\">\n\t\t\t\t\t\t<div class=\"elementor-container elementor-column-gap-default\">\n\t\t\t\t\t<div class=\"elementor-column elementor-col-50 elementor-top-column elementor-element elementor-element-76e47362\" data-id=\"76e47362\" data-element_type=\"column\">\n\t\t\t<div class=\"elementor-widget-wrap elementor-element-populated\">\n\t\t\t\t\t\t\t\t<div class=\"elementor-element elementor-element-091b6e3 elementor-widget__width-initial elementor-widget elementor-widget-image\" data-id=\"091b6e3\" data-element_type=\"widget\" data-widget_type=\"image.default\">\n\t\t\t\t<div class=\"elementor-widget-container\">\n\t\t\t\t\t\t\t\t\t\t\t\t\t\t\t<img decoding=\"async\" width=\"1707\" height=\"2560\" src=\"https:\/\/ciacandida.com\/wp-content\/uploads\/2024\/06\/IMG_2577-scaled.jpg\" class=\"attachment-full size-full wp-image-3046\" alt=\"\" srcset=\"https:\/\/ciacandida.com\/wp-content\/uploads\/2024\/06\/IMG_2577-scaled.jpg 1707w, https:\/\/ciacandida.com\/wp-content\/uploads\/2024\/06\/IMG_2577-1024x1536.jpg 1024w, https:\/\/ciacandida.com\/wp-content\/uploads\/2024\/06\/IMG_2577-1365x2048.jpg 1365w\" sizes=\"(max-width: 1707px) 100vw, 1707px\" \/>\t\t\t\t\t\t\t\t\t\t\t\t\t\t\t<\/div>\n\t\t\t\t<\/div>\n\t\t\t\t<div class=\"elementor-element elementor-element-c6c53f4 elementor-align-center elementor-widget elementor-widget-button\" data-id=\"c6c53f4\" data-element_type=\"widget\" data-widget_type=\"button.default\">\n\t\t\t\t<div class=\"elementor-widget-container\">\n\t\t\t\t\t<div class=\"elementor-button-wrapper\">\n\t\t\t<a class=\"elementor-button elementor-button-link elementor-size-sm\" href=\"https:\/\/forms.gle\/iaR9tX92b386ZX8z5\" target=\"_blank\" rel=\"noopener\">\n\t\t\t\t\t\t<span class=\"elementor-button-content-wrapper\">\n\t\t\t\t\t\t<span class=\"elementor-button-text\">Inscriptions ouvertes Groupe 2025\/26<\/span>\n\t\t<\/span>\n\t\t\t\t\t<\/a>\n\t\t<\/div>\n\t\t\t\t<\/div>\n\t\t\t\t<\/div>\n\t\t\t\t\t<\/div>\n\t\t<\/div>\n\t\t\t\t<div class=\"elementor-column elementor-col-50 elementor-top-column elementor-element elementor-element-2adce343\" data-id=\"2adce343\" data-element_type=\"column\">\n\t\t\t<div class=\"elementor-widget-wrap elementor-element-populated\">\n\t\t\t\t\t\t\t\t<div class=\"elementor-element elementor-element-7475abb8 elementor-widget__width-initial elementor-widget elementor-widget-text-editor\" data-id=\"7475abb8\" data-element_type=\"widget\" data-widget_type=\"text-editor.default\">\n\t\t\t\t<div class=\"elementor-widget-container\">\n\t\t\t\t\t\t\t<p style=\"text-align: center;\"><em>Nous cherchons \u00e0 nous placer dans une position de <strong>jeu constant<\/strong>, \u00e0 mi-chemin entre<strong> d\u00e9sir <\/strong>et le<strong> peur<\/strong>.\u00a0<br \/><br \/><\/em><\/p><ul><li><strong>PR\u00c9SENCE SUR SC\u00c8NE.\u00a0<\/strong>Qu&#039;est-ce qui attire le regard du public ?<br \/><br \/><\/li><li><strong>CORPS, ESPRIT ET VOIX. <\/strong>Comment renforcer la relation constante entre le corps, l&#039;esprit et la voix pour que le voyage \u00e9motionnel soit plus riche et plus direct vers le c\u0153ur du spectateur ?<br \/><br \/><\/li><li><strong>MENSONGE HONN\u00caTE <\/strong>De quel niveau d\u2019engagement ai-je besoin sur sc\u00e8ne pour g\u00e9n\u00e9rer une nouvelle r\u00e9alit\u00e9 ?<\/li><\/ul>\t\t\t\t\t\t<\/div>\n\t\t\t\t<\/div>\n\t\t\t\t\t<\/div>\n\t\t<\/div>\n\t\t\t\t\t\t\t<\/div>\n\t\t<\/section>\n\t\t\t\t<section class=\"elementor-section elementor-top-section elementor-element elementor-element-257596fa elementor-section-height-min-height elementor-section-boxed elementor-section-height-default elementor-section-items-middle\" data-id=\"257596fa\" data-element_type=\"section\" data-settings=\"{&quot;background_background&quot;:&quot;classic&quot;}\">\n\t\t\t\t\t\t\t<div class=\"elementor-background-overlay\"><\/div>\n\t\t\t\t\t\t\t<div class=\"elementor-container elementor-column-gap-default\">\n\t\t\t\t\t<div class=\"elementor-column elementor-col-100 elementor-top-column elementor-element elementor-element-3769ca74\" data-id=\"3769ca74\" data-element_type=\"column\">\n\t\t\t<div class=\"elementor-widget-wrap elementor-element-populated\">\n\t\t\t\t\t\t\t\t<section class=\"elementor-section elementor-inner-section elementor-element elementor-element-6db4ae55 elementor-section-boxed elementor-section-height-default elementor-section-height-default\" data-id=\"6db4ae55\" data-element_type=\"section\">\n\t\t\t\t\t\t<div class=\"elementor-container elementor-column-gap-default\">\n\t\t\t\t\t<div class=\"elementor-column elementor-col-50 elementor-inner-column elementor-element elementor-element-68cf63e0\" data-id=\"68cf63e0\" data-element_type=\"column\">\n\t\t\t<div class=\"elementor-widget-wrap elementor-element-populated\">\n\t\t\t\t\t\t\t\t<div class=\"elementor-element elementor-element-33d9eb59 elementor-widget elementor-widget-heading\" data-id=\"33d9eb59\" data-element_type=\"widget\" data-widget_type=\"heading.default\">\n\t\t\t\t<div class=\"elementor-widget-container\">\n\t\t\t<h2 class=\"elementor-heading-title elementor-size-default\">Informations pratiques<\/h2>\t\t<\/div>\n\t\t\t\t<\/div>\n\t\t\t\t<div class=\"elementor-element elementor-element-23efe8b elementor-widget elementor-widget-text-editor\" data-id=\"23efe8b\" data-element_type=\"widget\" data-widget_type=\"text-editor.default\">\n\t\t\t\t<div class=\"elementor-widget-container\">\n\t\t\t\t\t\t\t<p><strong>D&#039;OCTOBRE \u00c0 JUIN<\/strong><\/p>\n<p><strong>Les mardis de 19h30 \u00e0 22h00.<br><\/strong><span style=\"font-weight: bolder;\">Mercredi de 19h00 \u00e0 22h00<\/span>&nbsp;<\/p>\n<p><strong>LIEU: <span style=\"text-decoration: underline;\"><span style=\"color: #3366ff; text-decoration: underline;\"><a style=\"color: #3366ff; text-decoration: underline;\" href=\"https:\/\/www.google.com\/maps\/place\/Sala+siconi\/@41.4066698,2.1748921,17z\/data=!3m1!4b1!4m6!3m5!1s0x12a4a3a64b2ed4df:0x95402191ba686b6c!8m2!3d41.4066698!4d2.1748921!16s%2Fg%2F11fqsyt07q?entry=ttu\" target=\"_blank\" rel=\"noopener\">Chambre Siconi<\/a><\/span><\/span><\/strong><br><strong>PRIX : 80 \u20ac\/mois<\/strong><\/p>\n<p><strong>PLUS D&#039;INFORMATIONS <\/strong><br><strong>candida.anonima@gmail.com\/ 658 911 618<\/strong><\/p>\t\t\t\t\t\t<\/div>\n\t\t\t\t<\/div>\n\t\t\t\t<div class=\"elementor-element elementor-element-37d929c elementor-widget elementor-widget-button\" data-id=\"37d929c\" data-element_type=\"widget\" data-widget_type=\"button.default\">\n\t\t\t\t<div class=\"elementor-widget-container\">\n\t\t\t\t\t<div class=\"elementor-button-wrapper\">\n\t\t\t<a class=\"elementor-button elementor-button-link elementor-size-sm\" href=\"https:\/\/forms.gle\/iaR9tX92b386ZX8z5\" target=\"_blank\" rel=\"noopener\">\n\t\t\t\t\t\t<span class=\"elementor-button-content-wrapper\">\n\t\t\t\t\t\t<span class=\"elementor-button-text\">INSCRIVEZ-VOUS ICI<\/span>\n\t\t<\/span>\n\t\t\t\t\t<\/a>\n\t\t<\/div>\n\t\t\t\t<\/div>\n\t\t\t\t<\/div>\n\t\t\t\t\t<\/div>\n\t\t<\/div>\n\t\t\t\t<div class=\"elementor-column elementor-col-50 elementor-inner-column elementor-element elementor-element-9e82fd3\" data-id=\"9e82fd3\" data-element_type=\"column\">\n\t\t\t<div class=\"elementor-widget-wrap\">\n\t\t\t\t\t\t\t\t\t<\/div>\n\t\t<\/div>\n\t\t\t\t\t\t\t<\/div>\n\t\t<\/section>\n\t\t\t\t\t<\/div>\n\t\t<\/div>\n\t\t\t\t\t\t\t<\/div>\n\t\t<\/section>\n\t\t\t\t<section class=\"elementor-section elementor-top-section elementor-element elementor-element-fc744b2 elementor-section-boxed elementor-section-height-default elementor-section-height-default\" data-id=\"fc744b2\" data-element_type=\"section\" data-settings=\"{&quot;background_background&quot;:&quot;classic&quot;}\">\n\t\t\t\t\t\t<div class=\"elementor-container elementor-column-gap-wide\">\n\t\t\t\t\t<div class=\"elementor-column elementor-col-50 elementor-top-column elementor-element elementor-element-e9626ea\" data-id=\"e9626ea\" data-element_type=\"column\">\n\t\t\t<div class=\"elementor-widget-wrap elementor-element-populated\">\n\t\t\t\t\t\t\t\t<div class=\"elementor-element elementor-element-46ac15f elementor-widget__width-initial elementor-widget elementor-widget-text-editor\" data-id=\"46ac15f\" data-element_type=\"widget\" data-widget_type=\"text-editor.default\">\n\t\t\t\t<div class=\"elementor-widget-container\">\n\t\t\t\t\t\t\t<p style=\"text-align: center;\"><em>&quot;On n&#039;entend pas les mots en tant que tels mais ce qui leur est inh\u00e9rent.&quot;<\/em>\u00a0<strong>Uta Hagen.<\/strong><\/p><ul><li><span style=\"text-decoration: underline;\"><strong>Premier trimestre<\/strong><\/span><\/li><li>Connexion avec le d\u00e9sir de jeu, d&#039;intuition et de cr\u00e9ativit\u00e9.<\/li><li>Technique physique et vocale n\u00e9cessaire pour habiter la sc\u00e8ne.\u00a0<\/li><li>Corps d\u00e9tendu et pr\u00e9sence sc\u00e9nique : continuellement en contact avec le pr\u00e9sent.\u00a0<\/li><li>Formation \u00e0 l&#039;\u00e9coute active, on \u00e9coute avec tout le corps.\u00a0<\/li><li>Travail d&#039;improvisation : <em>De quelles conditions une sc\u00e8ne a-t-elle besoin pour attirer l\u2019attention d\u2019un public ?\u00a0<\/em><\/li><li>Travail textuel : monologues et\/ou sc\u00e8nes.<\/li><li>Cours ouvert \u00e0 la fin du trimestre : <em>Comment tout ce qui est travaill\u00e9 est-il plac\u00e9 dans le corps et avec un public devant lui ?\u00a0<br \/><br \/><\/em><\/li><li><b><span style=\"text-decoration: underline;\">Deuxi\u00e8me trimestre<\/span><br \/><\/b><\/li><li>Choisir la pi\u00e8ce sur laquelle nous voulons travailler.\u00a0<\/li><li>Travail sur table et analyse intellectuelle n\u00e9cessaire avant d&#039;entrer en r\u00e9p\u00e9titions.<\/li><li>Travail de caract\u00e8re \u00e0 tous les niveaux : physique, mental, instinctif et spirituel.\u00a0<\/li><li>Th\u00e9orie du travail des personnages selon la technique d&#039;Uta Hagen.<\/li><li>Formation d&#039;acteur (conscience de soi, \u00e9coute, voix, direction, intention, pr\u00e9sence).<\/li><li>Laboratoire cr\u00e9atif pour d\u00e9couvrir les relations et le parcours \u00e9motionnel de chaque personnage : au-del\u00e0 de ce que dit le texte, l&#039;intuition des interpr\u00e8tes entre en jeu.<br \/><br \/><\/li><li><span style=\"text-decoration: underline;\"><strong>Troisi\u00e8me trimestre<\/strong><\/span><\/li><li>Formation d&#039;acteur (conscience de soi, \u00e9coute, voix, direction, intention, pr\u00e9sence).<\/li><li>R\u00e9p\u00e9titions professionnelles pour l&#039;assemblage de la pi\u00e8ce finale : faire entrer dans le corps les instincts, les objectifs et les besoins du personnage et les entrelacer avec l&#039;envie de jeu, l&#039;intuition et la cr\u00e9ativit\u00e9 de l&#039;interpr\u00e8te. Mettre la passion au service de l&#039;histoire, honorer les \u00e9motions des personnes que j&#039;incarne.<\/li><li>D\u00e9cisions en mati\u00e8re de costumes, d&#039;accessoires et de sc\u00e9nographie.<\/li><li>Pr\u00e9sentation en juin au <span style=\"text-decoration: underline; color: #0000ff;\"><strong><a style=\"color: #0000ff; text-decoration: underline;\" href=\"https:\/\/www.salafenix.com\/\" target=\"_blank\" rel=\"noopener\">Chambre Ph\u00e9nix<\/a><\/strong><\/span> de Barcelone.<br \/><br \/><\/li><\/ul><p style=\"text-align: center;\">Toutes les sessions comprendront les parties suivantes\u00a0:<strong><br \/>M\u00c9DITATION ET CONNAISSANCE DE SOI<br \/><\/strong><strong>R\u00c9CHAUFFEMENT PHYSIQUE<br \/><\/strong><strong>\u00c9COUTE ACTIVE<br \/><\/strong><strong>IMPROVISATIONS ET SC\u00c8NES<br \/><br \/><\/strong><\/p><p style=\"text-align: left;\"><span style=\"text-decoration: underline;\">Bibliographie de base :<\/span> \u00ab L&#039;acteur et la cible \u00bb, Declan Donellan ; \u00ab Un d\u00e9fi pour l&#039;acteur \u00bb, Uta Hagen ; \u00ab Zen dans l&#039;art du tir \u00e0 l&#039;arc \u00bb, Eugen Herrigel. Bon nombre des techniques de jeu propos\u00e9es proviennent du <span style=\"text-decoration: underline; color: #0000ff;\"><strong><a style=\"color: #0000ff; text-decoration: underline;\" href=\"https:\/\/www.instagram.com\/marcet_studio\/\" target=\"_blank\" rel=\"noopener\">Studio Voix Marcet<\/a><\/strong><\/span>.<\/p>\t\t\t\t\t\t<\/div>\n\t\t\t\t<\/div>\n\t\t\t\t\t<\/div>\n\t\t<\/div>\n\t\t\t\t<div class=\"elementor-column elementor-col-50 elementor-top-column elementor-element elementor-element-b13a33f\" data-id=\"b13a33f\" data-element_type=\"column\">\n\t\t\t<div class=\"elementor-widget-wrap elementor-element-populated\">\n\t\t\t\t\t\t\t\t<div class=\"elementor-element elementor-element-0a80a68 elementor-widget elementor-widget-image\" data-id=\"0a80a68\" data-element_type=\"widget\" data-widget_type=\"image.default\">\n\t\t\t\t<div class=\"elementor-widget-container\">\n\t\t\t\t\t\t\t\t\t\t\t\t\t\t\t<img decoding=\"async\" width=\"2560\" height=\"1707\" src=\"https:\/\/ciacandida.com\/wp-content\/uploads\/2024\/08\/POSSIBLE1-scaled.jpg\" class=\"attachment-full size-full wp-image-3345\" alt=\"\" srcset=\"https:\/\/ciacandida.com\/wp-content\/uploads\/2024\/08\/POSSIBLE1-scaled.jpg 2560w, https:\/\/ciacandida.com\/wp-content\/uploads\/2024\/08\/POSSIBLE1-1536x1024.jpg 1536w, https:\/\/ciacandida.com\/wp-content\/uploads\/2024\/08\/POSSIBLE1-2048x1365.jpg 2048w, https:\/\/ciacandida.com\/wp-content\/uploads\/2024\/08\/POSSIBLE1-18x12.jpg 18w\" sizes=\"(max-width: 2560px) 100vw, 2560px\" \/>\t\t\t\t\t\t\t\t\t\t\t\t\t\t\t<\/div>\n\t\t\t\t<\/div>\n\t\t\t\t<div class=\"elementor-element elementor-element-6675fee elementor-widget elementor-widget-image\" data-id=\"6675fee\" data-element_type=\"widget\" data-widget_type=\"image.default\">\n\t\t\t\t<div class=\"elementor-widget-container\">\n\t\t\t\t\t\t\t\t\t\t\t\t\t\t\t<img decoding=\"async\" width=\"2560\" height=\"2534\" src=\"https:\/\/ciacandida.com\/wp-content\/uploads\/2024\/08\/Copia-web-1-scaled.jpg\" class=\"attachment-full size-full wp-image-3342\" alt=\"\" srcset=\"https:\/\/ciacandida.com\/wp-content\/uploads\/2024\/08\/Copia-web-1-scaled.jpg 2560w, https:\/\/ciacandida.com\/wp-content\/uploads\/2024\/08\/Copia-web-1-1536x1520.jpg 1536w, https:\/\/ciacandida.com\/wp-content\/uploads\/2024\/08\/Copia-web-1-2048x2027.jpg 2048w, https:\/\/ciacandida.com\/wp-content\/uploads\/2024\/08\/Copia-web-1-12x12.jpg 12w\" sizes=\"(max-width: 2560px) 100vw, 2560px\" \/>\t\t\t\t\t\t\t\t\t\t\t\t\t\t\t<\/div>\n\t\t\t\t<\/div>\n\t\t\t\t<div class=\"elementor-element elementor-element-d70f454 elementor-widget elementor-widget-image\" data-id=\"d70f454\" data-element_type=\"widget\" data-widget_type=\"image.default\">\n\t\t\t\t<div class=\"elementor-widget-container\">\n\t\t\t\t\t\t\t\t\t\t\t\t\t\t\t<img decoding=\"async\" width=\"2560\" height=\"1707\" src=\"https:\/\/ciacandida.com\/wp-content\/uploads\/2024\/08\/copia-web-2-scaled.jpg\" class=\"attachment-full size-full wp-image-3343\" alt=\"\" srcset=\"https:\/\/ciacandida.com\/wp-content\/uploads\/2024\/08\/copia-web-2-scaled.jpg 2560w, https:\/\/ciacandida.com\/wp-content\/uploads\/2024\/08\/copia-web-2-1536x1024.jpg 1536w, https:\/\/ciacandida.com\/wp-content\/uploads\/2024\/08\/copia-web-2-2048x1365.jpg 2048w, https:\/\/ciacandida.com\/wp-content\/uploads\/2024\/08\/copia-web-2-18x12.jpg 18w\" sizes=\"(max-width: 2560px) 100vw, 2560px\" \/>\t\t\t\t\t\t\t\t\t\t\t\t\t\t\t<\/div>\n\t\t\t\t<\/div>\n\t\t\t\t<div class=\"elementor-element elementor-element-f4092b8 elementor-widget elementor-widget-image\" data-id=\"f4092b8\" data-element_type=\"widget\" data-widget_type=\"image.default\">\n\t\t\t\t<div class=\"elementor-widget-container\">\n\t\t\t\t\t\t\t\t\t\t\t\t\t\t\t<img decoding=\"async\" width=\"2560\" height=\"1707\" src=\"https:\/\/ciacandida.com\/wp-content\/uploads\/2024\/06\/IMG_2636-scaled.jpg\" class=\"attachment-full size-full wp-image-3064\" alt=\"\" srcset=\"https:\/\/ciacandida.com\/wp-content\/uploads\/2024\/06\/IMG_2636-scaled.jpg 2560w, https:\/\/ciacandida.com\/wp-content\/uploads\/2024\/06\/IMG_2636-1536x1024.jpg 1536w, https:\/\/ciacandida.com\/wp-content\/uploads\/2024\/06\/IMG_2636-2048x1365.jpg 2048w\" sizes=\"(max-width: 2560px) 100vw, 2560px\" \/>\t\t\t\t\t\t\t\t\t\t\t\t\t\t\t<\/div>\n\t\t\t\t<\/div>\n\t\t\t\t<div class=\"elementor-element elementor-element-b7ba0da elementor-widget elementor-widget-image\" data-id=\"b7ba0da\" data-element_type=\"widget\" data-widget_type=\"image.default\">\n\t\t\t\t<div class=\"elementor-widget-container\">\n\t\t\t\t\t\t\t\t\t\t\t\t\t\t\t<img decoding=\"async\" width=\"1890\" height=\"1676\" src=\"https:\/\/ciacandida.com\/wp-content\/uploads\/2024\/06\/IMG_2553-scaled-e1721585013477.jpg\" class=\"attachment-full size-full wp-image-3042\" alt=\"\" srcset=\"https:\/\/ciacandida.com\/wp-content\/uploads\/2024\/06\/IMG_2553-scaled-e1721585013477.jpg 1890w, https:\/\/ciacandida.com\/wp-content\/uploads\/2024\/06\/IMG_2553-scaled-e1721585013477-1536x1362.jpg 1536w, https:\/\/ciacandida.com\/wp-content\/uploads\/2024\/06\/IMG_2553-scaled-e1721585013477-14x12.jpg 14w\" sizes=\"(max-width: 1890px) 100vw, 1890px\" \/>\t\t\t\t\t\t\t\t\t\t\t\t\t\t\t<\/div>\n\t\t\t\t<\/div>\n\t\t\t\t\t<\/div>\n\t\t<\/div>\n\t\t\t\t\t\t\t<\/div>\n\t\t<\/section>\n\t\t\t\t<section class=\"elementor-section elementor-top-section elementor-element elementor-element-26fd0a06 elementor-section-content-middle elementor-section-boxed elementor-section-height-default elementor-section-height-default\" data-id=\"26fd0a06\" data-element_type=\"section\">\n\t\t\t\t\t\t<div class=\"elementor-container elementor-column-gap-no\">\n\t\t\t\t\t<div class=\"elementor-column elementor-col-50 elementor-top-column elementor-element elementor-element-3f7ad186\" data-id=\"3f7ad186\" data-element_type=\"column\">\n\t\t\t<div class=\"elementor-widget-wrap elementor-element-populated\">\n\t\t\t\t\t\t\t\t<div class=\"elementor-element elementor-element-797eb346 elementor-widget elementor-widget-image\" data-id=\"797eb346\" data-element_type=\"widget\" data-widget_type=\"image.default\">\n\t\t\t\t<div class=\"elementor-widget-container\">\n\t\t\t\t\t\t\t\t\t\t\t\t\t\t\t<img decoding=\"async\" src=\"https:\/\/ciacandida.com\/wp-content\/uploads\/2023\/12\/IMG_20230716_231759-scaled.jpg\" title=\"IMG_20230716_231759\" alt=\"IMG_20230716_231759\" loading=\"lazy\" \/>\t\t\t\t\t\t\t\t\t\t\t\t\t\t\t<\/div>\n\t\t\t\t<\/div>\n\t\t\t\t\t<\/div>\n\t\t<\/div>\n\t\t\t\t<div class=\"elementor-column elementor-col-50 elementor-top-column elementor-element elementor-element-2c1507a5\" data-id=\"2c1507a5\" data-element_type=\"column\">\n\t\t\t<div class=\"elementor-widget-wrap elementor-element-populated\">\n\t\t\t\t\t\t\t\t<div class=\"elementor-element elementor-element-1c77996c elementor-widget elementor-widget-heading\" data-id=\"1c77996c\" data-element_type=\"widget\" data-widget_type=\"heading.default\">\n\t\t\t\t<div class=\"elementor-widget-container\">\n\t\t\t<h4 class=\"elementor-heading-title elementor-size-default\">Parce que?<\/h4>\t\t<\/div>\n\t\t\t\t<\/div>\n\t\t\t\t<div class=\"elementor-element elementor-element-3db583cc elementor-widget__width-initial elementor-widget elementor-widget-text-editor\" data-id=\"3db583cc\" data-element_type=\"widget\" data-widget_type=\"text-editor.default\">\n\t\t\t\t<div class=\"elementor-widget-container\">\n\t\t\t\t\t\t\t<p>Apr\u00e8s quelques ann\u00e9es de cr\u00e9ation au sein de la compagnie et de cours de th\u00e9\u00e2tre dans diff\u00e9rentes \u00e9coles, j&#039;ai d\u00e9couvert que l&#039;\u00e9change d&#039;\u00e9nergie entre les corps cr\u00e9atifs me fascine. Non seulement cela, mais j&#039;ai la ferme conviction que l&#039;art, l&#039;expansion de l&#039;artiste int\u00e9rieur, nous connecte au monde d&#039;une mani\u00e8re par laquelle l&#039;empathie se multiplie et l&#039;amour na\u00eet.<\/p><p>Tout ce qui se passe fait partie de l&#039;acte cr\u00e9ateur, le jugement reste au second plan et le rapport \u00e0 l&#039;autre et \u00e0 l&#039;espace devient un possible dispositif sc\u00e9nique.<\/p><p>\u00a0<\/p>\t\t\t\t\t\t<\/div>\n\t\t\t\t<\/div>\n\t\t\t\t<div class=\"elementor-element elementor-element-9f70623 elementor-widget elementor-widget-heading\" data-id=\"9f70623\" data-element_type=\"widget\" data-widget_type=\"heading.default\">\n\t\t\t\t<div class=\"elementor-widget-container\">\n\t\t\t<h4 class=\"elementor-heading-title elementor-size-default\">L&#039;artisanat<\/h4>\t\t<\/div>\n\t\t\t\t<\/div>\n\t\t\t\t<div class=\"elementor-element elementor-element-3cb26e6 elementor-widget elementor-widget-text-editor\" data-id=\"3cb26e6\" data-element_type=\"widget\" data-widget_type=\"text-editor.default\">\n\t\t\t\t<div class=\"elementor-widget-container\">\n\t\t\t\t\t\t\t<p><span style=\"color: var( --e-global-color-secondary );\">En tant qu&#039;actrice, j&#039;ai emmagasin\u00e9 diff\u00e9rentes techniques et \u00ab astuces \u00bb qui m&#039;ont permis de maintenir et d&#039;amplifier l&#039;\u00e9nergie sur sc\u00e8ne. J&#039;appelle cela de l&#039;artisanat parce que je consid\u00e8re que cela d\u00e9finit tr\u00e8s bien le m\u00e9tier d&#039;interpr\u00e8te, travaillant d\u00e9tail par d\u00e9tail la sc\u00e8ne, le personnage, la respiration, le corps, l&#039;intention. Une fois que l\u2019intuition ouvre la voie, g\u00e9n\u00e9rant un dispositif qui fonctionne, je me consacre corps et \u00e2me \u00e0 comprendre ce qui arrive au personnage dans mon corps, pour arriver \u00e0 ce que nous appelons la \u00ab v\u00e9rit\u00e9 sc\u00e9nique \u00bb ou le \u00ab mensonge honn\u00eate \u00bb.<\/span><\/p>\t\t\t\t\t\t<\/div>\n\t\t\t\t<\/div>\n\t\t\t\t\t<\/div>\n\t\t<\/div>\n\t\t\t\t\t\t\t<\/div>\n\t\t<\/section>\n\t\t\t\t\t\t\t<\/div>","protected":false},"excerpt":{"rendered":"<p>Formation d&#039;acteur et de production th\u00e9\u00e2trale. La formation sera ax\u00e9e sur le d\u00e9veloppement personnel de chaque \u00e9tudiant, dans le respect de sa progression individuelle. Les inscriptions sont ouvertes pour la promotion 2025\/26. Nous souhaitons nous positionner comme [\u2026]<\/p>","protected":false},"author":1,"featured_media":1757,"parent":0,"menu_order":0,"comment_status":"closed","ping_status":"closed","template":"elementor_header_footer","meta":{"footnotes":""},"_links":{"self":[{"href":"https:\/\/ciacandida.com\/fr\/wp-json\/wp\/v2\/pages\/2482"}],"collection":[{"href":"https:\/\/ciacandida.com\/fr\/wp-json\/wp\/v2\/pages"}],"about":[{"href":"https:\/\/ciacandida.com\/fr\/wp-json\/wp\/v2\/types\/page"}],"author":[{"embeddable":true,"href":"https:\/\/ciacandida.com\/fr\/wp-json\/wp\/v2\/users\/1"}],"replies":[{"embeddable":true,"href":"https:\/\/ciacandida.com\/fr\/wp-json\/wp\/v2\/comments?post=2482"}],"version-history":[{"count":113,"href":"https:\/\/ciacandida.com\/fr\/wp-json\/wp\/v2\/pages\/2482\/revisions"}],"predecessor-version":[{"id":3674,"href":"https:\/\/ciacandida.com\/fr\/wp-json\/wp\/v2\/pages\/2482\/revisions\/3674"}],"wp:featuredmedia":[{"embeddable":true,"href":"https:\/\/ciacandida.com\/fr\/wp-json\/wp\/v2\/media\/1757"}],"wp:attachment":[{"href":"https:\/\/ciacandida.com\/fr\/wp-json\/wp\/v2\/media?parent=2482"}],"curies":[{"name":"wp","href":"https:\/\/api.w.org\/{rel}","templated":true}]}}