{"id":171,"date":"2020-09-10T10:45:06","date_gmt":"2020-09-10T10:45:06","guid":{"rendered":"https:\/\/ciacandida.com\/?page_id=171"},"modified":"2025-03-05T13:23:35","modified_gmt":"2025-03-05T13:23:35","slug":"nosotras","status":"publish","type":"page","link":"https:\/\/ciacandida.com\/fr\/nosotras\/","title":{"rendered":"Nous"},"content":{"rendered":"<div data-elementor-type=\"wp-page\" data-elementor-id=\"171\" class=\"elementor elementor-171\">\n\t\t\t\t\t\t\t\t\t<section class=\"elementor-section elementor-top-section elementor-element elementor-element-a2f95d9 elementor-section-height-min-height elementor-section-boxed elementor-section-height-default elementor-section-items-middle\" data-id=\"a2f95d9\" data-element_type=\"section\" data-settings=\"{&quot;background_background&quot;:&quot;classic&quot;}\">\n\t\t\t\t\t\t\t<div class=\"elementor-background-overlay\"><\/div>\n\t\t\t\t\t\t\t<div class=\"elementor-container elementor-column-gap-default\">\n\t\t\t\t\t<div class=\"elementor-column elementor-col-100 elementor-top-column elementor-element elementor-element-3f78370\" data-id=\"3f78370\" data-element_type=\"column\">\n\t\t\t<div class=\"elementor-widget-wrap elementor-element-populated\">\n\t\t\t\t\t\t\t\t<div class=\"elementor-element elementor-element-f0dabb4 elementor-widget elementor-widget-spacer\" data-id=\"f0dabb4\" data-element_type=\"widget\" data-widget_type=\"spacer.default\">\n\t\t\t\t<div class=\"elementor-widget-container\">\n\t\t\t\t\t<div class=\"elementor-spacer\">\n\t\t\t<div class=\"elementor-spacer-inner\"><\/div>\n\t\t<\/div>\n\t\t\t\t<\/div>\n\t\t\t\t<\/div>\n\t\t\t\t<div class=\"elementor-element elementor-element-ff302cc elementor-widget-mobile__width-initial elementor-widget elementor-widget-heading\" data-id=\"ff302cc\" data-element_type=\"widget\" data-widget_type=\"heading.default\">\n\t\t\t\t<div class=\"elementor-widget-container\">\n\t\t\t<h2 class=\"elementor-heading-title elementor-size-default\">Qui sommes nous?<\/h2>\t\t<\/div>\n\t\t\t\t<\/div>\n\t\t\t\t\t<\/div>\n\t\t<\/div>\n\t\t\t\t\t\t\t<\/div>\n\t\t<\/section>\n\t\t\t\t<section class=\"elementor-section elementor-top-section elementor-element elementor-element-42cda9e elementor-section-boxed elementor-section-height-default elementor-section-height-default\" data-id=\"42cda9e\" data-element_type=\"section\">\n\t\t\t\t\t\t<div class=\"elementor-container elementor-column-gap-default\">\n\t\t\t\t\t<div class=\"elementor-column elementor-col-100 elementor-top-column elementor-element elementor-element-9eb3265\" data-id=\"9eb3265\" data-element_type=\"column\">\n\t\t\t<div class=\"elementor-widget-wrap elementor-element-populated\">\n\t\t\t\t\t\t\t\t<section class=\"elementor-section elementor-inner-section elementor-element elementor-element-f295233 elementor-section-boxed elementor-section-height-default elementor-section-height-default\" data-id=\"f295233\" data-element_type=\"section\">\n\t\t\t\t\t\t<div class=\"elementor-container elementor-column-gap-default\">\n\t\t\t\t\t<div class=\"elementor-column elementor-col-50 elementor-inner-column elementor-element elementor-element-f60519e\" data-id=\"f60519e\" data-element_type=\"column\">\n\t\t\t<div class=\"elementor-widget-wrap elementor-element-populated\">\n\t\t\t\t\t\t\t\t<div class=\"elementor-element elementor-element-5189967 elementor-widget__width-initial elementor-widget elementor-widget-text-editor\" data-id=\"5189967\" data-element_type=\"widget\" data-widget_type=\"text-editor.default\">\n\t\t\t\t<div class=\"elementor-widget-container\">\n\t\t\t\t\t\t\t<p>Programme du kit num\u00e9rique :<\/p>\t\t\t\t\t\t<\/div>\n\t\t\t\t<\/div>\n\t\t\t\t\t<\/div>\n\t\t<\/div>\n\t\t\t\t<div class=\"elementor-column elementor-col-50 elementor-inner-column elementor-element elementor-element-c03c4f6\" data-id=\"c03c4f6\" data-element_type=\"column\">\n\t\t\t<div class=\"elementor-widget-wrap elementor-element-populated\">\n\t\t\t\t\t\t\t\t<div class=\"elementor-element elementor-element-ff3e008 elementor-widget__width-auto elementor-widget elementor-widget-image\" data-id=\"ff3e008\" data-element_type=\"widget\" data-widget_type=\"image.default\">\n\t\t\t\t<div class=\"elementor-widget-container\">\n\t\t\t\t\t\t\t\t\t\t\t\t\t\t\t<img decoding=\"async\" width=\"1304\" height=\"112\" src=\"https:\/\/ciacandida.com\/wp-content\/uploads\/2025\/03\/imagen-kit-digital.jpg\" class=\"attachment-full size-full wp-image-3440\" alt=\"\" srcset=\"https:\/\/ciacandida.com\/wp-content\/uploads\/2025\/03\/imagen-kit-digital.jpg 1304w, https:\/\/ciacandida.com\/wp-content\/uploads\/2025\/03\/imagen-kit-digital-18x2.jpg 18w\" sizes=\"(max-width: 1304px) 100vw, 1304px\" \/>\t\t\t\t\t\t\t\t\t\t\t\t\t\t\t<\/div>\n\t\t\t\t<\/div>\n\t\t\t\t\t<\/div>\n\t\t<\/div>\n\t\t\t\t\t\t\t<\/div>\n\t\t<\/section>\n\t\t\t\t\t<\/div>\n\t\t<\/div>\n\t\t\t\t\t\t\t<\/div>\n\t\t<\/section>\n\t\t\t\t<section class=\"elementor-section elementor-top-section elementor-element elementor-element-edac664 elementor-section-boxed elementor-section-height-default elementor-section-height-default\" data-id=\"edac664\" data-element_type=\"section\" data-settings=\"{&quot;background_background&quot;:&quot;gradient&quot;}\">\n\t\t\t\t\t\t<div class=\"elementor-container elementor-column-gap-default\">\n\t\t\t\t\t<div class=\"elementor-column elementor-col-25 elementor-top-column elementor-element elementor-element-aa001de\" data-id=\"aa001de\" data-element_type=\"column\">\n\t\t\t<div class=\"elementor-widget-wrap\">\n\t\t\t\t\t\t\t\t\t<\/div>\n\t\t<\/div>\n\t\t\t\t<div class=\"elementor-column elementor-col-50 elementor-top-column elementor-element elementor-element-9adf1e3\" data-id=\"9adf1e3\" data-element_type=\"column\">\n\t\t\t<div class=\"elementor-widget-wrap elementor-element-populated\">\n\t\t\t\t\t\t\t\t<div class=\"elementor-element elementor-element-25d7d6b elementor-widget__width-initial elementor-widget elementor-widget-text-editor\" data-id=\"25d7d6b\" data-element_type=\"widget\" data-widget_type=\"text-editor.default\">\n\t\t\t\t<div class=\"elementor-widget-container\">\n\t\t\t\t\t\t\t<p><em><span style=\"color: #808080;\">Anna Tamayo est l&#039;alma mater de l&#039;entreprise mais elle ne travaille pas seule. Oui<\/span><\/em><em><span style=\"color: #808080;\">Elle s&#039;entoure d&#039;artistes qui l&#039;inspirent dans les processus cr\u00e9atifs de l&#039;entreprise.\u00a0<br \/><\/span><\/em><em style=\"text-align: left;\"><span style=\"color: #808080;\"><br \/>Certains de ses collaborateurs r\u00e9guliers sont <\/span><span style=\"color: #808080;\">\u00c1ngela Palacios, \u00e9crivaine, actrice et r\u00e9alisatrice, Alba Rubi\u00f3 Pons, compositrice, musicienne et chanteuse, Marta M\u00e9ndez \u00c1lvarez, enlumineuse et actrice cr\u00e9atrice<\/span><span style=\"color: #808080;\">, etc. Mais parmi tous, il y en a un qui est toujours pr\u00e9sent et qui fait partie des origines de l&#039;entreprise : <\/span><\/em><em style=\"text-align: left;\"><span style=\"color: #808080;\">Merc\u00e8 Alegre Bastida.\u00a0\u00a0<\/span><\/em><\/p>\t\t\t\t\t\t<\/div>\n\t\t\t\t<\/div>\n\t\t\t\t\t<\/div>\n\t\t<\/div>\n\t\t\t\t<div class=\"elementor-column elementor-col-25 elementor-top-column elementor-element elementor-element-f7135c8\" data-id=\"f7135c8\" data-element_type=\"column\">\n\t\t\t<div class=\"elementor-widget-wrap\">\n\t\t\t\t\t\t\t\t\t<\/div>\n\t\t<\/div>\n\t\t\t\t\t\t\t<\/div>\n\t\t<\/section>\n\t\t\t\t<section class=\"elementor-section elementor-top-section elementor-element elementor-element-a554300 elementor-section-boxed elementor-section-height-default elementor-section-height-default\" data-id=\"a554300\" data-element_type=\"section\" data-settings=\"{&quot;background_background&quot;:&quot;gradient&quot;}\">\n\t\t\t\t\t\t<div class=\"elementor-container elementor-column-gap-default\">\n\t\t\t\t\t<div class=\"elementor-column elementor-col-50 elementor-top-column elementor-element elementor-element-2d34a9c\" data-id=\"2d34a9c\" data-element_type=\"column\">\n\t\t\t<div class=\"elementor-widget-wrap elementor-element-populated\">\n\t\t\t\t\t\t\t\t<div class=\"elementor-element elementor-element-840fcb2 elementor-widget elementor-widget-image\" data-id=\"840fcb2\" data-element_type=\"widget\" data-widget_type=\"image.default\">\n\t\t\t\t<div class=\"elementor-widget-container\">\n\t\t\t\t\t\t\t\t\t\t\t\t\t\t\t<img decoding=\"async\" width=\"800\" height=\"800\" src=\"https:\/\/ciacandida.com\/wp-content\/uploads\/2023\/12\/Anna-Tamayo-Book0738-min-1-1024x1024.jpg\" class=\"attachment-large size-large wp-image-2581\" alt=\"\" srcset=\"https:\/\/ciacandida.com\/wp-content\/uploads\/2023\/12\/Anna-Tamayo-Book0738-min-1-1024x1024.jpg 1024w, https:\/\/ciacandida.com\/wp-content\/uploads\/2023\/12\/Anna-Tamayo-Book0738-min-1-300x300.jpg 300w, https:\/\/ciacandida.com\/wp-content\/uploads\/2023\/12\/Anna-Tamayo-Book0738-min-1-150x150.jpg 150w, https:\/\/ciacandida.com\/wp-content\/uploads\/2023\/12\/Anna-Tamayo-Book0738-min-1-768x768.jpg 768w\" sizes=\"(max-width: 800px) 100vw, 800px\" \/>\t\t\t\t\t\t\t\t\t\t\t\t\t\t\t<\/div>\n\t\t\t\t<\/div>\n\t\t\t\t<div class=\"elementor-element elementor-element-4e6d9b9 elementor-widget elementor-widget-heading\" data-id=\"4e6d9b9\" data-element_type=\"widget\" data-widget_type=\"heading.default\">\n\t\t\t\t<div class=\"elementor-widget-container\">\n\t\t\t<h2 class=\"elementor-heading-title elementor-size-default\">Anna Tamayo Escalera\n\n<h5 style=\"font-family: -apple-system, BlinkMacSystemFont, &quot;Segoe UI&quot;, Roboto, &quot;Helvetica Neue&quot;, Arial, &quot;Noto Sans&quot;, sans-serif; color: rgb(51, 51, 51); white-space-collapse: collapse;\">Actrice, cr\u00e9atrice de th\u00e9\u00e2tre,<\/h5><h5 style=\"font-family: -apple-system, BlinkMacSystemFont, &quot;Segoe UI&quot;, Roboto, &quot;Helvetica Neue&quot;, Arial, &quot;Noto Sans&quot;, sans-serif; color: rgb(51, 51, 51); white-space-collapse: collapse;\">metteur en sc\u00e8ne et dramaturge<\/h5><\/h2>\t\t<\/div>\n\t\t\t\t<\/div>\n\t\t\t\t\t<\/div>\n\t\t<\/div>\n\t\t\t\t<div class=\"elementor-column elementor-col-50 elementor-top-column elementor-element elementor-element-8238eaf\" data-id=\"8238eaf\" data-element_type=\"column\">\n\t\t\t<div class=\"elementor-widget-wrap elementor-element-populated\">\n\t\t\t\t\t\t\t\t<div class=\"elementor-element elementor-element-9675cb4 elementor-widget__width-initial elementor-widget elementor-widget-text-editor\" data-id=\"9675cb4\" data-element_type=\"widget\" data-widget_type=\"text-editor.default\">\n\t\t\t\t<div class=\"elementor-widget-container\">\n\t\t\t\t\t\t\t\t\t\t\t\t\t<\/div>\n\t\t\t\t<\/div>\n\t\t\t\t<div class=\"elementor-element elementor-element-0eec458 elementor-widget elementor-widget-image\" data-id=\"0eec458\" data-element_type=\"widget\" data-widget_type=\"image.default\">\n\t\t\t\t<div class=\"elementor-widget-container\">\n\t\t\t\t\t\t\t\t\t\t\t\t\t\t\t<img decoding=\"async\" width=\"800\" height=\"800\" src=\"https:\/\/ciacandida.com\/wp-content\/uploads\/2023\/12\/MERCE-3.jpg\" class=\"attachment-large size-large wp-image-2601\" alt=\"\" srcset=\"https:\/\/ciacandida.com\/wp-content\/uploads\/2023\/12\/MERCE-3.jpg 960w, https:\/\/ciacandida.com\/wp-content\/uploads\/2023\/12\/MERCE-3-300x300.jpg 300w, https:\/\/ciacandida.com\/wp-content\/uploads\/2023\/12\/MERCE-3-150x150.jpg 150w, https:\/\/ciacandida.com\/wp-content\/uploads\/2023\/12\/MERCE-3-768x768.jpg 768w\" sizes=\"(max-width: 800px) 100vw, 800px\" \/>\t\t\t\t\t\t\t\t\t\t\t\t\t\t\t<\/div>\n\t\t\t\t<\/div>\n\t\t\t\t<div class=\"elementor-element elementor-element-1c0e294 elementor-widget elementor-widget-heading\" data-id=\"1c0e294\" data-element_type=\"widget\" data-widget_type=\"heading.default\">\n\t\t\t\t<div class=\"elementor-widget-container\">\n\t\t\t<h2 class=\"elementor-heading-title elementor-size-default\">Merc\u00e8 Alegre Bastida\n\n<h5 style=\"font-family: -apple-system, BlinkMacSystemFont, &quot;Segoe UI&quot;, Roboto, &quot;Helvetica Neue&quot;, Arial, &quot;Noto Sans&quot;, sans-serif; color: rgb(51, 51, 51); white-space-collapse: collapse;\">Art-th\u00e9rapeute, \u00e9crivain,&nbsp;<\/h5><h5 style=\"font-family: -apple-system, BlinkMacSystemFont, &quot;Segoe UI&quot;, Roboto, &quot;Helvetica Neue&quot;, Arial, &quot;Noto Sans&quot;, sans-serif; color: rgb(51, 51, 51); white-space-collapse: collapse;\">artiste plasticien et illustrateur<\/h5><\/h2>\t\t<\/div>\n\t\t\t\t<\/div>\n\t\t\t\t\t<\/div>\n\t\t<\/div>\n\t\t\t\t\t\t\t<\/div>\n\t\t<\/section>\n\t\t\t\t<section class=\"elementor-section elementor-top-section elementor-element elementor-element-2d88ad3 elementor-section-boxed elementor-section-height-default elementor-section-height-default\" data-id=\"2d88ad3\" data-element_type=\"section\">\n\t\t\t\t\t\t<div class=\"elementor-container elementor-column-gap-default\">\n\t\t\t\t\t<div class=\"elementor-column elementor-col-50 elementor-top-column elementor-element elementor-element-c111ff0\" data-id=\"c111ff0\" data-element_type=\"column\">\n\t\t\t<div class=\"elementor-widget-wrap\">\n\t\t\t\t\t\t\t\t\t<\/div>\n\t\t<\/div>\n\t\t\t\t<div class=\"elementor-column elementor-col-50 elementor-top-column elementor-element elementor-element-6e87115\" data-id=\"6e87115\" data-element_type=\"column\">\n\t\t\t<div class=\"elementor-widget-wrap\">\n\t\t\t\t\t\t\t\t\t<\/div>\n\t\t<\/div>\n\t\t\t\t\t\t\t<\/div>\n\t\t<\/section>\n\t\t\t\t<section class=\"elementor-section elementor-top-section elementor-element elementor-element-b82b26e elementor-section-boxed elementor-section-height-default elementor-section-height-default\" data-id=\"b82b26e\" data-element_type=\"section\" data-settings=\"{&quot;background_background&quot;:&quot;classic&quot;}\">\n\t\t\t\t\t\t<div class=\"elementor-container elementor-column-gap-default\">\n\t\t\t\t\t<div class=\"elementor-column elementor-col-25 elementor-top-column elementor-element elementor-element-61bc660\" data-id=\"61bc660\" data-element_type=\"column\">\n\t\t\t<div class=\"elementor-widget-wrap elementor-element-populated\">\n\t\t\t\t\t\t\t\t<div class=\"elementor-element elementor-element-e5e006d elementor-widget elementor-widget-image\" data-id=\"e5e006d\" data-element_type=\"widget\" data-widget_type=\"image.default\">\n\t\t\t\t<div class=\"elementor-widget-container\">\n\t\t\t\t\t\t\t\t\t\t\t\t\t\t\t<img decoding=\"async\" width=\"800\" height=\"800\" src=\"https:\/\/ciacandida.com\/wp-content\/uploads\/2024\/06\/IMG_20240601_171242-1024x1024.jpg\" class=\"attachment-large size-large wp-image-2899\" alt=\"\" srcset=\"https:\/\/ciacandida.com\/wp-content\/uploads\/2024\/06\/IMG_20240601_171242-1024x1024.jpg 1024w, https:\/\/ciacandida.com\/wp-content\/uploads\/2024\/06\/IMG_20240601_171242-300x300.jpg 300w, https:\/\/ciacandida.com\/wp-content\/uploads\/2024\/06\/IMG_20240601_171242-150x150.jpg 150w, https:\/\/ciacandida.com\/wp-content\/uploads\/2024\/06\/IMG_20240601_171242-768x768.jpg 768w\" sizes=\"(max-width: 800px) 100vw, 800px\" \/>\t\t\t\t\t\t\t\t\t\t\t\t\t\t\t<\/div>\n\t\t\t\t<\/div>\n\t\t\t\t\t<\/div>\n\t\t<\/div>\n\t\t\t\t<div class=\"elementor-column elementor-col-50 elementor-top-column elementor-element elementor-element-969d4f3\" data-id=\"969d4f3\" data-element_type=\"column\">\n\t\t\t<div class=\"elementor-widget-wrap elementor-element-populated\">\n\t\t\t\t\t\t\t\t<div class=\"elementor-element elementor-element-b782198 elementor-widget elementor-widget-text-editor\" data-id=\"b782198\" data-element_type=\"widget\" data-widget_type=\"text-editor.default\">\n\t\t\t\t<div class=\"elementor-widget-container\">\n\t\t\t\t\t\t\t<pre style=\"text-align: center;\"><em>Nous nous connaissons depuis l&#039;\u00e2ge de trois ans.<\/em><\/pre><pre style=\"text-align: center;\"><em>D\u00e9m\u00ealez l&#039;inconnu, fa\u00e7onnez-le<\/em><br \/><em>et faire sortir la voix de ces endroits qui restent \u00e0 parcourir<\/em><br \/><em>C&#039;est notre moteur d&#039;action.<\/em><br \/><br \/><em>C&#039;est pourquoi nous avons cr\u00e9\u00e9 Cia C\u00e1ndida,<\/em><br \/><em>Des histoires qui doivent \u00eatre racont\u00e9es<\/em>.<\/pre>\t\t\t\t\t\t<\/div>\n\t\t\t\t<\/div>\n\t\t\t\t\t<\/div>\n\t\t<\/div>\n\t\t\t\t<div class=\"elementor-column elementor-col-25 elementor-top-column elementor-element elementor-element-9fb9b52\" data-id=\"9fb9b52\" data-element_type=\"column\">\n\t\t\t<div class=\"elementor-widget-wrap elementor-element-populated\">\n\t\t\t\t\t\t\t\t<div class=\"elementor-element elementor-element-8e22d3c elementor-widget elementor-widget-image\" data-id=\"8e22d3c\" data-element_type=\"widget\" data-widget_type=\"image.default\">\n\t\t\t\t<div class=\"elementor-widget-container\">\n\t\t\t\t\t\t\t\t\t\t\t\t\t\t\t<img decoding=\"async\" width=\"800\" height=\"800\" src=\"https:\/\/ciacandida.com\/wp-content\/uploads\/2024\/06\/IMG_2499-1024x1024.jpg\" class=\"attachment-large size-large wp-image-3027\" alt=\"\" srcset=\"https:\/\/ciacandida.com\/wp-content\/uploads\/2024\/06\/IMG_2499-1024x1024.jpg 1024w, https:\/\/ciacandida.com\/wp-content\/uploads\/2024\/06\/IMG_2499-300x300.jpg 300w, https:\/\/ciacandida.com\/wp-content\/uploads\/2024\/06\/IMG_2499-150x150.jpg 150w, https:\/\/ciacandida.com\/wp-content\/uploads\/2024\/06\/IMG_2499-768x768.jpg 768w\" sizes=\"(max-width: 800px) 100vw, 800px\" \/>\t\t\t\t\t\t\t\t\t\t\t\t\t\t\t<\/div>\n\t\t\t\t<\/div>\n\t\t\t\t\t<\/div>\n\t\t<\/div>\n\t\t\t\t\t\t\t<\/div>\n\t\t<\/section>\n\t\t\t\t\t\t\t<\/div>","protected":false},"excerpt":{"rendered":"<p>Qui sommes-nous\u00a0? Programme Kit Num\u00e9rique\u00a0: Anna Tamayo est la force motrice de l&#039;entreprise, mais elle ne travaille pas seule. Elle s&#039;entoure d&#039;artistes qui inspirent sa cr\u00e9ation [\u2026]<\/p>","protected":false},"author":1,"featured_media":0,"parent":0,"menu_order":0,"comment_status":"closed","ping_status":"closed","template":"elementor_header_footer","meta":{"footnotes":""},"_links":{"self":[{"href":"https:\/\/ciacandida.com\/fr\/wp-json\/wp\/v2\/pages\/171"}],"collection":[{"href":"https:\/\/ciacandida.com\/fr\/wp-json\/wp\/v2\/pages"}],"about":[{"href":"https:\/\/ciacandida.com\/fr\/wp-json\/wp\/v2\/types\/page"}],"author":[{"embeddable":true,"href":"https:\/\/ciacandida.com\/fr\/wp-json\/wp\/v2\/users\/1"}],"replies":[{"embeddable":true,"href":"https:\/\/ciacandida.com\/fr\/wp-json\/wp\/v2\/comments?post=171"}],"version-history":[{"count":135,"href":"https:\/\/ciacandida.com\/fr\/wp-json\/wp\/v2\/pages\/171\/revisions"}],"predecessor-version":[{"id":3461,"href":"https:\/\/ciacandida.com\/fr\/wp-json\/wp\/v2\/pages\/171\/revisions\/3461"}],"wp:attachment":[{"href":"https:\/\/ciacandida.com\/fr\/wp-json\/wp\/v2\/media?parent=171"}],"curies":[{"name":"wp","href":"https:\/\/api.w.org\/{rel}","templated":true}]}}