{"id":1251,"date":"2023-03-17T13:54:31","date_gmt":"2023-03-17T13:54:31","guid":{"rendered":"https:\/\/ciacandida.com\/?page_id=1251"},"modified":"2026-02-25T11:45:05","modified_gmt":"2026-02-25T11:45:05","slug":"agenda","status":"publish","type":"page","link":"https:\/\/ciacandida.com\/fr\/agenda\/","title":{"rendered":"L &#039;agenda"},"content":{"rendered":"<div data-elementor-type=\"wp-page\" data-elementor-id=\"1251\" class=\"elementor elementor-1251\">\n\t\t\t\t\t\t\t\t\t<section class=\"elementor-section elementor-top-section elementor-element elementor-element-d76c351 elementor-section-height-min-height elementor-section-boxed elementor-section-height-default elementor-section-items-middle\" data-id=\"d76c351\" data-element_type=\"section\" data-settings=\"{&quot;background_background&quot;:&quot;classic&quot;}\">\n\t\t\t\t\t\t\t<div class=\"elementor-background-overlay\"><\/div>\n\t\t\t\t\t\t\t<div class=\"elementor-container elementor-column-gap-default\">\n\t\t\t\t\t<div class=\"elementor-column elementor-col-100 elementor-top-column elementor-element elementor-element-93c3a96\" data-id=\"93c3a96\" data-element_type=\"column\">\n\t\t\t<div class=\"elementor-widget-wrap elementor-element-populated\">\n\t\t\t\t\t\t\t\t<div class=\"elementor-element elementor-element-ecf60b5 elementor-widget elementor-widget-heading\" data-id=\"ecf60b5\" data-element_type=\"widget\" data-widget_type=\"heading.default\">\n\t\t\t\t<div class=\"elementor-widget-container\">\n\t\t\t<h2 class=\"elementor-heading-title elementor-size-default\">L &#039;agenda<\/h2>\t\t<\/div>\n\t\t\t\t<\/div>\n\t\t\t\t\t<\/div>\n\t\t<\/div>\n\t\t\t\t\t\t\t<\/div>\n\t\t<\/section>\n\t\t\t\t<section class=\"elementor-section elementor-top-section elementor-element elementor-element-d56251a elementor-section-boxed elementor-section-height-default elementor-section-height-default\" data-id=\"d56251a\" data-element_type=\"section\">\n\t\t\t\t\t\t<div class=\"elementor-container elementor-column-gap-default\">\n\t\t\t\t\t<div class=\"elementor-column elementor-col-100 elementor-top-column elementor-element elementor-element-0b9f25f\" data-id=\"0b9f25f\" data-element_type=\"column\">\n\t\t\t<div class=\"elementor-widget-wrap elementor-element-populated\">\n\t\t\t\t\t\t\t\t<section class=\"elementor-section elementor-inner-section elementor-element elementor-element-c0fe3c3 elementor-section-boxed elementor-section-height-default elementor-section-height-default\" data-id=\"c0fe3c3\" data-element_type=\"section\">\n\t\t\t\t\t\t<div class=\"elementor-container elementor-column-gap-default\">\n\t\t\t\t\t<div class=\"elementor-column elementor-col-50 elementor-inner-column elementor-element elementor-element-c223261\" data-id=\"c223261\" data-element_type=\"column\">\n\t\t\t<div class=\"elementor-widget-wrap elementor-element-populated\">\n\t\t\t\t\t\t\t\t<div class=\"elementor-element elementor-element-6931ded elementor-widget__width-initial elementor-widget elementor-widget-text-editor\" data-id=\"6931ded\" data-element_type=\"widget\" data-widget_type=\"text-editor.default\">\n\t\t\t\t<div class=\"elementor-widget-container\">\n\t\t\t\t\t\t\t<p>Programme du kit num\u00e9rique :<\/p>\t\t\t\t\t\t<\/div>\n\t\t\t\t<\/div>\n\t\t\t\t\t<\/div>\n\t\t<\/div>\n\t\t\t\t<div class=\"elementor-column elementor-col-50 elementor-inner-column elementor-element elementor-element-ddcbdce\" data-id=\"ddcbdce\" data-element_type=\"column\">\n\t\t\t<div class=\"elementor-widget-wrap elementor-element-populated\">\n\t\t\t\t\t\t\t\t<div class=\"elementor-element elementor-element-4adacbf elementor-widget__width-auto elementor-widget elementor-widget-image\" data-id=\"4adacbf\" data-element_type=\"widget\" data-widget_type=\"image.default\">\n\t\t\t\t<div class=\"elementor-widget-container\">\n\t\t\t\t\t\t\t\t\t\t\t\t\t\t\t<img decoding=\"async\" width=\"1304\" height=\"112\" src=\"https:\/\/ciacandida.com\/wp-content\/uploads\/2025\/03\/imagen-kit-digital.jpg\" class=\"attachment-full size-full wp-image-3440\" alt=\"\" srcset=\"https:\/\/ciacandida.com\/wp-content\/uploads\/2025\/03\/imagen-kit-digital.jpg 1304w, https:\/\/ciacandida.com\/wp-content\/uploads\/2025\/03\/imagen-kit-digital-18x2.jpg 18w\" sizes=\"(max-width: 1304px) 100vw, 1304px\" \/>\t\t\t\t\t\t\t\t\t\t\t\t\t\t\t<\/div>\n\t\t\t\t<\/div>\n\t\t\t\t\t<\/div>\n\t\t<\/div>\n\t\t\t\t\t\t\t<\/div>\n\t\t<\/section>\n\t\t\t\t\t<\/div>\n\t\t<\/div>\n\t\t\t\t\t\t\t<\/div>\n\t\t<\/section>\n\t\t\t\t<section class=\"elementor-section elementor-top-section elementor-element elementor-element-3fc42c6 elementor-section-boxed elementor-section-height-default elementor-section-height-default\" data-id=\"3fc42c6\" data-element_type=\"section\">\n\t\t\t\t\t\t<div class=\"elementor-container elementor-column-gap-default\">\n\t\t\t\t\t<div class=\"elementor-column elementor-col-100 elementor-top-column elementor-element elementor-element-d3c1e00\" data-id=\"d3c1e00\" data-element_type=\"column\">\n\t\t\t<div class=\"elementor-widget-wrap elementor-element-populated\">\n\t\t\t\t\t\t\t\t<section class=\"elementor-section elementor-inner-section elementor-element elementor-element-68dbb74 elementor-section-boxed elementor-section-height-default elementor-section-height-default\" data-id=\"68dbb74\" data-element_type=\"section\">\n\t\t\t\t\t\t<div class=\"elementor-container elementor-column-gap-default\">\n\t\t\t\t\t<div class=\"elementor-column elementor-col-100 elementor-inner-column elementor-element elementor-element-7794ec0\" data-id=\"7794ec0\" data-element_type=\"column\">\n\t\t\t<div class=\"elementor-widget-wrap elementor-element-populated\">\n\t\t\t\t\t\t\t\t<div class=\"elementor-element elementor-element-cd5c192 elementor-widget elementor-widget-text-editor\" data-id=\"cd5c192\" data-element_type=\"widget\" data-widget_type=\"text-editor.default\">\n\t\t\t\t<div class=\"elementor-widget-container\">\n\t\t\t\t\t\t\t<h2>PROCHAINS SPECTACLES<\/h2><p><strong>13.03.2026<br \/><span style=\"color: #ff0000;\">LA CONFUSION<\/span><br \/><\/strong>Th\u00e9\u00e2tre Cal Bolet, Vilafranca \u2013 <a href=\"https:\/\/espectaclesvilafranca.koobin.cat\/la_confusio\" target=\"_blank\" rel=\"noopener\">Entrez ici<strong>\u00a0<\/strong><\/a><\/p><h2>Derni\u00e8res fonctions ex\u00e9cut\u00e9es<\/h2><p><strong>19.02.2026 &#8211; <span style=\"color: #808080;\">200 000 FEMMES<\/span><br \/><\/strong>CC La Farinera del Clot, Barcelone<br \/><strong><br \/>Du 16.10 au 08.12.2025 <br \/><span style=\"color: #808080;\">LA CONFUSION<\/span><br \/><\/strong>Salle Flyhard, Barcelone<strong>\u00a0<\/strong><\/p><p><strong>14.11.2025<\/strong> &#8211; <span style=\"color: #808080;\"><strong>MA M\u00c8RE EN CULOTTE\u00a0<\/strong><\/span><br \/>CC Pla d&#039;En Boet, Matar\u00f3<\/p><p><strong>28.11.2025 &#8211; <span style=\"color: #808080;\">200 000 FEMMES\u00a0<\/span><\/strong><strong><br \/><\/strong>Salle Milaway, Barcelone<strong>\u00a0<\/strong><\/p><h2>Historique<\/h2><p><span style=\"text-decoration: underline;\"><strong>MA M\u00c8RE EN CULOTTE<\/strong><\/span><\/p><p>2025.03.07 : Th\u00e9\u00e2tre Auditori Can Palots, Canovelles<br \/>2024. 12. 01: Th\u00e9\u00e2tre Casal Agramunt\u00ed, Agramunt.<br \/>2024. 04. 27: Th\u00e9\u00e2tre El Centre de Sant Feliu de Llobregat, Bcn.<br \/>2024. 04. 13 : CC Drassanes, Bcn. BDC 2024.<br \/>2024. 03. 22: CC Urgell, Bcn. BDC 2024.<br \/>2024. 03. 18: CC Vil\u00b7la Ur\u00e0nia, Bcn. BDC 2024.<br \/>2024. 03. 16: CC Vil\u00b7la Ur\u00e0nia, Bcn. BDC 2024.<br \/>2024. 03. 11: CC Barceloneta, Barcelone. BDC 2024.<br \/>2024. 03. 09: CC Barceloneta, Barcelone. BDC 2024.<br \/>2024. 03. 08: CC Cotxeres Borrell, Bcn. BDC 2024.<br \/>2024. 02. 16 : CC Parc Sandaru, Bcn. BDC 2024.<br \/>2024. 02. 15: Casinet d&#039;Hostafrancs, Barcelone. BDC 2024.<br \/>2024. 01. 19: Sala Maremar, Barcelone.<br \/>2023 (avril) : Saison Baixos22, Teatre Tantarantana, Bcn.<br \/>2022 (d\u00e9cembre) : Saison Atic22, Teatre Tantarantana, Bcn.<\/p><p><span style=\"text-decoration: underline;\"><strong>200 000 FEMMES<\/strong><\/span><\/p><p>02\/05\/2025 : Th\u00e9\u00e2tre r\u00e9gional de Solsona.<br \/>09.03.2025 : 4\u00e8mes Journ\u00e9es de la Sorcellerie \u00e0 Sant Juli\u00e0 de L\u00f2ria.<br \/>2025.03.08 : Salle Telers, Ephemera Santa Perp\u00e8tua de Mogoda.<br \/>2024. 11. 30: Casal Can Muntanyola, L&#039;Ametlla del Vall\u00e8s.<br \/>2024. 11. 24: Casal Puigpelatenc, Puigpelat.<br \/>2024. 10. 13: Tente Nilak, Festival Dans\u00e0neu, Rialp.<br \/>2023. 11h30: CC Sagrada Familia<br \/>2023. 01. 20 \u2013 21 : La Lleialtat Santsenca, Barcelone.<br \/>2022. 11. 04 : Festival Intims, Ripoll.<br \/>2022 (mars-avril) : La Badabadoc, Bcn.<br \/>18.03.2022 : CC Drassanes, Bcn. BDC 2022.<br \/>2022. 03. 12: CC Barceloneta, Barcelone. BDC 2022.<br \/>2022. 03. 11: CC Bes\u00f2s, Bcn. BDC 2022.<br \/>2022. 03. 05: CC Vil\u00b7la Ur\u00e0nia, Bcn. BDC 2022.<br \/>2022. 02. 26: CC Sant Pere, Barcelone. BDC 2022.<br \/>2022. 02. 22: Llu\u00efsos d&#039;Horta, Bcn. BDC 2022. <br \/>2021. 12. 19: Th\u00e9\u00e2tre Cal Bolet, Vilafranca del Pened\u00e8s.<br \/>2021. 11. 26 : Auditori Atrium Viladecans.<br \/>2021. 10. 15 : Mostra&#039;t, Centre civique de Sandaru, Bcn.<br \/>2021. 09. 18: Th\u00e9\u00e2tre du Casal, Cervera. Semaine Isagoge.<br \/>2021. 07. 16: Festival Esc\u00e8nia, Foios (Val\u00e8ncia). <br \/>Laur\u00e9at du Premier Prix du Public et <br \/>de la Mention Sp\u00e9ciale du Jury.<br \/>2021. 04. 14-09.05: Sala F\u00e8nix, Barcelone.<br \/>2020. 12. 17-20 : Festival CATBASUR. La Badabadoc, Bcn. <br \/>Laur\u00e9at du Prix de la Section Officielle et du Prix du Public.<br \/>2020. 10. 23-24: La Lleialtat Santsenca, Barcelone.<br \/>2020. 09. 2-20: Sala Fenix, Barcelone.<\/p><p><span style=\"text-decoration: underline;\"><strong>RETOURNER CHEZ SOI<br \/><\/strong><\/span> (spectacle familial)<\/p><p>2022. 07. 08 : Festival Alter-Art, Pergola, Italie.<br \/>2021. 03. 27: La Lleialtat Santsenca, Bcn.<br \/>2021. 06. 06: Sala Fenix, Barcelone.<br \/>2021. 09. 27: Sala Fenix, Barcelone.<br \/>2021. 10. 03: Sala Fenix, Barcelone.<br \/>2021. 10. 17: Sala Fenix, Barcelone.<\/p><p><span style=\"text-decoration: underline;\"><strong>CANDIDE<br \/><\/strong><\/span><br \/>2024 (juillet) : Sala F\u00e8nix, Bcn.<br \/>2021. 03. 20: Th\u00e9\u00e2tre Auditorium Calldetenes<br \/>26.03.2021 : Vendredi Ado. Salle F\u00e9nix, Bcn<br \/>2021. 03. 31 -11. 04: Salle F\u00e9nix, Bcn.<br \/>2020. 10. 23-24: La Lleialtat Santsenca, Barcelone.<br \/>2019. 12. 5-9 : Finaliste du Festival CATBASUR 2019.<br \/>2019. 11. 29 : CC La Marineta, Mollet de Vall\u00e8s.<br \/>2019. 11. 21: La Nau, Vilafranca.<br \/>2019. 11. 16: Clan Cabaret, Exposition Th\u00e9\u00e2tre d&#039;Alicante.<br \/>2019. 11. 13 : MTC, Barber\u00e0 de Vall\u00e8s.<br \/>2019. 10. 25-26 : Contigo Tres Teatro, Santander.<br \/>2019. 09. 24: Foire Internationale de Th\u00e9\u00e2tre et de Danse de Huesca.<br \/>2019. 07. 05: Centre Civique Can D\u00e9u, Bcn<br \/>2019. 04. 25: Centre Civique Sant Andreu, Bcn.<br \/>2019. 04.13: Th\u00e9\u00e2tre Kaddish, Prat de Llobregat.<br \/>2019. 03. 7-31: Sala Fenix, Barcelone.<br \/>2018. 09. 6-23: Sala Fenix, Barcelone<\/p>\t\t\t\t\t\t<\/div>\n\t\t\t\t<\/div>\n\t\t\t\t\t<\/div>\n\t\t<\/div>\n\t\t\t\t\t\t\t<\/div>\n\t\t<\/section>\n\t\t\t\t\t<\/div>\n\t\t<\/div>\n\t\t\t\t\t\t\t<\/div>\n\t\t<\/section>\n\t\t\t\t\t\t\t<\/div>","protected":false},"excerpt":{"rendered":"<p>Agenda Programa Kit Digital: PR\u00d3XIMAS FUNCIONES 13.03.2026LA CONFUSI\u00d3Teatre Cal Bolet, Vilafranca &#8211; Entrades aqu\u00ed\u00a0 \u00daltimas funciones realizadas 19.02.2026 &#8211; 200.000 DONESCC La Farinera del Clot, BarcelonaDel 16.10 al 08.12.2025 LA [&hellip;]<\/p>","protected":false},"author":1,"featured_media":0,"parent":0,"menu_order":0,"comment_status":"closed","ping_status":"closed","template":"elementor_header_footer","meta":{"footnotes":""},"_links":{"self":[{"href":"https:\/\/ciacandida.com\/fr\/wp-json\/wp\/v2\/pages\/1251"}],"collection":[{"href":"https:\/\/ciacandida.com\/fr\/wp-json\/wp\/v2\/pages"}],"about":[{"href":"https:\/\/ciacandida.com\/fr\/wp-json\/wp\/v2\/types\/page"}],"author":[{"embeddable":true,"href":"https:\/\/ciacandida.com\/fr\/wp-json\/wp\/v2\/users\/1"}],"replies":[{"embeddable":true,"href":"https:\/\/ciacandida.com\/fr\/wp-json\/wp\/v2\/comments?post=1251"}],"version-history":[{"count":173,"href":"https:\/\/ciacandida.com\/fr\/wp-json\/wp\/v2\/pages\/1251\/revisions"}],"predecessor-version":[{"id":3678,"href":"https:\/\/ciacandida.com\/fr\/wp-json\/wp\/v2\/pages\/1251\/revisions\/3678"}],"wp:attachment":[{"href":"https:\/\/ciacandida.com\/fr\/wp-json\/wp\/v2\/media?parent=1251"}],"curies":[{"name":"wp","href":"https:\/\/api.w.org\/{rel}","templated":true}]}}