{"id":86,"date":"2020-09-10T09:51:16","date_gmt":"2020-09-10T09:51:16","guid":{"rendered":"https:\/\/ciacandida.com\/?page_id=86"},"modified":"2025-03-05T13:24:10","modified_gmt":"2025-03-05T13:24:10","slug":"inicio","status":"publish","type":"page","link":"https:\/\/ciacandida.com\/ca\/","title":{"rendered":"Inici"},"content":{"rendered":"<div data-elementor-type=\"wp-page\" data-elementor-id=\"86\" class=\"elementor elementor-86\">\n\t\t\t\t\t\t\t\t\t<section class=\"elementor-section elementor-top-section elementor-element elementor-element-7a6852ff elementor-section-height-min-height elementor-section-full_width elementor-section-height-default elementor-section-items-middle\" data-id=\"7a6852ff\" data-element_type=\"section\" data-settings=\"{&quot;background_background&quot;:&quot;slideshow&quot;,&quot;background_slideshow_gallery&quot;:[{&quot;id&quot;:1936,&quot;url&quot;:&quot;http:\\\/\\\/ciacandida.com\\\/wp-content\\\/uploads\\\/2023\\\/12\\\/Candida-a-la-Fenix-51-scaled-e1702206559170.jpg&quot;},{&quot;id&quot;:1792,&quot;url&quot;:&quot;http:\\\/\\\/ciacandida.com\\\/wp-content\\\/uploads\\\/2023\\\/12\\\/Copia-de-IMG_9406-scaled.jpg&quot;},{&quot;id&quot;:1796,&quot;url&quot;:&quot;http:\\\/\\\/ciacandida.com\\\/wp-content\\\/uploads\\\/2023\\\/12\\\/Copia-de-IMG_9537-scaled.jpg&quot;},{&quot;id&quot;:1798,&quot;url&quot;:&quot;http:\\\/\\\/ciacandida.com\\\/wp-content\\\/uploads\\\/2023\\\/12\\\/Copia-de-IMG_20221210_085200-scaled.jpg&quot;},{&quot;id&quot;:1802,&quot;url&quot;:&quot;http:\\\/\\\/ciacandida.com\\\/wp-content\\\/uploads\\\/2023\\\/12\\\/Copia-de-PhotoCollage_1670681525913.jpg&quot;}],&quot;background_slideshow_loop&quot;:&quot;yes&quot;,&quot;background_slideshow_slide_duration&quot;:5000,&quot;background_slideshow_slide_transition&quot;:&quot;fade&quot;,&quot;background_slideshow_transition_duration&quot;:500}\">\n\t\t\t\t\t\t\t<div class=\"elementor-background-overlay\"><\/div>\n\t\t\t\t\t\t\t<div class=\"elementor-container elementor-column-gap-default\">\n\t\t\t\t\t<div class=\"elementor-column elementor-col-50 elementor-top-column elementor-element elementor-element-2ce735f6\" data-id=\"2ce735f6\" data-element_type=\"column\">\n\t\t\t<div class=\"elementor-widget-wrap elementor-element-populated\">\n\t\t\t\t\t\t\t\t<section class=\"elementor-section elementor-inner-section elementor-element elementor-element-1d634a83 elementor-section-boxed elementor-section-height-default elementor-section-height-default\" data-id=\"1d634a83\" data-element_type=\"section\">\n\t\t\t\t\t\t<div class=\"elementor-container elementor-column-gap-default\">\n\t\t\t\t\t<div class=\"elementor-column elementor-col-100 elementor-inner-column elementor-element elementor-element-12dc721b\" data-id=\"12dc721b\" data-element_type=\"column\">\n\t\t\t<div class=\"elementor-widget-wrap elementor-element-populated\">\n\t\t\t\t\t\t\t\t<div class=\"elementor-element elementor-element-47e4fab elementor-invisible elementor-widget elementor-widget-heading\" data-id=\"47e4fab\" data-element_type=\"widget\" data-settings=\"{&quot;_animation&quot;:&quot;fadeIn&quot;}\" data-widget_type=\"heading.default\">\n\t\t\t\t<div class=\"elementor-widget-container\">\n\t\t\t<h1 class=\"elementor-heading-title elementor-size-small\">Companyia de teatre a Barcelona<\/h1>\t\t<\/div>\n\t\t\t\t<\/div>\n\t\t\t\t<div class=\"elementor-element elementor-element-7a450f62 elementor-invisible elementor-widget elementor-widget-text-editor\" data-id=\"7a450f62\" data-element_type=\"widget\" data-settings=\"{&quot;_animation&quot;:&quot;fadeIn&quot;,&quot;_animation_delay&quot;:200}\" data-widget_type=\"text-editor.default\">\n\t\t\t\t<div class=\"elementor-widget-container\">\n\t\t\t\t\t\t\t<p>Companyia professional de teatre de creaci\u00f3 contempor\u00e0nia, creada el 2018.<\/p>\t\t\t\t\t\t<\/div>\n\t\t\t\t<\/div>\n\t\t\t\t<div class=\"elementor-element elementor-element-76ed7c94 elementor-view-stacked elementor-widget__width-auto elementor-shape-circle elementor-invisible elementor-widget elementor-widget-icon\" data-id=\"76ed7c94\" data-element_type=\"widget\" data-settings=\"{&quot;_animation&quot;:&quot;fadeIn&quot;}\" data-widget_type=\"icon.default\">\n\t\t\t\t<div class=\"elementor-widget-container\">\n\t\t\t\t\t<div class=\"elementor-icon-wrapper\">\n\t\t\t<a class=\"elementor-icon\" href=\"https:\/\/www.youtube.com\/watch?v=4W7OSdB73X4\" target=\"_blank\" rel=\"nofollow noopener\">\n\t\t\t<i aria-hidden=\"true\" class=\"fas fa-play\"><\/i>\t\t\t<\/a>\n\t\t<\/div>\n\t\t\t\t<\/div>\n\t\t\t\t<\/div>\n\t\t\t\t<div class=\"elementor-element elementor-element-16ebaff0 elementor-widget__width-auto elementor-invisible elementor-widget elementor-widget-heading\" data-id=\"16ebaff0\" data-element_type=\"widget\" data-settings=\"{&quot;_animation&quot;:&quot;fadeInDown&quot;}\" data-widget_type=\"heading.default\">\n\t\t\t\t<div class=\"elementor-widget-container\">\n\t\t\t<h3 class=\"elementor-heading-title elementor-size-default\"><a href=\"https:\/\/www.youtube.com\/watch?v=rrlJiKFJSQY\" target=\"_blank\" rel=\"nofollow noopener\">Veure v\u00eddeo<\/a><\/h3>\t\t<\/div>\n\t\t\t\t<\/div>\n\t\t\t\t\t<\/div>\n\t\t<\/div>\n\t\t\t\t\t\t\t<\/div>\n\t\t<\/section>\n\t\t\t\t<section class=\"elementor-section elementor-inner-section elementor-element elementor-element-33c0a81 elementor-section-boxed elementor-section-height-default elementor-section-height-default\" data-id=\"33c0a81\" data-element_type=\"section\">\n\t\t\t\t\t\t<div class=\"elementor-container elementor-column-gap-default\">\n\t\t\t\t\t<div class=\"elementor-column elementor-col-100 elementor-inner-column elementor-element elementor-element-6611b7d\" data-id=\"6611b7d\" data-element_type=\"column\">\n\t\t\t<div class=\"elementor-widget-wrap elementor-element-populated\">\n\t\t\t\t\t\t\t\t<div class=\"elementor-element elementor-element-e638fe3 elementor-invisible elementor-widget elementor-widget-global elementor-global-3448 elementor-widget-text-editor\" data-id=\"e638fe3\" data-element_type=\"widget\" data-settings=\"{&quot;_animation&quot;:&quot;fadeIn&quot;,&quot;_animation_delay&quot;:200}\" data-widget_type=\"text-editor.default\">\n\t\t\t\t<div class=\"elementor-widget-container\">\n\t\t\t\t\t\t\t<p>Programa Kit Digital:<\/p>\t\t\t\t\t\t<\/div>\n\t\t\t\t<\/div>\n\t\t\t\t<div class=\"elementor-element elementor-element-ac9d066 elementor-widget elementor-widget-image\" data-id=\"ac9d066\" data-element_type=\"widget\" data-widget_type=\"image.default\">\n\t\t\t\t<div class=\"elementor-widget-container\">\n\t\t\t\t\t\t\t\t\t\t\t\t\t\t\t<img decoding=\"async\" width=\"1304\" height=\"112\" src=\"https:\/\/ciacandida.com\/wp-content\/uploads\/2025\/03\/imagen-kit-digital.jpg\" class=\"attachment-full size-full wp-image-3440\" alt=\"\" srcset=\"https:\/\/ciacandida.com\/wp-content\/uploads\/2025\/03\/imagen-kit-digital.jpg 1304w, https:\/\/ciacandida.com\/wp-content\/uploads\/2025\/03\/imagen-kit-digital-18x2.jpg 18w\" sizes=\"(max-width: 1304px) 100vw, 1304px\" \/>\t\t\t\t\t\t\t\t\t\t\t\t\t\t\t<\/div>\n\t\t\t\t<\/div>\n\t\t\t\t\t<\/div>\n\t\t<\/div>\n\t\t\t\t\t\t\t<\/div>\n\t\t<\/section>\n\t\t\t\t\t<\/div>\n\t\t<\/div>\n\t\t\t\t<div class=\"elementor-column elementor-col-50 elementor-top-column elementor-element elementor-element-157566bb elementor-hidden-phone\" data-id=\"157566bb\" data-element_type=\"column\">\n\t\t\t<div class=\"elementor-widget-wrap\">\n\t\t\t\t\t\t\t\t\t<\/div>\n\t\t<\/div>\n\t\t\t\t\t\t\t<\/div>\n\t\t<\/section>\n\t\t\t\t<section class=\"elementor-section elementor-top-section elementor-element elementor-element-23a6789e elementor-section-boxed elementor-section-height-default elementor-section-height-default\" data-id=\"23a6789e\" data-element_type=\"section\" data-settings=\"{&quot;background_background&quot;:&quot;classic&quot;}\">\n\t\t\t\t\t\t<div class=\"elementor-container elementor-column-gap-default\">\n\t\t\t\t\t<div class=\"elementor-column elementor-col-50 elementor-top-column elementor-element elementor-element-76e47362\" data-id=\"76e47362\" data-element_type=\"column\">\n\t\t\t<div class=\"elementor-widget-wrap elementor-element-populated\">\n\t\t\t\t\t\t\t\t<div class=\"elementor-element elementor-element-ef901d7 elementor-widget elementor-widget-image\" data-id=\"ef901d7\" data-element_type=\"widget\" data-widget_type=\"image.default\">\n\t\t\t\t<div class=\"elementor-widget-container\">\n\t\t\t\t\t\t\t\t\t\t\t\t\t\t\t<img decoding=\"async\" width=\"1890\" height=\"1890\" src=\"https:\/\/ciacandida.com\/wp-content\/uploads\/2023\/12\/Candida-a-la-Fenix-25.jpg\" class=\"attachment-full size-full wp-image-1910\" alt=\"\" srcset=\"https:\/\/ciacandida.com\/wp-content\/uploads\/2023\/12\/Candida-a-la-Fenix-25.jpg 1890w, https:\/\/ciacandida.com\/wp-content\/uploads\/2023\/12\/Candida-a-la-Fenix-25-300x300.jpg 300w, https:\/\/ciacandida.com\/wp-content\/uploads\/2023\/12\/Candida-a-la-Fenix-25-1024x1024.jpg 1024w, https:\/\/ciacandida.com\/wp-content\/uploads\/2023\/12\/Candida-a-la-Fenix-25-150x150.jpg 150w, https:\/\/ciacandida.com\/wp-content\/uploads\/2023\/12\/Candida-a-la-Fenix-25-768x768.jpg 768w, https:\/\/ciacandida.com\/wp-content\/uploads\/2023\/12\/Candida-a-la-Fenix-25-1536x1536.jpg 1536w\" sizes=\"(max-width: 1890px) 100vw, 1890px\" \/>\t\t\t\t\t\t\t\t\t\t\t\t\t\t\t<\/div>\n\t\t\t\t<\/div>\n\t\t\t\t<div class=\"elementor-element elementor-element-7b149f0 elementor-widget elementor-widget-image\" data-id=\"7b149f0\" data-element_type=\"widget\" data-widget_type=\"image.default\">\n\t\t\t\t<div class=\"elementor-widget-container\">\n\t\t\t\t\t\t\t\t\t\t\t\t\t\t\t<img decoding=\"async\" width=\"1917\" height=\"2560\" src=\"https:\/\/ciacandida.com\/wp-content\/uploads\/2023\/12\/BDC-fotos-mes-de-nit-1-scaled.jpg\" class=\"attachment-full size-full wp-image-1952\" alt=\"\" srcset=\"https:\/\/ciacandida.com\/wp-content\/uploads\/2023\/12\/BDC-fotos-mes-de-nit-1-scaled.jpg 1917w, https:\/\/ciacandida.com\/wp-content\/uploads\/2023\/12\/BDC-fotos-mes-de-nit-1-1150x1536.jpg 1150w, https:\/\/ciacandida.com\/wp-content\/uploads\/2023\/12\/BDC-fotos-mes-de-nit-1-1534x2048.jpg 1534w\" sizes=\"(max-width: 1917px) 100vw, 1917px\" \/>\t\t\t\t\t\t\t\t\t\t\t\t\t\t\t<\/div>\n\t\t\t\t<\/div>\n\t\t\t\t\t<\/div>\n\t\t<\/div>\n\t\t\t\t<div class=\"elementor-column elementor-col-50 elementor-top-column elementor-element elementor-element-2adce343\" data-id=\"2adce343\" data-element_type=\"column\">\n\t\t\t<div class=\"elementor-widget-wrap elementor-element-populated\">\n\t\t\t\t\t\t\t\t<div class=\"elementor-element elementor-element-7475abb8 elementor-widget elementor-widget-text-editor\" data-id=\"7475abb8\" data-element_type=\"widget\" data-widget_type=\"text-editor.default\">\n\t\t\t\t<div class=\"elementor-widget-container\">\n\t\t\t\t\t\t\t<p>La companyia C\u00e1ndida neix el 2018 directament de les entranyes d'Anna Tamayo qui necessita de la creaci\u00f3 esc\u00e8nica per comprendre el m\u00f3n i relacionar-s'hi.<\/p><p>Un foc creatiu imperant l&#039;obliga a posar en escena, fora d&#039;ella, el que porta a dins i aix\u00ed neix <strong><em>C\u00e0ndida<\/em><\/strong>, el primer espectacle de la companyia. \u00c9s un solo basat en fets reals sobre la candidiasi vaginal que reivindica el poc coneixement que tenim sobre el tema i com des de la inconsci\u00e8ncia patriarcal es fomenten aquest tipus de malalties \u201cfemenines\u201d.<\/p><p><br \/>El segon espectacle <strong><em>200.000 dones,<\/em><\/strong>\u00a0creat juntament amb l'\u00c1ngela Palacios, co-dramaturga i directora, tracta sobre la cacera de bruixes a Catalunya. \u00c9s candidat al\u00a0<strong>Premi Max 2021 a la categoria de Millor Actriu\u00a0<\/strong>i guanya diversos premis al Concurs Catbasur 2020, al Festival Esc\u00e8nia 2021 i al Mostra&#039;t Sandaru 2021.<\/p><p>El tercer espectacle\u00a0<strong><em>Tornar a casa,<\/em><\/strong> creat juntament amb l'Albert Requena \u00e9s per a tots els p\u00fablics i tracta sobre el dol i l'acompanyament al dol a la fam\u00edlia.<\/p><p>La quarta creaci\u00f3 de la companyia \u00e9s <strong><em>Mi madre en bragas<\/em><\/strong>, amb dramat\u00fargia de la Raquel Loscos i direcci\u00f3 de la Lali \u00c1lvarez, on l'Anna puja a l'escenari amb la seva mare Rosa Escalera i trenquen, amb naturalitat i frescor, amb els falsos mites sobre la maternitat. L'espectacle t\u00e9 un \u00e8xit tal que la sala proposa una reposici\u00f3 i \u00e9s seleccionat pel programa Barcelona Districte Cultural.<\/p><p>Actualment la companyia ha obert diversos <strong>cursos de formaci\u00f3<\/strong> <strong>en creaci\u00f3 i interpretaci\u00f3<\/strong> que destil\u00b7len la metodologia pr\u00f2pia que s'ha anat forjant al llarg dels anys.\u00a0<\/p>\t\t\t\t\t\t<\/div>\n\t\t\t\t<\/div>\n\t\t\t\t\t<\/div>\n\t\t<\/div>\n\t\t\t\t\t\t\t<\/div>\n\t\t<\/section>\n\t\t\t\t<section class=\"elementor-section elementor-top-section elementor-element elementor-element-257596fa elementor-section-height-min-height elementor-section-boxed elementor-section-height-default elementor-section-items-middle\" data-id=\"257596fa\" data-element_type=\"section\" data-settings=\"{&quot;background_background&quot;:&quot;classic&quot;}\">\n\t\t\t\t\t\t\t<div class=\"elementor-background-overlay\"><\/div>\n\t\t\t\t\t\t\t<div class=\"elementor-container elementor-column-gap-default\">\n\t\t\t\t\t<div class=\"elementor-column elementor-col-100 elementor-top-column elementor-element elementor-element-3769ca74\" data-id=\"3769ca74\" data-element_type=\"column\">\n\t\t\t<div class=\"elementor-widget-wrap elementor-element-populated\">\n\t\t\t\t\t\t\t\t<section class=\"elementor-section elementor-inner-section elementor-element elementor-element-6db4ae55 elementor-section-boxed elementor-section-height-default elementor-section-height-default\" data-id=\"6db4ae55\" data-element_type=\"section\">\n\t\t\t\t\t\t<div class=\"elementor-container elementor-column-gap-default\">\n\t\t\t\t\t<div class=\"elementor-column elementor-col-100 elementor-inner-column elementor-element elementor-element-68cf63e0\" data-id=\"68cf63e0\" data-element_type=\"column\">\n\t\t\t<div class=\"elementor-widget-wrap elementor-element-populated\">\n\t\t\t\t\t\t\t\t<div class=\"elementor-element elementor-element-33d9eb59 elementor-widget__width-initial elementor-widget elementor-widget-heading\" data-id=\"33d9eb59\" data-element_type=\"widget\" data-widget_type=\"heading.default\">\n\t\t\t\t<div class=\"elementor-widget-container\">\n\t\t\t<h2 class=\"elementor-heading-title elementor-size-default\">Les nostres obres<\/h2>\t\t<\/div>\n\t\t\t\t<\/div>\n\t\t\t\t<div class=\"elementor-element elementor-element-23efe8b elementor-widget__width-initial elementor-widget elementor-widget-text-editor\" data-id=\"23efe8b\" data-element_type=\"widget\" data-widget_type=\"text-editor.default\">\n\t\t\t\t<div class=\"elementor-widget-container\">\n\t\t\t\t\t\t\t<p>La companyia treballa a partir de l'\u00fas cat\u00e0rtic de l'humor i de la generosa exposici\u00f3 emocional de la seva actriu i \u00e0nima mater, l'Anna Tamayo.<\/p><p>Es caracteritza per fer muntatges teatrals que utilitzen la com\u00e8dia per revisar el passat i donar veu a hist\u00f2ries silenciades.<\/p><p>\u00a0<\/p>\t\t\t\t\t\t<\/div>\n\t\t\t\t<\/div>\n\t\t\t\t\t<\/div>\n\t\t<\/div>\n\t\t\t\t\t\t\t<\/div>\n\t\t<\/section>\n\t\t\t\t\t<\/div>\n\t\t<\/div>\n\t\t\t\t\t\t\t<\/div>\n\t\t<\/section>\n\t\t\t\t<section class=\"elementor-section elementor-top-section elementor-element elementor-element-ccde110 elementor-section-boxed elementor-section-height-default elementor-section-height-default\" data-id=\"ccde110\" data-element_type=\"section\">\n\t\t\t\t\t\t<div class=\"elementor-container elementor-column-gap-default\">\n\t\t\t\t\t<div class=\"elementor-column elementor-col-100 elementor-top-column elementor-element elementor-element-2cf1fce\" data-id=\"2cf1fce\" data-element_type=\"column\">\n\t\t\t<div class=\"elementor-widget-wrap elementor-element-populated\">\n\t\t\t\t\t\t\t\t<div class=\"elementor-element elementor-element-68fe809 elementor-position-top elementor-widget elementor-widget-image-box\" data-id=\"68fe809\" data-element_type=\"widget\" data-widget_type=\"image-box.default\">\n\t\t\t\t<div class=\"elementor-widget-container\">\n\t\t\t<div class=\"elementor-image-box-wrapper\"><figure class=\"elementor-image-box-img\"><img decoding=\"async\" src=\"https:\/\/ciacandida.com\/wp-content\/plugins\/elementor\/assets\/images\/placeholder.png\" title=\"\" alt=\"\" loading=\"lazy\" \/><\/figure><div class=\"elementor-image-box-content\"><h3 class=\"elementor-image-box-title\">Aquest \u00e9s la cap\u00e7alera<\/h3><p class=\"elementor-image-box-description\">Lorem fistrum per la gl\u00f2ria de la meva mare \u00e9s jarl aliqua porta&#039;m al sircoo. De la praderia ullamco qu\u00e8 disse usteer est\u00e0 la cosa molt malar.<\/p><\/div><\/div>\t\t<\/div>\n\t\t\t\t<\/div>\n\t\t\t\t\t<\/div>\n\t\t<\/div>\n\t\t\t\t\t\t\t<\/div>\n\t\t<\/section>\n\t\t\t\t<section class=\"elementor-section elementor-top-section elementor-element elementor-element-9248b6b elementor-section-boxed elementor-section-height-default elementor-section-height-default\" data-id=\"9248b6b\" data-element_type=\"section\">\n\t\t\t\t\t\t<div class=\"elementor-container elementor-column-gap-default\">\n\t\t\t\t\t<div class=\"elementor-column elementor-col-100 elementor-top-column elementor-element elementor-element-b2b362a\" data-id=\"b2b362a\" data-element_type=\"column\">\n\t\t\t<div class=\"elementor-widget-wrap\">\n\t\t\t\t\t\t\t\t\t<\/div>\n\t\t<\/div>\n\t\t\t\t\t\t\t<\/div>\n\t\t<\/section>\n\t\t\t\t<section class=\"elementor-section elementor-inner-section elementor-element elementor-element-4d4371f1 elementor-section-boxed elementor-section-height-default elementor-section-height-default\" data-id=\"4d4371f1\" data-element_type=\"section\">\n\t\t\t\t\t\t<div class=\"elementor-container elementor-column-gap-default\">\n\t\t\t\t\t<div class=\"elementor-column elementor-col-100 elementor-inner-column elementor-element elementor-element-154d4a69\" data-id=\"154d4a69\" data-element_type=\"column\">\n\t\t\t<div class=\"elementor-widget-wrap elementor-element-populated\">\n\t\t\t\t\t\t\t\t<div class=\"elementor-element elementor-element-67df111e elementor-invisible elementor-widget elementor-widget-global elementor-global-3448 elementor-widget-text-editor\" data-id=\"67df111e\" data-element_type=\"widget\" data-settings=\"{&quot;_animation&quot;:&quot;fadeIn&quot;,&quot;_animation_delay&quot;:200}\" data-widget_type=\"text-editor.default\">\n\t\t\t\t<div class=\"elementor-widget-container\">\n\t\t\t\t\t\t\t<p>Programa Kit Digital:<\/p>\t\t\t\t\t\t<\/div>\n\t\t\t\t<\/div>\n\t\t\t\t<div class=\"elementor-element elementor-element-68fdc4ae elementor-widget elementor-widget-image\" data-id=\"68fdc4ae\" data-element_type=\"widget\" data-widget_type=\"image.default\">\n\t\t\t\t<div class=\"elementor-widget-container\">\n\t\t\t\t\t\t\t\t\t\t\t\t\t\t\t<img decoding=\"async\" width=\"1304\" height=\"112\" src=\"https:\/\/ciacandida.com\/wp-content\/uploads\/2025\/03\/imagen-kit-digital.jpg\" class=\"attachment-full size-full wp-image-3440\" alt=\"\" srcset=\"https:\/\/ciacandida.com\/wp-content\/uploads\/2025\/03\/imagen-kit-digital.jpg 1304w, https:\/\/ciacandida.com\/wp-content\/uploads\/2025\/03\/imagen-kit-digital-18x2.jpg 18w\" sizes=\"(max-width: 1304px) 100vw, 1304px\" \/>\t\t\t\t\t\t\t\t\t\t\t\t\t\t\t<\/div>\n\t\t\t\t<\/div>\n\t\t\t\t\t<\/div>\n\t\t<\/div>\n\t\t\t\t\t\t\t<\/div>\n\t\t<\/section>\n\t\t\t\t\t\t\t<\/div>","protected":false},"excerpt":{"rendered":"<p>Companyia de teatre a Barcelona Companyia professional de teatre de creaci\u00f3 contempor\u00e0nia, creada el 2018. Veure v\u00eddeo Programa Kit Digital: La companyia C\u00e1ndida neix el 2018 directament de les entranyes [\u2026]<\/p>","protected":false},"author":1,"featured_media":1757,"parent":0,"menu_order":0,"comment_status":"closed","ping_status":"closed","template":"elementor_header_footer","meta":{"footnotes":""},"_links":{"self":[{"href":"https:\/\/ciacandida.com\/ca\/wp-json\/wp\/v2\/pages\/86"}],"collection":[{"href":"https:\/\/ciacandida.com\/ca\/wp-json\/wp\/v2\/pages"}],"about":[{"href":"https:\/\/ciacandida.com\/ca\/wp-json\/wp\/v2\/types\/page"}],"author":[{"embeddable":true,"href":"https:\/\/ciacandida.com\/ca\/wp-json\/wp\/v2\/users\/1"}],"replies":[{"embeddable":true,"href":"https:\/\/ciacandida.com\/ca\/wp-json\/wp\/v2\/comments?post=86"}],"version-history":[{"count":174,"href":"https:\/\/ciacandida.com\/ca\/wp-json\/wp\/v2\/pages\/86\/revisions"}],"predecessor-version":[{"id":3464,"href":"https:\/\/ciacandida.com\/ca\/wp-json\/wp\/v2\/pages\/86\/revisions\/3464"}],"wp:featuredmedia":[{"embeddable":true,"href":"https:\/\/ciacandida.com\/ca\/wp-json\/wp\/v2\/media\/1757"}],"wp:attachment":[{"href":"https:\/\/ciacandida.com\/ca\/wp-json\/wp\/v2\/media?parent=86"}],"curies":[{"name":"wp","href":"https:\/\/api.w.org\/{rel}","templated":true}]}}