{"id":2567,"date":"2023-12-11T19:38:17","date_gmt":"2023-12-11T19:38:17","guid":{"rendered":"https:\/\/ciacandida.com\/?page_id=2567"},"modified":"2024-07-09T10:50:30","modified_gmt":"2024-07-09T10:50:30","slug":"cv-merce-alegre-bastida","status":"publish","type":"page","link":"https:\/\/ciacandida.com\/ca\/cv-merce-alegre-bastida\/","title":{"rendered":"Merc\u00e8 Alegre Bastida"},"content":{"rendered":"<div data-elementor-type=\"wp-page\" data-elementor-id=\"2567\" class=\"elementor elementor-2567\">\n\t\t\t\t\t\t\t\t\t<section class=\"elementor-section elementor-top-section elementor-element elementor-element-a2f95d9 elementor-section-height-min-height elementor-section-boxed elementor-section-height-default elementor-section-items-middle\" data-id=\"a2f95d9\" data-element_type=\"section\" data-settings=\"{&quot;background_background&quot;:&quot;classic&quot;}\">\n\t\t\t\t\t\t\t<div class=\"elementor-background-overlay\"><\/div>\n\t\t\t\t\t\t\t<div class=\"elementor-container elementor-column-gap-default\">\n\t\t\t\t\t<div class=\"elementor-column elementor-col-100 elementor-top-column elementor-element elementor-element-3f78370\" data-id=\"3f78370\" data-element_type=\"column\">\n\t\t\t<div class=\"elementor-widget-wrap elementor-element-populated\">\n\t\t\t\t\t\t\t\t<div class=\"elementor-element elementor-element-ff302cc elementor-widget elementor-widget-heading\" data-id=\"ff302cc\" data-element_type=\"widget\" data-widget_type=\"heading.default\">\n\t\t\t\t<div class=\"elementor-widget-container\">\n\t\t\t<h2 class=\"elementor-heading-title elementor-size-default\">Nosaltres<\/h2>\t\t<\/div>\n\t\t\t\t<\/div>\n\t\t\t\t\t<\/div>\n\t\t<\/div>\n\t\t\t\t\t\t\t<\/div>\n\t\t<\/section>\n\t\t\t\t<section class=\"elementor-section elementor-top-section elementor-element elementor-element-3c075987 elementor-section-full_width elementor-section-content-middle elementor-section-height-default elementor-section-height-default\" data-id=\"3c075987\" data-element_type=\"section\" data-settings=\"{&quot;background_background&quot;:&quot;classic&quot;}\">\n\t\t\t\t\t\t<div class=\"elementor-container elementor-column-gap-no\">\n\t\t\t\t\t<div class=\"elementor-column elementor-col-50 elementor-top-column elementor-element elementor-element-c331eba\" data-id=\"c331eba\" data-element_type=\"column\">\n\t\t\t<div class=\"elementor-widget-wrap elementor-element-populated\">\n\t\t\t\t\t\t\t\t<div class=\"elementor-element elementor-element-404da85c elementor-widget__width-initial elementor-widget elementor-widget-text-editor\" data-id=\"404da85c\" data-element_type=\"widget\" data-widget_type=\"text-editor.default\">\n\t\t\t\t<div class=\"elementor-widget-container\">\n\t\t\t\t\t\t\t<h1><span style=\"color: #808080;\">Merc\u00e8 Alegre Bastida<\/span><\/h1><p><span style=\"color: #808080;\">Art terapeuta, artista pl\u00e0stica, escriptora i educadora. Graduada en el m\u00e0ster d'Art Ter\u00e0pia Transdisciplinar de l'IATBA i llicenciada en Humanitats per la Universitat Pompeu Fabra, Barcelona.<\/span><\/p><p><span style=\"color: #808080;\">Integrant de Les Comares, coautora del llibre <em>Despr\u00e9s del foc<\/em>. Realitza diverses performances art terap\u00e8utiques (<i>La vaca primavera<\/i> al Caixa F\u00f2rum, <i>Dents de conill<\/i> al Pati Llimona i <i>Mare meva, on ets?<\/i> al IATBA) i participa en diverses exposicions col\u00b7lectives (<i>Trobada<\/i> al Cercle Art\u00edstic de Sant Lluc i <i>Nosaltres. Ressignificant els nostres cossos<\/i> a la Casa Sagnier).\u00a0<\/span><\/p><p><span style=\"color: #808080;\">Treballa com a volunt\u00e0ria a diferents comunitats terap\u00e8utiques dels Estats Units i Canad\u00e0. Exerceix com a professora d&#039;angl\u00e8s a l&#039;institut Quatre Cantons de Barcelona. Realitza visites guiades i tallers educatius a diferents entitats culturals de Barcelona i rodalies (Caves Freixenet, Gran Teatre del Liceu, Museu d&#039;Hist\u00f2ria de Catalunya, Palau G\u00fcell, Casa Vicens). Realitza sessions d\u00b4art ter\u00e0pia amb nens i adults amb DFI (diversitat funcional intel\u00b7lectual), condueix el taller de creaci\u00f3 terap\u00e8utica <i>La Dona Arbre<\/i> a l'Espai La Tregua i contribueix des de la cura art terap\u00e8utica en la creaci\u00f3 de <i>Laura<\/i> de la Gemma Farriols, performance autobiogr\u00e0fica sobre la viol\u00e8ncia masclista. Acompanya el proc\u00e9s creatiu i emocional de l'Anna Tamayo a <i>C\u00e0ndida<\/i>, exerceix com a documentalista a <i>200.000 dones<\/i> i acompanya el proc\u00e9s creatiu i emocional de l'Anna i la Rosa, mare i filla, a <i>Mi Madre en bragas<\/i>.\u00a0<\/span><\/p><p><span style=\"color: #808080;\">Treballa a l'escola Lola Anglada d'Esplugues de Llobregat com a assessora d'art per a nens de 3 a 12 anys (infantil i prim\u00e0ria) i facilita tallers d'art ter\u00e0pia per a persones en situaci\u00f3 de dol.<\/span><\/p>\t\t\t\t\t\t<\/div>\n\t\t\t\t<\/div>\n\t\t\t\t\t<\/div>\n\t\t<\/div>\n\t\t\t\t<div class=\"elementor-column elementor-col-50 elementor-top-column elementor-element elementor-element-1cdd0dc0\" data-id=\"1cdd0dc0\" data-element_type=\"column\">\n\t\t\t<div class=\"elementor-widget-wrap elementor-element-populated\">\n\t\t\t\t\t\t\t\t<div class=\"elementor-element elementor-element-9546bd5 elementor-widget elementor-widget-image\" data-id=\"9546bd5\" data-element_type=\"widget\" data-widget_type=\"image.default\">\n\t\t\t\t<div class=\"elementor-widget-container\">\n\t\t\t\t\t\t\t\t\t\t\t\t\t\t\t<img decoding=\"async\" width=\"1707\" height=\"2560\" src=\"https:\/\/ciacandida.com\/wp-content\/uploads\/2024\/07\/IMG_2293-scaled.jpg\" class=\"attachment-full size-full wp-image-3220\" alt=\"\" srcset=\"https:\/\/ciacandida.com\/wp-content\/uploads\/2024\/07\/IMG_2293-scaled.jpg 1707w, https:\/\/ciacandida.com\/wp-content\/uploads\/2024\/07\/IMG_2293-1024x1536.jpg 1024w, https:\/\/ciacandida.com\/wp-content\/uploads\/2024\/07\/IMG_2293-1365x2048.jpg 1365w, https:\/\/ciacandida.com\/wp-content\/uploads\/2024\/07\/IMG_2293-8x12.jpg 8w\" sizes=\"(max-width: 1707px) 100vw, 1707px\" \/>\t\t\t\t\t\t\t\t\t\t\t\t\t\t\t<\/div>\n\t\t\t\t<\/div>\n\t\t\t\t\t<\/div>\n\t\t<\/div>\n\t\t\t\t\t\t\t<\/div>\n\t\t<\/section>\n\t\t\t\t\t\t\t<\/div>","protected":false},"excerpt":{"rendered":"<p>Nosaltres Merc\u00e8 Alegre Bastida Art terapeuta, artista pl\u00e0stica, escriptora i educadora. Graduada al m\u00e0ster d&#039;Art Ter\u00e0pia Transdisciplinar de l&#039;IATBA i llicenciada en Humanitats per la Universitat Pompeu Fabra, [\u2026]<\/p>","protected":false},"author":1,"featured_media":0,"parent":0,"menu_order":0,"comment_status":"closed","ping_status":"closed","template":"elementor_header_footer","meta":{"footnotes":""},"_links":{"self":[{"href":"https:\/\/ciacandida.com\/ca\/wp-json\/wp\/v2\/pages\/2567"}],"collection":[{"href":"https:\/\/ciacandida.com\/ca\/wp-json\/wp\/v2\/pages"}],"about":[{"href":"https:\/\/ciacandida.com\/ca\/wp-json\/wp\/v2\/types\/page"}],"author":[{"embeddable":true,"href":"https:\/\/ciacandida.com\/ca\/wp-json\/wp\/v2\/users\/1"}],"replies":[{"embeddable":true,"href":"https:\/\/ciacandida.com\/ca\/wp-json\/wp\/v2\/comments?post=2567"}],"version-history":[{"count":26,"href":"https:\/\/ciacandida.com\/ca\/wp-json\/wp\/v2\/pages\/2567\/revisions"}],"predecessor-version":[{"id":3223,"href":"https:\/\/ciacandida.com\/ca\/wp-json\/wp\/v2\/pages\/2567\/revisions\/3223"}],"wp:attachment":[{"href":"https:\/\/ciacandida.com\/ca\/wp-json\/wp\/v2\/media?parent=2567"}],"curies":[{"name":"wp","href":"https:\/\/api.w.org\/{rel}","templated":true}]}}