{"id":2566,"date":"2023-12-11T19:35:27","date_gmt":"2023-12-11T19:35:27","guid":{"rendered":"https:\/\/ciacandida.com\/?page_id=2566"},"modified":"2024-07-09T10:04:52","modified_gmt":"2024-07-09T10:04:52","slug":"cv-anna-tamayo-escalera","status":"publish","type":"page","link":"https:\/\/ciacandida.com\/ca\/cv-anna-tamayo-escalera\/","title":{"rendered":"Anna Tamayo Escalera"},"content":{"rendered":"<div data-elementor-type=\"wp-page\" data-elementor-id=\"2566\" class=\"elementor elementor-2566\">\n\t\t\t\t\t\t\t\t\t<section class=\"elementor-section elementor-top-section elementor-element elementor-element-a2f95d9 elementor-section-height-min-height elementor-section-boxed elementor-section-height-default elementor-section-items-middle\" data-id=\"a2f95d9\" data-element_type=\"section\" data-settings=\"{&quot;background_background&quot;:&quot;classic&quot;}\">\n\t\t\t\t\t\t\t<div class=\"elementor-background-overlay\"><\/div>\n\t\t\t\t\t\t\t<div class=\"elementor-container elementor-column-gap-default\">\n\t\t\t\t\t<div class=\"elementor-column elementor-col-100 elementor-top-column elementor-element elementor-element-3f78370\" data-id=\"3f78370\" data-element_type=\"column\">\n\t\t\t<div class=\"elementor-widget-wrap elementor-element-populated\">\n\t\t\t\t\t\t\t\t<div class=\"elementor-element elementor-element-ff302cc elementor-widget elementor-widget-heading\" data-id=\"ff302cc\" data-element_type=\"widget\" data-widget_type=\"heading.default\">\n\t\t\t\t<div class=\"elementor-widget-container\">\n\t\t\t<h2 class=\"elementor-heading-title elementor-size-default\">Nosaltres<\/h2>\t\t<\/div>\n\t\t\t\t<\/div>\n\t\t\t\t\t<\/div>\n\t\t<\/div>\n\t\t\t\t\t\t\t<\/div>\n\t\t<\/section>\n\t\t\t\t<section class=\"elementor-section elementor-top-section elementor-element elementor-element-2e52d1d8 elementor-section-full_width elementor-section-content-middle elementor-section-height-default elementor-section-height-default\" data-id=\"2e52d1d8\" data-element_type=\"section\">\n\t\t\t\t\t\t<div class=\"elementor-container elementor-column-gap-no\">\n\t\t\t\t\t<div class=\"elementor-column elementor-col-50 elementor-top-column elementor-element elementor-element-58f54ba3\" data-id=\"58f54ba3\" data-element_type=\"column\">\n\t\t\t<div class=\"elementor-widget-wrap elementor-element-populated\">\n\t\t\t\t\t\t\t\t<div class=\"elementor-element elementor-element-5f0e82ee elementor-widget__width-initial elementor-widget elementor-widget-text-editor\" data-id=\"5f0e82ee\" data-element_type=\"widget\" data-widget_type=\"text-editor.default\">\n\t\t\t\t<div class=\"elementor-widget-container\">\n\t\t\t\t\t\t\t<h1>Anna Tamayo Escalera<\/h1><p>Candidata a Millor Actriu als Premis Max 2021 pel seu treball a <em>200.000 dones<\/em>.\u00a0<\/p><p>Graduada en Art Dram\u00e0tic pel Col\u00b7legi de Teatre, segueix la seva formaci\u00f3 amb Txiki Berraondo, Manuel Lillo, Nelson Valente, l&#039;Institut del Teatre, Marcet Voice Studio, Moreno Bernardi, Andrea Jim\u00e9nez, Oskar Luko a Barcelona i Guillermo Angelelli i Daniel Veronesse a Buenos Aires.<\/p><p>El 2018 funda la seva pr\u00f2pia companyia teatral, la Cia C\u00e0ndida, despr\u00e9s de crear, produir, actuar i dirigir el seu primer solo <i>C\u00e0ndida<\/i>. Co-crea <i>200.000 dones<\/i> juntament amb l'\u00c1ngela Palacios, espectacle que guanya nombrosos premis, \u00e9s seleccionat pel Barcelona Districte Cultural a la primavera de 2022 i viatja a Argentina durant febrer de 2023. Co-crea amb l'Albert Requena, l'espectacle familiar <i>Tornar a casa<\/i> que fa diverses funcions en equipaments culturals de la ciutat de Barcelona. I la darrera producci\u00f3 de la companyia <i>Mi madre en bragas<\/i>, escrita per Raquel Loscos i dirigida per Lali \u00c1lvarez, \u00e9s seleccionada per la convocat\u00f2ria d&#039;\u201cOn el teatre batega\u201d i s&#039;exhibeix a la sala Atic22 del Teatre Tantarantana. Gr\u00e0cies a l&#039;\u00e8xit de p\u00fablic, l&#039;espectacle es prorroga a la sala Baixos del Teatre Tantarantana i \u00e9s seleccionat pel Barcelona Districte Cultural per a la primavera 2024.<\/p><p>Participa com a actriu i creadora als espectacles de la Cia Casa Real fins al 2018. Realitza un parell de gires escolars en franc\u00e8s amb Teatre del Repartidor i treballa com a actriu als teatre-f\u00f2rums de <a href=\"https:\/\/nus.coop\/?lang=es\" target=\"_blank\" rel=\"noopener\"><b>Nus Cooperativa<\/b><\/a> fins al 2020.<\/p><p>A l&#039;\u00e0mbit audiovisual, participa en diversos curtmetratges i web s\u00e8ries (Big banc, Las Des). Destaca el seu treball a la s\u00e8rie de Betev\u00e9 <a href=\"https:\/\/beteve.cat\/tube-destrena\/caracter-lechuga-pilotant-el-pilot\/\" target=\"_blank\" rel=\"noopener\"><b>Car\u00e0cter Lechuga<\/b><\/a> seleccionada pel Tube d'assaig, la seva aparici\u00f3 a TV3 a l' <a href=\"https:\/\/www.youtube.com\/watch?v=nq9pdMbA6KI\" target=\"_blank\" rel=\"noopener\"><b>APM El Mundo Today 104 <\/b><\/a>i <a href=\"https:\/\/www.instagram.com\/reel\/CsvUI_mKCz9\/?utm_source=ig_web_copy_link&amp;igshid=MzRlODBiNWFlZA==\" target=\"_blank\" rel=\"noopener\"><b>Com si fos ahir.<\/b><\/a><\/p><p>A nivell pedag\u00f2gic, treballa durant anys a Artistes Pedagogs com a coordinadora i professora de teatre a secund\u00e0ria, dirigint processos creatius amb joves adolescents a diferents instituts de Barcelona. Ha participat com a professora de teatre, creadora, directora i actriu al projecte europeu de creaci\u00f3 comunit\u00e0ria <a href=\"https:\/\/www.salafenix.com\/dan-the-net\/\" target=\"_blank\" rel=\"noopener\"><b>Dan.The.Net.<\/b><\/a> i participa de la nova edici\u00f3 anomenada CREA.RE. Treballa com a professora d&#039;interpretaci\u00f3 de Diplomatura i Professional i com a directora de muntatges a Complot Esc\u00e8nic del 2020 al 2023 i dirigeix el grup de muntatge amb adults durant el curs 2022\/23 a L&#039;Aut\u00e8ntica presentant la creaci\u00f3 col\u00b7lectiva <i>Love is in the air. <\/i>Forma part de l&#039;equip del <strong>Servei d&#039;Educaci\u00f3 del Teatre Nacional de Catalunya<\/strong>, participant com a ajudant de direcci\u00f3 del projecte comunitari <em>Escoltar la bondat<\/em> (juny 2024) dirigit per Pere Borrell i com a directora del projecte que es realitzar\u00e0 durant el tercer trimestre del curs 2024\/25.<\/p><p>Actualment dirigeix el taller de teatre al centre social d&#039;inclusi\u00f3 per a la salut mental Septiclub, el grup de joves i d&#039;infantil de l&#039;Escola de Teatre Sensedrama del Casino (St. Andreu de la Barca) i \u00e9s professora d&#039;interpretaci\u00f3 per compte propi a Barcelona realitza dos cursos ideats per ella i la seva col\u00b7laboradora habitual Merc\u00e8 Alegre: <em>Entrenament actoral i muntatge teatral<\/em> i <em>Muta!Lab<\/em>.<\/p>\t\t\t\t\t\t<\/div>\n\t\t\t\t<\/div>\n\t\t\t\t\t<\/div>\n\t\t<\/div>\n\t\t\t\t<div class=\"elementor-column elementor-col-50 elementor-top-column elementor-element elementor-element-5ef5c525\" data-id=\"5ef5c525\" data-element_type=\"column\">\n\t\t\t<div class=\"elementor-widget-wrap elementor-element-populated\">\n\t\t\t\t\t\t\t\t<div class=\"elementor-element elementor-element-ef14fb3 elementor-widget elementor-widget-image\" data-id=\"ef14fb3\" data-element_type=\"widget\" data-widget_type=\"image.default\">\n\t\t\t\t<div class=\"elementor-widget-container\">\n\t\t\t\t\t\t\t\t\t\t\t\t\t\t\t<img decoding=\"async\" width=\"1920\" height=\"2560\" src=\"https:\/\/ciacandida.com\/wp-content\/uploads\/2023\/12\/Anna-Tamayo-Book0431-min-scaled.jpg\" class=\"attachment-full size-full wp-image-2060\" alt=\"\" srcset=\"https:\/\/ciacandida.com\/wp-content\/uploads\/2023\/12\/Anna-Tamayo-Book0431-min-scaled.jpg 1920w, https:\/\/ciacandida.com\/wp-content\/uploads\/2023\/12\/Anna-Tamayo-Book0431-min-1152x1536.jpg 1152w, https:\/\/ciacandida.com\/wp-content\/uploads\/2023\/12\/Anna-Tamayo-Book0431-min-1536x2048.jpg 1536w\" sizes=\"(max-width: 1920px) 100vw, 1920px\" \/>\t\t\t\t\t\t\t\t\t\t\t\t\t\t\t<\/div>\n\t\t\t\t<\/div>\n\t\t\t\t\t<\/div>\n\t\t<\/div>\n\t\t\t\t\t\t\t<\/div>\n\t\t<\/section>\n\t\t\t\t\t\t\t<\/div>","protected":false},"excerpt":{"rendered":"<p>Nosaltres Anna Tamayo Escala Candidata a Millor Actriu als Premis Max 2021 pel seu treball en 200.000 dones. Graduada en Art Dram\u00e0tic pel Col\u00b7legi de Teatre, segueix [\u2026]<\/p>","protected":false},"author":1,"featured_media":0,"parent":0,"menu_order":0,"comment_status":"closed","ping_status":"closed","template":"elementor_header_footer","meta":{"footnotes":""},"_links":{"self":[{"href":"https:\/\/ciacandida.com\/ca\/wp-json\/wp\/v2\/pages\/2566"}],"collection":[{"href":"https:\/\/ciacandida.com\/ca\/wp-json\/wp\/v2\/pages"}],"about":[{"href":"https:\/\/ciacandida.com\/ca\/wp-json\/wp\/v2\/types\/page"}],"author":[{"embeddable":true,"href":"https:\/\/ciacandida.com\/ca\/wp-json\/wp\/v2\/users\/1"}],"replies":[{"embeddable":true,"href":"https:\/\/ciacandida.com\/ca\/wp-json\/wp\/v2\/comments?post=2566"}],"version-history":[{"count":45,"href":"https:\/\/ciacandida.com\/ca\/wp-json\/wp\/v2\/pages\/2566\/revisions"}],"predecessor-version":[{"id":3216,"href":"https:\/\/ciacandida.com\/ca\/wp-json\/wp\/v2\/pages\/2566\/revisions\/3216"}],"wp:attachment":[{"href":"https:\/\/ciacandida.com\/ca\/wp-json\/wp\/v2\/media?parent=2566"}],"curies":[{"name":"wp","href":"https:\/\/api.w.org\/{rel}","templated":true}]}}