{"id":2513,"date":"2023-12-10T17:48:57","date_gmt":"2023-12-10T17:48:57","guid":{"rendered":"https:\/\/ciacandida.com\/?page_id=2513"},"modified":"2024-07-08T14:40:57","modified_gmt":"2024-07-08T14:40:57","slug":"laboratorio-de-creacion-teatral","status":"publish","type":"page","link":"https:\/\/ciacandida.com\/ca\/laboratorio-de-creacion-teatral\/","title":{"rendered":"Laboratori de creaci\u00f3 teatral"},"content":{"rendered":"<div data-elementor-type=\"wp-page\" data-elementor-id=\"2513\" class=\"elementor elementor-2513\">\n\t\t\t\t\t\t\t\t\t<section class=\"elementor-section elementor-top-section elementor-element elementor-element-7a6852ff elementor-section-height-min-height elementor-section-full_width elementor-section-height-default elementor-section-items-middle\" data-id=\"7a6852ff\" data-element_type=\"section\" data-settings=\"{&quot;background_background&quot;:&quot;classic&quot;}\">\n\t\t\t\t\t\t\t<div class=\"elementor-background-overlay\"><\/div>\n\t\t\t\t\t\t\t<div class=\"elementor-container elementor-column-gap-default\">\n\t\t\t\t\t<div class=\"elementor-column elementor-col-50 elementor-top-column elementor-element elementor-element-2ce735f6\" data-id=\"2ce735f6\" data-element_type=\"column\">\n\t\t\t<div class=\"elementor-widget-wrap elementor-element-populated\">\n\t\t\t\t\t\t\t\t<section class=\"elementor-section elementor-inner-section elementor-element elementor-element-1d634a83 elementor-section-boxed elementor-section-height-default elementor-section-height-default\" data-id=\"1d634a83\" data-element_type=\"section\">\n\t\t\t\t\t\t<div class=\"elementor-container elementor-column-gap-default\">\n\t\t\t\t\t<div class=\"elementor-column elementor-col-100 elementor-inner-column elementor-element elementor-element-12dc721b\" data-id=\"12dc721b\" data-element_type=\"column\">\n\t\t\t<div class=\"elementor-widget-wrap elementor-element-populated\">\n\t\t\t\t\t\t\t\t<div class=\"elementor-element elementor-element-6b3707b5 elementor-invisible elementor-widget elementor-widget-heading\" data-id=\"6b3707b5\" data-element_type=\"widget\" data-settings=\"{&quot;_animation&quot;:&quot;fadeIn&quot;}\" data-widget_type=\"heading.default\">\n\t\t\t\t<div class=\"elementor-widget-container\">\n\t\t\t<h1 class=\"elementor-heading-title elementor-size-small\">Laboratori de creaci\u00f3 teatral<\/h1>\t\t<\/div>\n\t\t\t\t<\/div>\n\t\t\t\t<div class=\"elementor-element elementor-element-7a450f62 elementor-invisible elementor-widget elementor-widget-text-editor\" data-id=\"7a450f62\" data-element_type=\"widget\" data-settings=\"{&quot;_animation&quot;:&quot;fadeIn&quot;,&quot;_animation_delay&quot;:200}\" data-widget_type=\"text-editor.default\">\n\t\t\t\t<div class=\"elementor-widget-container\">\n\t\t\t\t\t\t\t<p>El laboratori se centrar\u00e0 en el desenvolupament personal de cada alumne respectant-ne el proc\u00e9s individual.\u00a0<\/p>\t\t\t\t\t\t<\/div>\n\t\t\t\t<\/div>\n\t\t\t\t\t<\/div>\n\t\t<\/div>\n\t\t\t\t\t\t\t<\/div>\n\t\t<\/section>\n\t\t\t\t\t<\/div>\n\t\t<\/div>\n\t\t\t\t<div class=\"elementor-column elementor-col-50 elementor-top-column elementor-element elementor-element-157566bb elementor-hidden-phone\" data-id=\"157566bb\" data-element_type=\"column\">\n\t\t\t<div class=\"elementor-widget-wrap\">\n\t\t\t\t\t\t\t\t\t<\/div>\n\t\t<\/div>\n\t\t\t\t\t\t\t<\/div>\n\t\t<\/section>\n\t\t\t\t<section class=\"elementor-section elementor-top-section elementor-element elementor-element-23a6789e elementor-section-boxed elementor-section-height-default elementor-section-height-default\" data-id=\"23a6789e\" data-element_type=\"section\" data-settings=\"{&quot;background_background&quot;:&quot;classic&quot;}\">\n\t\t\t\t\t\t<div class=\"elementor-container elementor-column-gap-default\">\n\t\t\t\t\t<div class=\"elementor-column elementor-col-50 elementor-top-column elementor-element elementor-element-76e47362\" data-id=\"76e47362\" data-element_type=\"column\">\n\t\t\t<div class=\"elementor-widget-wrap elementor-element-populated\">\n\t\t\t\t\t\t\t\t<div class=\"elementor-element elementor-element-091b6e3 elementor-widget elementor-widget-image\" data-id=\"091b6e3\" data-element_type=\"widget\" data-widget_type=\"image.default\">\n\t\t\t\t<div class=\"elementor-widget-container\">\n\t\t\t\t\t\t\t\t\t\t\t\t\t\t\t<img decoding=\"async\" width=\"816\" height=\"788\" src=\"https:\/\/ciacandida.com\/wp-content\/uploads\/2023\/12\/Diseno-sin-titulo-2-e1702230514437.png\" class=\"attachment-full size-full wp-image-2519\" alt=\"\" \/>\t\t\t\t\t\t\t\t\t\t\t\t\t\t\t<\/div>\n\t\t\t\t<\/div>\n\t\t\t\t\t<\/div>\n\t\t<\/div>\n\t\t\t\t<div class=\"elementor-column elementor-col-50 elementor-top-column elementor-element elementor-element-2adce343\" data-id=\"2adce343\" data-element_type=\"column\">\n\t\t\t<div class=\"elementor-widget-wrap elementor-element-populated\">\n\t\t\t\t\t\t\t\t<div class=\"elementor-element elementor-element-7475abb8 elementor-widget elementor-widget-text-editor\" data-id=\"7475abb8\" data-element_type=\"widget\" data-widget_type=\"text-editor.default\">\n\t\t\t\t<div class=\"elementor-widget-container\">\n\t\t\t\t\t\t\t<p>Buscarem col\u00b7locar-nos en una disposici\u00f3 de joc constant, a cavall entre el desig i la por. Els jocs i din\u00e0miques giraran al voltant de:<\/p><ul><li><strong>PRES\u00c8NCIA ESC\u00c8NICA<\/strong> <br \/>Qu\u00e8 convoca la mirada del p\u00fablic? Qu\u00e8 transmeto jo sense necessitat de fer res?<br \/><br \/><\/li><li><strong>COS, MENT I VEU<\/strong> <br \/>La relaci\u00f3 constant entre el cos, la ment i la veu acull una multiplicitat d&#039;emocions, contradiccions, pensaments i accions que cohabiten en una escena viva.<br \/><br \/><\/li><li><strong>MENTIDA HONESTA.<\/strong> <br \/>El que passa a escena \u00e9s una ficci\u00f3, una mentida, per\u00f2 si l&#039;artifici no \u00e9s honest provocar\u00e0 la llunyania del p\u00fablic. Com em comprometo amb l&#039;escena per generar una realitat nova?<\/li><\/ul>\t\t\t\t\t\t<\/div>\n\t\t\t\t<\/div>\n\t\t\t\t<section class=\"elementor-section elementor-inner-section elementor-element elementor-element-56c0f181 elementor-section-boxed elementor-section-height-default elementor-section-height-default\" data-id=\"56c0f181\" data-element_type=\"section\">\n\t\t\t\t\t\t<div class=\"elementor-container elementor-column-gap-default\">\n\t\t\t\t\t<div class=\"elementor-column elementor-col-100 elementor-inner-column elementor-element elementor-element-458552f6\" data-id=\"458552f6\" data-element_type=\"column\">\n\t\t\t<div class=\"elementor-widget-wrap\">\n\t\t\t\t\t\t\t\t\t<\/div>\n\t\t<\/div>\n\t\t\t\t\t\t\t<\/div>\n\t\t<\/section>\n\t\t\t\t\t<\/div>\n\t\t<\/div>\n\t\t\t\t\t\t\t<\/div>\n\t\t<\/section>\n\t\t\t\t<section class=\"elementor-section elementor-top-section elementor-element elementor-element-257596fa elementor-section-height-min-height elementor-section-boxed elementor-section-height-default elementor-section-items-middle\" data-id=\"257596fa\" data-element_type=\"section\" data-settings=\"{&quot;background_background&quot;:&quot;classic&quot;}\">\n\t\t\t\t\t\t\t<div class=\"elementor-background-overlay\"><\/div>\n\t\t\t\t\t\t\t<div class=\"elementor-container elementor-column-gap-default\">\n\t\t\t\t\t<div class=\"elementor-column elementor-col-100 elementor-top-column elementor-element elementor-element-3769ca74\" data-id=\"3769ca74\" data-element_type=\"column\">\n\t\t\t<div class=\"elementor-widget-wrap elementor-element-populated\">\n\t\t\t\t\t\t\t\t<section class=\"elementor-section elementor-inner-section elementor-element elementor-element-6db4ae55 elementor-section-boxed elementor-section-height-default elementor-section-height-default\" data-id=\"6db4ae55\" data-element_type=\"section\">\n\t\t\t\t\t\t<div class=\"elementor-container elementor-column-gap-default\">\n\t\t\t\t\t<div class=\"elementor-column elementor-col-50 elementor-inner-column elementor-element elementor-element-68cf63e0\" data-id=\"68cf63e0\" data-element_type=\"column\">\n\t\t\t<div class=\"elementor-widget-wrap elementor-element-populated\">\n\t\t\t\t\t\t\t\t<div class=\"elementor-element elementor-element-33d9eb59 elementor-widget elementor-widget-heading\" data-id=\"33d9eb59\" data-element_type=\"widget\" data-widget_type=\"heading.default\">\n\t\t\t\t<div class=\"elementor-widget-container\">\n\t\t\t<h2 class=\"elementor-heading-title elementor-size-small\">Informaci\u00f3 pr\u00e0ctica sobre el laboratori de teatre<\/h2>\t\t<\/div>\n\t\t\t\t<\/div>\n\t\t\t\t<div class=\"elementor-element elementor-element-23efe8b elementor-widget elementor-widget-text-editor\" data-id=\"23efe8b\" data-element_type=\"widget\" data-widget_type=\"text-editor.default\">\n\t\t\t\t<div class=\"elementor-widget-container\">\n\t\t\t\t\t\t\t<p>Tot esperant noves dates.<\/p><p>Un cap de setmana intensiu <br \/>de 16 hores repartides entre <br \/>divendres, dissabte i diumenge.<br \/><br \/><\/p><p>M\u00c9S INFO<br \/>candida.anonima@gmail.com<\/p><p>Telf. 658 911 618<\/p>\t\t\t\t\t\t<\/div>\n\t\t\t\t<\/div>\n\t\t\t\t\t<\/div>\n\t\t<\/div>\n\t\t\t\t<div class=\"elementor-column elementor-col-50 elementor-inner-column elementor-element elementor-element-9e82fd3\" data-id=\"9e82fd3\" data-element_type=\"column\">\n\t\t\t<div class=\"elementor-widget-wrap\">\n\t\t\t\t\t\t\t\t\t<\/div>\n\t\t<\/div>\n\t\t\t\t\t\t\t<\/div>\n\t\t<\/section>\n\t\t\t\t\t<\/div>\n\t\t<\/div>\n\t\t\t\t\t\t\t<\/div>\n\t\t<\/section>\n\t\t\t\t<section class=\"elementor-section elementor-top-section elementor-element elementor-element-fc744b2 elementor-section-boxed elementor-section-height-default elementor-section-height-default\" data-id=\"fc744b2\" data-element_type=\"section\" data-settings=\"{&quot;background_background&quot;:&quot;classic&quot;}\">\n\t\t\t\t\t\t<div class=\"elementor-container elementor-column-gap-wide\">\n\t\t\t\t\t<div class=\"elementor-column elementor-col-50 elementor-top-column elementor-element elementor-element-e9626ea\" data-id=\"e9626ea\" data-element_type=\"column\">\n\t\t\t<div class=\"elementor-widget-wrap elementor-element-populated\">\n\t\t\t\t\t\t\t\t<div class=\"elementor-element elementor-element-46ac15f elementor-widget elementor-widget-text-editor\" data-id=\"46ac15f\" data-element_type=\"widget\" data-widget_type=\"text-editor.default\">\n\t\t\t\t<div class=\"elementor-widget-container\">\n\t\t\t\t\t\t\t<p>Les sessions constaran de\u2026<\/p><ol><li><strong>MEDITACI\u00d3 I AUTOCONSCI\u00c8NCIA<\/strong> <br \/>Aterrem a l&#039;aqu\u00ed i ara.\u00a0<br \/><br \/><\/li><li><strong>ESCALFAMENT<\/strong> <br \/>Posem el nostre cervell al servei del nostre savi cos.\u00a0<br \/><br \/><\/li><li><strong>ESCOLTA ACTIVA<\/strong> <br \/>Gaudim de jocs i din\u00e0miques que estimulen l&#039;escolta grupal i la intu\u00efci\u00f3 creativa.\u00a0<br \/><br \/><\/li><li><strong>IMPROVISACIONS I ESCENES<\/strong> <br \/>Assentam les bases per sortir a l&#039;escenari i deixar que l&#039;escena passi.\u00a0<\/li><\/ol><p>\u00a0<\/p><p>Culminarem el curs al juny fent una mostra a la Sala F\u00e8nix de Barcelona.<\/p>\t\t\t\t\t\t<\/div>\n\t\t\t\t<\/div>\n\t\t\t\t<section class=\"elementor-section elementor-inner-section elementor-element elementor-element-b13892a elementor-section-boxed elementor-section-height-default elementor-section-height-default\" data-id=\"b13892a\" data-element_type=\"section\">\n\t\t\t\t\t\t<div class=\"elementor-container elementor-column-gap-default\">\n\t\t\t\t\t<div class=\"elementor-column elementor-col-100 elementor-inner-column elementor-element elementor-element-f5470f5\" data-id=\"f5470f5\" data-element_type=\"column\">\n\t\t\t<div class=\"elementor-widget-wrap\">\n\t\t\t\t\t\t\t\t\t<\/div>\n\t\t<\/div>\n\t\t\t\t\t\t\t<\/div>\n\t\t<\/section>\n\t\t\t\t\t<\/div>\n\t\t<\/div>\n\t\t\t\t<div class=\"elementor-column elementor-col-50 elementor-top-column elementor-element elementor-element-b13a33f\" data-id=\"b13a33f\" data-element_type=\"column\">\n\t\t\t<div class=\"elementor-widget-wrap elementor-element-populated\">\n\t\t\t\t\t\t\t\t<div class=\"elementor-element elementor-element-0a80a68 elementor-widget elementor-widget-image\" data-id=\"0a80a68\" data-element_type=\"widget\" data-widget_type=\"image.default\">\n\t\t\t\t<div class=\"elementor-widget-container\">\n\t\t\t\t\t\t\t\t\t\t\t\t\t\t\t<img decoding=\"async\" width=\"1080\" height=\"1920\" src=\"https:\/\/ciacandida.com\/wp-content\/uploads\/2023\/12\/retratos.png\" class=\"attachment-full size-full wp-image-2525\" alt=\"\" srcset=\"https:\/\/ciacandida.com\/wp-content\/uploads\/2023\/12\/retratos.png 1080w, https:\/\/ciacandida.com\/wp-content\/uploads\/2023\/12\/retratos-864x1536.png 864w\" sizes=\"(max-width: 1080px) 100vw, 1080px\" \/>\t\t\t\t\t\t\t\t\t\t\t\t\t\t\t<\/div>\n\t\t\t\t<\/div>\n\t\t\t\t\t<\/div>\n\t\t<\/div>\n\t\t\t\t\t\t\t<\/div>\n\t\t<\/section>\n\t\t\t\t<section class=\"elementor-section elementor-top-section elementor-element elementor-element-26fd0a06 elementor-section-content-middle elementor-section-boxed elementor-section-height-default elementor-section-height-default\" data-id=\"26fd0a06\" data-element_type=\"section\">\n\t\t\t\t\t\t<div class=\"elementor-container elementor-column-gap-no\">\n\t\t\t\t\t<div class=\"elementor-column elementor-col-50 elementor-top-column elementor-element elementor-element-3f7ad186\" data-id=\"3f7ad186\" data-element_type=\"column\">\n\t\t\t<div class=\"elementor-widget-wrap elementor-element-populated\">\n\t\t\t\t\t\t\t\t<div class=\"elementor-element elementor-element-797eb346 elementor-widget elementor-widget-image\" data-id=\"797eb346\" data-element_type=\"widget\" data-widget_type=\"image.default\">\n\t\t\t\t<div class=\"elementor-widget-container\">\n\t\t\t\t\t\t\t\t\t\t\t\t\t\t\t<img decoding=\"async\" src=\"https:\/\/ciacandida.com\/wp-content\/uploads\/2023\/12\/IMG_20230716_231759-scaled.jpg\" title=\"IMG_20230716_231759\" alt=\"IMG_20230716_231759\" loading=\"lazy\" \/>\t\t\t\t\t\t\t\t\t\t\t\t\t\t\t<\/div>\n\t\t\t\t<\/div>\n\t\t\t\t\t<\/div>\n\t\t<\/div>\n\t\t\t\t<div class=\"elementor-column elementor-col-50 elementor-top-column elementor-element elementor-element-2c1507a5\" data-id=\"2c1507a5\" data-element_type=\"column\">\n\t\t\t<div class=\"elementor-widget-wrap elementor-element-populated\">\n\t\t\t\t\t\t\t\t<div class=\"elementor-element elementor-element-1c77996c elementor-widget elementor-widget-heading\" data-id=\"1c77996c\" data-element_type=\"widget\" data-widget_type=\"heading.default\">\n\t\t\t\t<div class=\"elementor-widget-container\">\n\t\t\t<h4 class=\"elementor-heading-title elementor-size-default\">Per qu\u00e8?<\/h4>\t\t<\/div>\n\t\t\t\t<\/div>\n\t\t\t\t<div class=\"elementor-element elementor-element-3db583cc elementor-widget elementor-widget-text-editor\" data-id=\"3db583cc\" data-element_type=\"widget\" data-widget_type=\"text-editor.default\">\n\t\t\t\t<div class=\"elementor-widget-container\">\n\t\t\t\t\t\t\t<p>Despr\u00e9s d'uns quants anys creant amb la companyia i fent classes d'interpretaci\u00f3 a diferents escoles, he descobert que l'intercanvi energ\u00e8tic entre cossos creatius em fascina. No nom\u00e9s aix\u00f2, sin\u00f3 que tinc la convicci\u00f3 ferma que l'art, l'expansi\u00f3 de l'artista intern, ens connecta amb el m\u00f3n de tal manera que l'empatia es multiplica i l'amor neix.<\/p><p>Tot el que passa forma part de l&#039;acte creatiu, el judici queda en un segon pla i la relaci\u00f3 amb l&#039;altre i l&#039;espai es converteix en un possible dispositiu esc\u00e8nic.<\/p><p>\u00a0<\/p>\t\t\t\t\t\t<\/div>\n\t\t\t\t<\/div>\n\t\t\t\t<div class=\"elementor-element elementor-element-9f70623 elementor-widget elementor-widget-heading\" data-id=\"9f70623\" data-element_type=\"widget\" data-widget_type=\"heading.default\">\n\t\t\t\t<div class=\"elementor-widget-container\">\n\t\t\t<h4 class=\"elementor-heading-title elementor-size-default\">L&#039;artesania<\/h4>\t\t<\/div>\n\t\t\t\t<\/div>\n\t\t\t\t<div class=\"elementor-element elementor-element-3cb26e6 elementor-widget elementor-widget-text-editor\" data-id=\"3cb26e6\" data-element_type=\"widget\" data-widget_type=\"text-editor.default\">\n\t\t\t\t<div class=\"elementor-widget-container\">\n\t\t\t\t\t\t\t<p><span style=\"color: var( --e-global-color-secondary );\">Com a actriu, he anat emmagatzemant diferents t\u00e8cniques i trucs que m'han perm\u00e8s sostenir i amplificar l'energia en escena. \u00c9s el que anomeno artesania perqu\u00e8 considero que \u00e9s un terme que defineix la interpretaci\u00f3, treballant detall a detall l'escena, el personatge, la respiraci\u00f3, el cos, la intenci\u00f3. Un cop la intu\u00efci\u00f3 obre el cam\u00ed, generant un dispositiu que funciona, em dedico en cos i \u00e0nima a aterrar el que li passa al personatge en el meu cos, per arribar aix\u00ed al que anomenem \u201cveritat esc\u00e8nica\u201d o \u201cmentida honesta\u201d.<\/span><\/p>\t\t\t\t\t\t<\/div>\n\t\t\t\t<\/div>\n\t\t\t\t\t<\/div>\n\t\t<\/div>\n\t\t\t\t\t\t\t<\/div>\n\t\t<\/section>\n\t\t\t\t\t\t\t<\/div>","protected":false},"excerpt":{"rendered":"<p>Laboratori de creaci\u00f3 teatral El laboratori se centrar\u00e0 en el desenvolupament personal de cada alumne respectant-ne el proc\u00e9s individual. Buscarem col\u00b7locar-nos en una disposici\u00f3 de joc constant, a cavall entre [\u2026]<\/p>","protected":false},"author":1,"featured_media":1757,"parent":0,"menu_order":0,"comment_status":"closed","ping_status":"closed","template":"elementor_header_footer","meta":{"footnotes":""},"_links":{"self":[{"href":"https:\/\/ciacandida.com\/ca\/wp-json\/wp\/v2\/pages\/2513"}],"collection":[{"href":"https:\/\/ciacandida.com\/ca\/wp-json\/wp\/v2\/pages"}],"about":[{"href":"https:\/\/ciacandida.com\/ca\/wp-json\/wp\/v2\/types\/page"}],"author":[{"embeddable":true,"href":"https:\/\/ciacandida.com\/ca\/wp-json\/wp\/v2\/users\/1"}],"replies":[{"embeddable":true,"href":"https:\/\/ciacandida.com\/ca\/wp-json\/wp\/v2\/comments?post=2513"}],"version-history":[{"count":18,"href":"https:\/\/ciacandida.com\/ca\/wp-json\/wp\/v2\/pages\/2513\/revisions"}],"predecessor-version":[{"id":3176,"href":"https:\/\/ciacandida.com\/ca\/wp-json\/wp\/v2\/pages\/2513\/revisions\/3176"}],"wp:featuredmedia":[{"embeddable":true,"href":"https:\/\/ciacandida.com\/ca\/wp-json\/wp\/v2\/media\/1757"}],"wp:attachment":[{"href":"https:\/\/ciacandida.com\/ca\/wp-json\/wp\/v2\/media?parent=2513"}],"curies":[{"name":"wp","href":"https:\/\/api.w.org\/{rel}","templated":true}]}}