{"id":2482,"date":"2023-12-10T16:18:53","date_gmt":"2023-12-10T16:18:53","guid":{"rendered":"https:\/\/ciacandida.com\/?page_id=2482"},"modified":"2026-01-11T18:25:07","modified_gmt":"2026-01-11T18:25:07","slug":"entrenamiento-actoral-y-montaje-teatral","status":"publish","type":"page","link":"https:\/\/ciacandida.com\/ca\/entrenamiento-actoral-y-montaje-teatral\/","title":{"rendered":"Entrenament actoral i muntatge teatral"},"content":{"rendered":"<div data-elementor-type=\"wp-page\" data-elementor-id=\"2482\" class=\"elementor elementor-2482\">\n\t\t\t\t\t\t\t\t\t<section class=\"elementor-section elementor-top-section elementor-element elementor-element-7a6852ff elementor-section-height-min-height elementor-section-full_width elementor-section-height-default elementor-section-items-middle\" data-id=\"7a6852ff\" data-element_type=\"section\" data-settings=\"{&quot;background_background&quot;:&quot;classic&quot;}\">\n\t\t\t\t\t\t\t<div class=\"elementor-background-overlay\"><\/div>\n\t\t\t\t\t\t\t<div class=\"elementor-container elementor-column-gap-default\">\n\t\t\t\t\t<div class=\"elementor-column elementor-col-50 elementor-top-column elementor-element elementor-element-2ce735f6\" data-id=\"2ce735f6\" data-element_type=\"column\">\n\t\t\t<div class=\"elementor-widget-wrap elementor-element-populated\">\n\t\t\t\t\t\t\t\t<section class=\"elementor-section elementor-inner-section elementor-element elementor-element-1d634a83 elementor-section-boxed elementor-section-height-default elementor-section-height-default\" data-id=\"1d634a83\" data-element_type=\"section\">\n\t\t\t\t\t\t<div class=\"elementor-container elementor-column-gap-default\">\n\t\t\t\t\t<div class=\"elementor-column elementor-col-100 elementor-inner-column elementor-element elementor-element-12dc721b\" data-id=\"12dc721b\" data-element_type=\"column\">\n\t\t\t<div class=\"elementor-widget-wrap elementor-element-populated\">\n\t\t\t\t\t\t\t\t<div class=\"elementor-element elementor-element-6b3707b5 elementor-invisible elementor-widget elementor-widget-heading\" data-id=\"6b3707b5\" data-element_type=\"widget\" data-settings=\"{&quot;_animation&quot;:&quot;fadeIn&quot;}\" data-widget_type=\"heading.default\">\n\t\t\t\t<div class=\"elementor-widget-container\">\n\t\t\t<h1 class=\"elementor-heading-title elementor-size-small\">Entrenament actoral i muntatge teatral<\/h1>\t\t<\/div>\n\t\t\t\t<\/div>\n\t\t\t\t<div class=\"elementor-element elementor-element-7a450f62 elementor-invisible elementor-widget elementor-widget-text-editor\" data-id=\"7a450f62\" data-element_type=\"widget\" data-settings=\"{&quot;_animation&quot;:&quot;fadeIn&quot;,&quot;_animation_delay&quot;:200}\" data-widget_type=\"text-editor.default\">\n\t\t\t\t<div class=\"elementor-widget-container\">\n\t\t\t\t\t\t\t<p>L'entrenament es centrar\u00e0 en el desenvolupament personal de cada alumne respectant-ne el proc\u00e9s individual.\u00a0<\/p>\t\t\t\t\t\t<\/div>\n\t\t\t\t<\/div>\n\t\t\t\t\t<\/div>\n\t\t<\/div>\n\t\t\t\t\t\t\t<\/div>\n\t\t<\/section>\n\t\t\t\t\t<\/div>\n\t\t<\/div>\n\t\t\t\t<div class=\"elementor-column elementor-col-50 elementor-top-column elementor-element elementor-element-157566bb elementor-hidden-phone\" data-id=\"157566bb\" data-element_type=\"column\">\n\t\t\t<div class=\"elementor-widget-wrap\">\n\t\t\t\t\t\t\t\t\t<\/div>\n\t\t<\/div>\n\t\t\t\t\t\t\t<\/div>\n\t\t<\/section>\n\t\t\t\t<section class=\"elementor-section elementor-top-section elementor-element elementor-element-23a6789e elementor-section-boxed elementor-section-height-default elementor-section-height-default\" data-id=\"23a6789e\" data-element_type=\"section\" data-settings=\"{&quot;background_background&quot;:&quot;classic&quot;}\">\n\t\t\t\t\t\t<div class=\"elementor-container elementor-column-gap-default\">\n\t\t\t\t\t<div class=\"elementor-column elementor-col-50 elementor-top-column elementor-element elementor-element-76e47362\" data-id=\"76e47362\" data-element_type=\"column\">\n\t\t\t<div class=\"elementor-widget-wrap elementor-element-populated\">\n\t\t\t\t\t\t\t\t<div class=\"elementor-element elementor-element-091b6e3 elementor-widget__width-initial elementor-widget elementor-widget-image\" data-id=\"091b6e3\" data-element_type=\"widget\" data-widget_type=\"image.default\">\n\t\t\t\t<div class=\"elementor-widget-container\">\n\t\t\t\t\t\t\t\t\t\t\t\t\t\t\t<img decoding=\"async\" width=\"1707\" height=\"2560\" src=\"https:\/\/ciacandida.com\/wp-content\/uploads\/2024\/06\/IMG_2577-scaled.jpg\" class=\"attachment-full size-full wp-image-3046\" alt=\"\" srcset=\"https:\/\/ciacandida.com\/wp-content\/uploads\/2024\/06\/IMG_2577-scaled.jpg 1707w, https:\/\/ciacandida.com\/wp-content\/uploads\/2024\/06\/IMG_2577-1024x1536.jpg 1024w, https:\/\/ciacandida.com\/wp-content\/uploads\/2024\/06\/IMG_2577-1365x2048.jpg 1365w\" sizes=\"(max-width: 1707px) 100vw, 1707px\" \/>\t\t\t\t\t\t\t\t\t\t\t\t\t\t\t<\/div>\n\t\t\t\t<\/div>\n\t\t\t\t<div class=\"elementor-element elementor-element-c6c53f4 elementor-align-center elementor-widget elementor-widget-button\" data-id=\"c6c53f4\" data-element_type=\"widget\" data-widget_type=\"button.default\">\n\t\t\t\t<div class=\"elementor-widget-container\">\n\t\t\t\t\t<div class=\"elementor-button-wrapper\">\n\t\t\t<a class=\"elementor-button elementor-button-link elementor-size-sm\" href=\"https:\/\/forms.gle\/iaR9tX92b386ZX8z5\" target=\"_blank\" rel=\"noopener\">\n\t\t\t\t\t\t<span class=\"elementor-button-content-wrapper\">\n\t\t\t\t\t\t<span class=\"elementor-button-text\">Inscripcions obertes Grup 2025\/26<\/span>\n\t\t<\/span>\n\t\t\t\t\t<\/a>\n\t\t<\/div>\n\t\t\t\t<\/div>\n\t\t\t\t<\/div>\n\t\t\t\t\t<\/div>\n\t\t<\/div>\n\t\t\t\t<div class=\"elementor-column elementor-col-50 elementor-top-column elementor-element elementor-element-2adce343\" data-id=\"2adce343\" data-element_type=\"column\">\n\t\t\t<div class=\"elementor-widget-wrap elementor-element-populated\">\n\t\t\t\t\t\t\t\t<div class=\"elementor-element elementor-element-7475abb8 elementor-widget__width-initial elementor-widget elementor-widget-text-editor\" data-id=\"7475abb8\" data-element_type=\"widget\" data-widget_type=\"text-editor.default\">\n\t\t\t\t<div class=\"elementor-widget-container\">\n\t\t\t\t\t\t\t<p style=\"text-align: center;\"><em>Busquem col\u00b7locar-nos en una disposici\u00f3 de <strong>joc constant<\/strong>, a cavall entre el<strong> desig <\/strong>i la<strong> por<\/strong>.\u00a0<br \/><br \/><\/em><\/p><ul><li><strong>PRES\u00c8NCIA ESC\u00c8NICA.\u00a0<\/strong>Qu\u00e8 convoca la mirada del p\u00fablic?<br \/><br \/><\/li><li><strong>COS, MENT I VEU. <\/strong>Com refor\u00e7ar la relaci\u00f3 constant entre el cos, la ment i la veu perqu\u00e8 el viatge emocional sigui m\u00e9s ric i m\u00e9s directe al cor de l&#039;espectador?<br \/><br \/><\/li><li><strong>MENTIDA HONESTA. <\/strong>Quin nivell de comprom\u00eds necessito a escena per generar una nova realitat?<\/li><\/ul>\t\t\t\t\t\t<\/div>\n\t\t\t\t<\/div>\n\t\t\t\t\t<\/div>\n\t\t<\/div>\n\t\t\t\t\t\t\t<\/div>\n\t\t<\/section>\n\t\t\t\t<section class=\"elementor-section elementor-top-section elementor-element elementor-element-257596fa elementor-section-height-min-height elementor-section-boxed elementor-section-height-default elementor-section-items-middle\" data-id=\"257596fa\" data-element_type=\"section\" data-settings=\"{&quot;background_background&quot;:&quot;classic&quot;}\">\n\t\t\t\t\t\t\t<div class=\"elementor-background-overlay\"><\/div>\n\t\t\t\t\t\t\t<div class=\"elementor-container elementor-column-gap-default\">\n\t\t\t\t\t<div class=\"elementor-column elementor-col-100 elementor-top-column elementor-element elementor-element-3769ca74\" data-id=\"3769ca74\" data-element_type=\"column\">\n\t\t\t<div class=\"elementor-widget-wrap elementor-element-populated\">\n\t\t\t\t\t\t\t\t<section class=\"elementor-section elementor-inner-section elementor-element elementor-element-6db4ae55 elementor-section-boxed elementor-section-height-default elementor-section-height-default\" data-id=\"6db4ae55\" data-element_type=\"section\">\n\t\t\t\t\t\t<div class=\"elementor-container elementor-column-gap-default\">\n\t\t\t\t\t<div class=\"elementor-column elementor-col-50 elementor-inner-column elementor-element elementor-element-68cf63e0\" data-id=\"68cf63e0\" data-element_type=\"column\">\n\t\t\t<div class=\"elementor-widget-wrap elementor-element-populated\">\n\t\t\t\t\t\t\t\t<div class=\"elementor-element elementor-element-33d9eb59 elementor-widget elementor-widget-heading\" data-id=\"33d9eb59\" data-element_type=\"widget\" data-widget_type=\"heading.default\">\n\t\t\t\t<div class=\"elementor-widget-container\">\n\t\t\t<h2 class=\"elementor-heading-title elementor-size-default\">Informaci\u00f3 pr\u00e0ctica<\/h2>\t\t<\/div>\n\t\t\t\t<\/div>\n\t\t\t\t<div class=\"elementor-element elementor-element-23efe8b elementor-widget elementor-widget-text-editor\" data-id=\"23efe8b\" data-element_type=\"widget\" data-widget_type=\"text-editor.default\">\n\t\t\t\t<div class=\"elementor-widget-container\">\n\t\t\t\t\t\t\t<p><strong>D&#039;OCTUBRE AL JUNY<\/strong><\/p>\n<p><strong>Dimarts de 19h30 a 22h00<br><\/strong><span style=\"font-weight: bolder;\">Dimecres de 19h00 a 22h00<\/span>&nbsp;<\/p>\n<p><strong>LLOC: <span style=\"text-decoration: underline;\"><span style=\"color: #3366ff; text-decoration: underline;\"><a style=\"color: #3366ff; text-decoration: underline;\" href=\"https:\/\/www.google.com\/maps\/place\/Sala+siconi\/@41.4066698,2.1748921,17z\/data=!3m1!4b1!4m6!3m5!1s0x12a4a3a64b2ed4df:0x95402191ba686b6c!8m2!3d41.4066698!4d2.1748921!16s%2Fg%2F11fqsyt07q?entry=ttu\" target=\"_blank\" rel=\"noopener\">Sala Siconi<\/a><\/span><\/span><\/strong><br><strong>PREU: 80\u20ac\/mes<\/strong><\/p>\n<p><strong>M\u00c9S INFO <\/strong><br><strong>candida.anonima@gmail.com\/ 658 911 618<\/strong><\/p>\t\t\t\t\t\t<\/div>\n\t\t\t\t<\/div>\n\t\t\t\t<div class=\"elementor-element elementor-element-37d929c elementor-widget elementor-widget-button\" data-id=\"37d929c\" data-element_type=\"widget\" data-widget_type=\"button.default\">\n\t\t\t\t<div class=\"elementor-widget-container\">\n\t\t\t\t\t<div class=\"elementor-button-wrapper\">\n\t\t\t<a class=\"elementor-button elementor-button-link elementor-size-sm\" href=\"https:\/\/forms.gle\/iaR9tX92b386ZX8z5\" target=\"_blank\" rel=\"noopener\">\n\t\t\t\t\t\t<span class=\"elementor-button-content-wrapper\">\n\t\t\t\t\t\t<span class=\"elementor-button-text\">INSCRIU-TE AQU\u00cd<\/span>\n\t\t<\/span>\n\t\t\t\t\t<\/a>\n\t\t<\/div>\n\t\t\t\t<\/div>\n\t\t\t\t<\/div>\n\t\t\t\t\t<\/div>\n\t\t<\/div>\n\t\t\t\t<div class=\"elementor-column elementor-col-50 elementor-inner-column elementor-element elementor-element-9e82fd3\" data-id=\"9e82fd3\" data-element_type=\"column\">\n\t\t\t<div class=\"elementor-widget-wrap\">\n\t\t\t\t\t\t\t\t\t<\/div>\n\t\t<\/div>\n\t\t\t\t\t\t\t<\/div>\n\t\t<\/section>\n\t\t\t\t\t<\/div>\n\t\t<\/div>\n\t\t\t\t\t\t\t<\/div>\n\t\t<\/section>\n\t\t\t\t<section class=\"elementor-section elementor-top-section elementor-element elementor-element-fc744b2 elementor-section-boxed elementor-section-height-default elementor-section-height-default\" data-id=\"fc744b2\" data-element_type=\"section\" data-settings=\"{&quot;background_background&quot;:&quot;classic&quot;}\">\n\t\t\t\t\t\t<div class=\"elementor-container elementor-column-gap-wide\">\n\t\t\t\t\t<div class=\"elementor-column elementor-col-50 elementor-top-column elementor-element elementor-element-e9626ea\" data-id=\"e9626ea\" data-element_type=\"column\">\n\t\t\t<div class=\"elementor-widget-wrap elementor-element-populated\">\n\t\t\t\t\t\t\t\t<div class=\"elementor-element elementor-element-46ac15f elementor-widget__width-initial elementor-widget elementor-widget-text-editor\" data-id=\"46ac15f\" data-element_type=\"widget\" data-widget_type=\"text-editor.default\">\n\t\t\t\t<div class=\"elementor-widget-container\">\n\t\t\t\t\t\t\t<p style=\"text-align: center;\"><em>\u201cNosaltres no sentim les paraules com a tals sin\u00f3 all\u00f2 que \u00e9s inherent a elles.\u201d<\/em>\u00a0<strong>Uta Hagen.<\/strong><\/p><ul><li><span style=\"text-decoration: underline;\"><strong>Primer trimestre<\/strong><\/span><\/li><li>Connexi\u00f3 amb el desig de joc, la intu\u00efci\u00f3 i la creativitat.<\/li><li>T\u00e8cnica f\u00edsica i vocal necess\u00e0ria per habitar lescenari.\u00a0<\/li><li>Cos relaxat i pres\u00e8ncia esc\u00e8nica: cont\u00ednuament en contacte amb el present.\u00a0<\/li><li>Entrenament d'escolta activa, escoltem amb tot el cos.\u00a0<\/li><li>Treball d&#039;improvisacions: <em>Quines condicions necessita una escena per convocar la mirada del p\u00fablic?\u00a0<\/em><\/li><li>Treball textual: mon\u00f2legs i\/o escenes.<\/li><li>Classe oberta a final del trimestre: <em>Com tot all\u00f2 que he treballat s'aterra en el meu cos i en el meu \u00e9sser tenint un p\u00fablic davant?\u00a0<br \/><br \/><\/em><\/li><li><b><span style=\"text-decoration: underline;\">Segon trimestre<\/span><br \/><\/b><\/li><li>Elecci\u00f3 de lobra de teatre que volem treballar.\u00a0<\/li><li>Treball de taula i an\u00e0lisi intel\u00b7lectual necessari abans d&#039;entrar a assaigs.<\/li><li>Treball de personatges a tots nivells: f\u00edsic, mental, instintiu i espiritual.\u00a0<\/li><li>Teoria del treball de personatges segons la t\u00e8cnica d&#039;Uta Hagen.<\/li><li>Entrenament actoral (autoconsci\u00e8ncia, escolta, veu, direcci\u00f3, intenci\u00f3, pres\u00e8ncia).<\/li><li>Laboratori creatiu per descobrir les relacions i el recorregut emocional de cada personatge: m\u00e9s enll\u00e0 del que digui el text, entra en joc la intu\u00efci\u00f3 de les int\u00e8rprets.<br \/><br \/><\/li><li><span style=\"text-decoration: underline;\"><strong>Tercer trimestre<\/strong><\/span><\/li><li>Entrenament actoral (autoconsci\u00e8ncia, escolta, veu, direcci\u00f3, intenci\u00f3, pres\u00e8ncia).<\/li><li>Assajos professionals per al muntatge de la pe\u00e7a final: aterrant al cos els instints, objectius i necessitats del personatge i entrella\u00e7ant-los amb el desig de joc, la intu\u00efci\u00f3 i la creativitat de l&#039;int\u00e8rpret. Posant la passi\u00f3 al servei de la hist\u00f2ria, honrant les emocions de les persones que encarno.<\/li><li>Decisions de vestuari, atrezzo i escenografia.<\/li><li>Presentaci\u00f3 al juny a la <span style=\"text-decoration: underline; color: #0000ff;\"><strong><a style=\"color: #0000ff; text-decoration: underline;\" href=\"https:\/\/www.salafenix.com\/\" target=\"_blank\" rel=\"noopener\">Sala F\u00e8nix<\/a><\/strong><\/span> de Barcelona.<br \/><br \/><\/li><\/ul><p style=\"text-align: center;\">Totes les sessions constaran de les parts seg\u00fcents:<strong><br \/>MEDITACI\u00d3 I AUTOCONSCI\u00c8NCIA<br \/><\/strong><strong>ESCALFAMENT F\u00cdSIC<br \/><\/strong><strong>ESCOLTA ACTIVA<br \/><\/strong><strong>IMPROVISACIONS I ESCENES<br \/><br \/><\/strong><\/p><p style=\"text-align: left;\"><span style=\"text-decoration: underline;\">Bibliografia b\u00e0sica:<\/span> \u201cL&#039;actor i la diana\u201d, Declan Donellan; Un repte per a l&#039;actor, Uta Hagen; \u201cZen a l&#039;art del tir amb arc\u201d, Eugen Herrigel. Moltes de les t\u00e8cniques actorals que es proposen surten del <span style=\"text-decoration: underline; color: #0000ff;\"><strong><a style=\"color: #0000ff; text-decoration: underline;\" href=\"https:\/\/www.instagram.com\/marcet_studio\/\" target=\"_blank\" rel=\"noopener\">Marcet Voice Studio<\/a><\/strong><\/span>.<\/p>\t\t\t\t\t\t<\/div>\n\t\t\t\t<\/div>\n\t\t\t\t\t<\/div>\n\t\t<\/div>\n\t\t\t\t<div class=\"elementor-column elementor-col-50 elementor-top-column elementor-element elementor-element-b13a33f\" data-id=\"b13a33f\" data-element_type=\"column\">\n\t\t\t<div class=\"elementor-widget-wrap elementor-element-populated\">\n\t\t\t\t\t\t\t\t<div class=\"elementor-element elementor-element-0a80a68 elementor-widget elementor-widget-image\" data-id=\"0a80a68\" data-element_type=\"widget\" data-widget_type=\"image.default\">\n\t\t\t\t<div class=\"elementor-widget-container\">\n\t\t\t\t\t\t\t\t\t\t\t\t\t\t\t<img decoding=\"async\" width=\"2560\" height=\"1707\" src=\"https:\/\/ciacandida.com\/wp-content\/uploads\/2024\/08\/POSSIBLE1-scaled.jpg\" class=\"attachment-full size-full wp-image-3345\" alt=\"\" srcset=\"https:\/\/ciacandida.com\/wp-content\/uploads\/2024\/08\/POSSIBLE1-scaled.jpg 2560w, https:\/\/ciacandida.com\/wp-content\/uploads\/2024\/08\/POSSIBLE1-1536x1024.jpg 1536w, https:\/\/ciacandida.com\/wp-content\/uploads\/2024\/08\/POSSIBLE1-2048x1365.jpg 2048w, https:\/\/ciacandida.com\/wp-content\/uploads\/2024\/08\/POSSIBLE1-18x12.jpg 18w\" sizes=\"(max-width: 2560px) 100vw, 2560px\" \/>\t\t\t\t\t\t\t\t\t\t\t\t\t\t\t<\/div>\n\t\t\t\t<\/div>\n\t\t\t\t<div class=\"elementor-element elementor-element-6675fee elementor-widget elementor-widget-image\" data-id=\"6675fee\" data-element_type=\"widget\" data-widget_type=\"image.default\">\n\t\t\t\t<div class=\"elementor-widget-container\">\n\t\t\t\t\t\t\t\t\t\t\t\t\t\t\t<img decoding=\"async\" width=\"2560\" height=\"2534\" src=\"https:\/\/ciacandida.com\/wp-content\/uploads\/2024\/08\/Copia-web-1-scaled.jpg\" class=\"attachment-full size-full wp-image-3342\" alt=\"\" srcset=\"https:\/\/ciacandida.com\/wp-content\/uploads\/2024\/08\/Copia-web-1-scaled.jpg 2560w, https:\/\/ciacandida.com\/wp-content\/uploads\/2024\/08\/Copia-web-1-1536x1520.jpg 1536w, https:\/\/ciacandida.com\/wp-content\/uploads\/2024\/08\/Copia-web-1-2048x2027.jpg 2048w, https:\/\/ciacandida.com\/wp-content\/uploads\/2024\/08\/Copia-web-1-12x12.jpg 12w\" sizes=\"(max-width: 2560px) 100vw, 2560px\" \/>\t\t\t\t\t\t\t\t\t\t\t\t\t\t\t<\/div>\n\t\t\t\t<\/div>\n\t\t\t\t<div class=\"elementor-element elementor-element-d70f454 elementor-widget elementor-widget-image\" data-id=\"d70f454\" data-element_type=\"widget\" data-widget_type=\"image.default\">\n\t\t\t\t<div class=\"elementor-widget-container\">\n\t\t\t\t\t\t\t\t\t\t\t\t\t\t\t<img decoding=\"async\" width=\"2560\" height=\"1707\" src=\"https:\/\/ciacandida.com\/wp-content\/uploads\/2024\/08\/copia-web-2-scaled.jpg\" class=\"attachment-full size-full wp-image-3343\" alt=\"\" srcset=\"https:\/\/ciacandida.com\/wp-content\/uploads\/2024\/08\/copia-web-2-scaled.jpg 2560w, https:\/\/ciacandida.com\/wp-content\/uploads\/2024\/08\/copia-web-2-1536x1024.jpg 1536w, https:\/\/ciacandida.com\/wp-content\/uploads\/2024\/08\/copia-web-2-2048x1365.jpg 2048w, https:\/\/ciacandida.com\/wp-content\/uploads\/2024\/08\/copia-web-2-18x12.jpg 18w\" sizes=\"(max-width: 2560px) 100vw, 2560px\" \/>\t\t\t\t\t\t\t\t\t\t\t\t\t\t\t<\/div>\n\t\t\t\t<\/div>\n\t\t\t\t<div class=\"elementor-element elementor-element-f4092b8 elementor-widget elementor-widget-image\" data-id=\"f4092b8\" data-element_type=\"widget\" data-widget_type=\"image.default\">\n\t\t\t\t<div class=\"elementor-widget-container\">\n\t\t\t\t\t\t\t\t\t\t\t\t\t\t\t<img decoding=\"async\" width=\"2560\" height=\"1707\" src=\"https:\/\/ciacandida.com\/wp-content\/uploads\/2024\/06\/IMG_2636-scaled.jpg\" class=\"attachment-full size-full wp-image-3064\" alt=\"\" srcset=\"https:\/\/ciacandida.com\/wp-content\/uploads\/2024\/06\/IMG_2636-scaled.jpg 2560w, https:\/\/ciacandida.com\/wp-content\/uploads\/2024\/06\/IMG_2636-1536x1024.jpg 1536w, https:\/\/ciacandida.com\/wp-content\/uploads\/2024\/06\/IMG_2636-2048x1365.jpg 2048w\" sizes=\"(max-width: 2560px) 100vw, 2560px\" \/>\t\t\t\t\t\t\t\t\t\t\t\t\t\t\t<\/div>\n\t\t\t\t<\/div>\n\t\t\t\t<div class=\"elementor-element elementor-element-b7ba0da elementor-widget elementor-widget-image\" data-id=\"b7ba0da\" data-element_type=\"widget\" data-widget_type=\"image.default\">\n\t\t\t\t<div class=\"elementor-widget-container\">\n\t\t\t\t\t\t\t\t\t\t\t\t\t\t\t<img decoding=\"async\" width=\"1890\" height=\"1676\" src=\"https:\/\/ciacandida.com\/wp-content\/uploads\/2024\/06\/IMG_2553-scaled-e1721585013477.jpg\" class=\"attachment-full size-full wp-image-3042\" alt=\"\" srcset=\"https:\/\/ciacandida.com\/wp-content\/uploads\/2024\/06\/IMG_2553-scaled-e1721585013477.jpg 1890w, https:\/\/ciacandida.com\/wp-content\/uploads\/2024\/06\/IMG_2553-scaled-e1721585013477-1536x1362.jpg 1536w, https:\/\/ciacandida.com\/wp-content\/uploads\/2024\/06\/IMG_2553-scaled-e1721585013477-14x12.jpg 14w\" sizes=\"(max-width: 1890px) 100vw, 1890px\" \/>\t\t\t\t\t\t\t\t\t\t\t\t\t\t\t<\/div>\n\t\t\t\t<\/div>\n\t\t\t\t\t<\/div>\n\t\t<\/div>\n\t\t\t\t\t\t\t<\/div>\n\t\t<\/section>\n\t\t\t\t<section class=\"elementor-section elementor-top-section elementor-element elementor-element-26fd0a06 elementor-section-content-middle elementor-section-boxed elementor-section-height-default elementor-section-height-default\" data-id=\"26fd0a06\" data-element_type=\"section\">\n\t\t\t\t\t\t<div class=\"elementor-container elementor-column-gap-no\">\n\t\t\t\t\t<div class=\"elementor-column elementor-col-50 elementor-top-column elementor-element elementor-element-3f7ad186\" data-id=\"3f7ad186\" data-element_type=\"column\">\n\t\t\t<div class=\"elementor-widget-wrap elementor-element-populated\">\n\t\t\t\t\t\t\t\t<div class=\"elementor-element elementor-element-797eb346 elementor-widget elementor-widget-image\" data-id=\"797eb346\" data-element_type=\"widget\" data-widget_type=\"image.default\">\n\t\t\t\t<div class=\"elementor-widget-container\">\n\t\t\t\t\t\t\t\t\t\t\t\t\t\t\t<img decoding=\"async\" src=\"https:\/\/ciacandida.com\/wp-content\/uploads\/2023\/12\/IMG_20230716_231759-scaled.jpg\" title=\"IMG_20230716_231759\" alt=\"IMG_20230716_231759\" loading=\"lazy\" \/>\t\t\t\t\t\t\t\t\t\t\t\t\t\t\t<\/div>\n\t\t\t\t<\/div>\n\t\t\t\t\t<\/div>\n\t\t<\/div>\n\t\t\t\t<div class=\"elementor-column elementor-col-50 elementor-top-column elementor-element elementor-element-2c1507a5\" data-id=\"2c1507a5\" data-element_type=\"column\">\n\t\t\t<div class=\"elementor-widget-wrap elementor-element-populated\">\n\t\t\t\t\t\t\t\t<div class=\"elementor-element elementor-element-1c77996c elementor-widget elementor-widget-heading\" data-id=\"1c77996c\" data-element_type=\"widget\" data-widget_type=\"heading.default\">\n\t\t\t\t<div class=\"elementor-widget-container\">\n\t\t\t<h4 class=\"elementor-heading-title elementor-size-default\">Per qu\u00e8?<\/h4>\t\t<\/div>\n\t\t\t\t<\/div>\n\t\t\t\t<div class=\"elementor-element elementor-element-3db583cc elementor-widget__width-initial elementor-widget elementor-widget-text-editor\" data-id=\"3db583cc\" data-element_type=\"widget\" data-widget_type=\"text-editor.default\">\n\t\t\t\t<div class=\"elementor-widget-container\">\n\t\t\t\t\t\t\t<p>Despr\u00e9s d'uns quants anys creant amb la companyia i fent classes d'interpretaci\u00f3 a diferents escoles, he descobert que l'intercanvi energ\u00e8tic entre cossos creatius em fascina. No nom\u00e9s aix\u00f2, sin\u00f3 que tinc la convicci\u00f3 ferma que l'art, l'expansi\u00f3 de l'artista intern, ens connecta amb el m\u00f3n de tal manera que l'empatia es multiplica i l'amor neix.<\/p><p>Tot el que passa forma part de l&#039;acte creatiu, el judici queda en un segon pla i la relaci\u00f3 amb l&#039;altre i l&#039;espai es converteix en un possible dispositiu esc\u00e8nic.<\/p><p>\u00a0<\/p>\t\t\t\t\t\t<\/div>\n\t\t\t\t<\/div>\n\t\t\t\t<div class=\"elementor-element elementor-element-9f70623 elementor-widget elementor-widget-heading\" data-id=\"9f70623\" data-element_type=\"widget\" data-widget_type=\"heading.default\">\n\t\t\t\t<div class=\"elementor-widget-container\">\n\t\t\t<h4 class=\"elementor-heading-title elementor-size-default\">L&#039;artesania<\/h4>\t\t<\/div>\n\t\t\t\t<\/div>\n\t\t\t\t<div class=\"elementor-element elementor-element-3cb26e6 elementor-widget elementor-widget-text-editor\" data-id=\"3cb26e6\" data-element_type=\"widget\" data-widget_type=\"text-editor.default\">\n\t\t\t\t<div class=\"elementor-widget-container\">\n\t\t\t\t\t\t\t<p><span style=\"color: var( --e-global-color-secondary );\">Com a actriu, he anat emmagatzemant diferents t\u00e8cniques i trucs que m&#039;han perm\u00e8s sostenir i amplificar l&#039;energia en escena. En dic artesania perqu\u00e8 considero que defineix molt b\u00e9 l&#039;ofici de l&#039;int\u00e8rpret treballant detall a detall l&#039;escena, el personatge, la respiraci\u00f3, el cos, la intenci\u00f3. Un cop la intu\u00efci\u00f3 obre el cam\u00ed, generant un dispositiu que funciona, em dedico en cos i \u00e0nima a aterrar el que li passa al personatge al meu cos, per arribar aix\u00ed al que anomenem \u201cveritat esc\u00e8nica\u201d o \u201cmentida honesta\u201d.<\/span><\/p>\t\t\t\t\t\t<\/div>\n\t\t\t\t<\/div>\n\t\t\t\t\t<\/div>\n\t\t<\/div>\n\t\t\t\t\t\t\t<\/div>\n\t\t<\/section>\n\t\t\t\t\t\t\t<\/div>","protected":false},"excerpt":{"rendered":"<p>Entrenament actoral i muntatge teatral L&#039;entrenament se centrar\u00e0 en el desenvolupament personal de cada alumne respectant-ne el proc\u00e9s individual. Inscripcions obertes Grup 2025\/26 Busquem col\u00b7locar-nos en una disposici\u00f3 de [\u2026]<\/p>","protected":false},"author":1,"featured_media":1757,"parent":0,"menu_order":0,"comment_status":"closed","ping_status":"closed","template":"elementor_header_footer","meta":{"footnotes":""},"_links":{"self":[{"href":"https:\/\/ciacandida.com\/ca\/wp-json\/wp\/v2\/pages\/2482"}],"collection":[{"href":"https:\/\/ciacandida.com\/ca\/wp-json\/wp\/v2\/pages"}],"about":[{"href":"https:\/\/ciacandida.com\/ca\/wp-json\/wp\/v2\/types\/page"}],"author":[{"embeddable":true,"href":"https:\/\/ciacandida.com\/ca\/wp-json\/wp\/v2\/users\/1"}],"replies":[{"embeddable":true,"href":"https:\/\/ciacandida.com\/ca\/wp-json\/wp\/v2\/comments?post=2482"}],"version-history":[{"count":113,"href":"https:\/\/ciacandida.com\/ca\/wp-json\/wp\/v2\/pages\/2482\/revisions"}],"predecessor-version":[{"id":3674,"href":"https:\/\/ciacandida.com\/ca\/wp-json\/wp\/v2\/pages\/2482\/revisions\/3674"}],"wp:featuredmedia":[{"embeddable":true,"href":"https:\/\/ciacandida.com\/ca\/wp-json\/wp\/v2\/media\/1757"}],"wp:attachment":[{"href":"https:\/\/ciacandida.com\/ca\/wp-json\/wp\/v2\/media?parent=2482"}],"curies":[{"name":"wp","href":"https:\/\/api.w.org\/{rel}","templated":true}]}}